{"id":3039,"date":"2023-11-16T22:30:40","date_gmt":"2023-11-17T04:30:40","guid":{"rendered":"https:\/\/mofamilytofamily.org\/acerca-de\/quienes-somos\/"},"modified":"2026-03-16T17:02:42","modified_gmt":"2026-03-16T22:02:42","slug":"quienes-somos","status":"publish","type":"page","link":"https:\/\/mofamilytofamily.org\/es\/acerca-de\/quienes-somos\/","title":{"rendered":"Qui\u00e9nes somos"},"content":{"rendered":"<p>[et_pb_section fb_built=\u00bb1&#8243; custom_padding_last_edited=\u00bbon|phone\u00bb module_id=\u00bbimagen-h\u00e9roe\u00bb _builder_version=\u00bb4.24.0&#8243; _module_preset=\u00bbdefault\u00bb background_image=\u00bbhttps:\/\/mofamilytofamily.org\/wp-content\/uploads\/2024\/02\/4-1-e1708544606130.png\u00bb background_position=\u00bbtop_center\u00bb custom_padding=\u00bb100px|20px|100px|20px|true|true\u00bb custom_padding_tablet=\u00bb70px||70px||true|true\u00bb custom_padding_phone=\u00bb20px||20px||true|true\u00bb background_last_edited=\u00bbon|phone\u00bb locked=\u00bboff\u00bb global_colors_info=\u00bb{}\u00bb][et_pb_row use_custom_gutter=\u00bbon\u00bb gutter_width=\u00bb1&#8243; make_equal=\u00bbon\u00bb module_class=\u00bbinternal-hero\u00bb _builder_version=\u00bb4.23.1&#8243; _module_preset=\u00bbdefault\u00bb width=\u00bb100%\u00bb max_width=\u00bb100%\u00bb module_alignment=\u00bbcenter\u00bb global_colors_info=\u00bb{}\u00bb custom_css_main_element_last_edited=\u00bbon|desktop\u00bb][et_pb_column type=\u00bb4_4&#8243; _builder_version=\u00bb4.23.1&#8243; _module_preset=\u00bbdefault\u00bb global_colors_info=\u00bb{}\u00bb][et_pb_code _builder_version=\u00bb4.23.1&#8243; _module_preset=\u00bbdefault\u00bb global_colors_info=\u00bb{}\u00bb]<\/p>\n<h1 style=\"text-align:center;\"><!-- [et_pb_line_break_holder] -->  <img decoding=\"async\" src=\"\/wp-content\/uploads\/2023\/11\/Who-we-are.png\" alt=\"Qui\u00e9nes somos\" style=\"max-height:150px; width:auto;\"><!-- [et_pb_line_break_holder] --><\/h1>\n<p>[\/et_pb_code][\/et_pb_column][\/et_pb_row][\/et_pb_section][et_pb_section fb_built=\u00bb1&#8243; _builder_version=\u00bb4.23.1&#8243; _module_preset=\u00bbdefault\u00bb custom_margin=\u00bb0px||0px||false|false\u00bb custom_padding=\u00bb|40px||40px|false|true\u00bb global_colors_info=\u00bb{}\u00bb][et_pb_row _builder_version=\u00bb4.23.1&#8243; _module_preset=\u00bbdefault\u00bb custom_margin=\u00bb0px||||false|false\u00bb custom_padding=\u00bb0px||||false|false\u00bb global_colors_info=\u00bb{}\u00bb][et_pb_column type=\u00bb4_4&#8243; _builder_version=\u00bb4.23&#8243; _module_preset=\u00bbdefault\u00bb global_colors_info=\u00bb{}\u00bb][et_pb_image src=\u00bbhttps:\/\/mofamilytofamily.org\/wp-content\/uploads\/2024\/06\/IMG_7398-e1719427097279.png\u00bb _builder_version=\u00bb4.25.2&#8243; _module_preset=\u00bbdefault\u00bb hover_enabled=\u00bb0&#8243; sticky_enabled=\u00bb0&#8243; title_text=\u00bbIMG_7398&#8243; align=\u00bbcenter\u00bb width=\u00bb50%\u00bb][\/et_pb_image][et_pb_text _builder_version=\u00bb4.24.0&#8243; _module_preset=\u00bbdefault\u00bb text_text_color=\u00bb#000000&#8243; header_text_align=\u00bbcenter\u00bb header_text_color=\u00bb#2F368F\u00bb text_orientation_tablet=\u00bbleft\u00bb text_orientation_phone=\u00bbleft\u00bb text_orientation_last_edited=\u00bboff|phone\u00bb global_colors_info=\u00bb{}\u00bb]<\/p>\n<div>Nuestro personal de Missouri Family to Family ha vivido la experiencia y las conexiones personales con la discapacidad como individuos, padres, hermanos y c\u00f3nyuges. Sabemos c\u00f3mo ayudar, porque hemos pasado por ello. Hemos recibido formaci\u00f3n adicional para ponerte en contacto con los recursos que necesitas y guiarte a trav\u00e9s de sistemas complejos.  <\/div>\n<p>[\/et_pb_text][et_pb_text _builder_version=\u00bb4.24.2&#8243; _module_preset=\u00bbdefault\u00bb text_text_color=\u00bb#000000&#8243; header_text_align=\u00bbcenter\u00bb header_text_color=\u00bb#2F368F\u00bb text_orientation_tablet=\u00bbleft\u00bb text_orientation_phone=\u00bbleft\u00bb text_orientation_last_edited=\u00bboff|phone\u00bb global_colors_info=\u00bb{}\u00bb]<\/p>\n<div>Aunque el equipo central de Familia a Familia de Misuri, formado por personal y asesores, vive y trabaja en todo el estado, nuestra oficina se encuentra en Kansas City, en la UMKC. Junto con nuestra red de voluntarios, financiadores y socios, nuestro equipo est\u00e1 profundamente comprometido a ayudar a las familias a recibir la informaci\u00f3n que necesitan para tomar decisiones informadas y planificar su buena vida. <\/div>\n<p>[\/et_pb_text][\/et_pb_column][\/et_pb_row][et_pb_row _builder_version=\u00bb4.23.1&#8243; _module_preset=\u00bbdefault\u00bb custom_margin=\u00bb||0px||false|false\u00bb custom_padding=\u00bb||0px||false|false\u00bb global_colors_info=\u00bb{}\u00bb][et_pb_column type=\u00bb4_4&#8243; _builder_version=\u00bb4.23&#8243; _module_preset=\u00bbdefault\u00bb global_colors_info=\u00bb{}\u00bb][et_pb_text _builder_version=\u00bb4.23.1&#8243; _module_preset=\u00bbdefault\u00bb text_text_color=\u00bb#000000&#8243; header_text_align=\u00bbcenter\u00bb header_text_color=\u00bb#2F368F\u00bb text_orientation=\u00bbcenter\u00bb text_orientation_tablet=\u00bbcenter\u00bb text_orientation_phone=\u00bbleft\u00bb text_orientation_last_edited=\u00bbon|phone\u00bb global_colors_info=\u00bb{}\u00bb]<\/p>\n<h3>Nuestro personal<\/h3>\n<ul><\/ul>\n<p>[\/et_pb_text][\/et_pb_column][\/et_pb_row][et_pb_row column_structure=\u00bb1_3,1_3,1_3&#8243; _builder_version=\u00bb4.24.0&#8243; _module_preset=\u00bbdefault\u00bb width=\u00bb100%\u00bb module_alignment=\u00bbcenter\u00bb custom_margin=\u00bb||0px||false|false\u00bb custom_padding=\u00bb||0px||false|false\u00bb hover_enabled=\u00bb0&#8243; locked=\u00bboff\u00bb global_colors_info=\u00bb{}\u00bb sticky_enabled=\u00bb0&#8243;][et_pb_column type=\u00bb1_3&#8243; _builder_version=\u00bb4.24.0&#8243; _module_preset=\u00bbdefault\u00bb global_colors_info=\u00bb{}\u00bb][dsm_flipbox flipbox_height=\u00bb300px\u00bb _builder_version=\u00bb4.24.0&#8243; _module_preset=\u00bbdefault\u00bb width=\u00bb300px\u00bb module_alignment=\u00bbcenter\u00bb custom_margin=\u00bb0px|0px|0px|0px|true|true\u00bb custom_padding=\u00bb0px|0px|0px|0px|true|true\u00bb hover_enabled=\u00bb0&#8243; custom_css_free_form=\u00bbselector h3.dsm-title.et_pb_module_header {||  line-height:1.4;||}||||selector span.dsm-subtitle {||  line-height:1.4;||}\u00bb global_colors_info=\u00bb{}\u00bb sticky_enabled=\u00bb0&#8243;][dsm_flipbox_child alt=\u00bbColette Cox\u00bb button_url_new_window=\u00bb1&#8243; _builder_version=\u00bb4.25.2&#8243; _module_preset=\u00bbdefault\u00bb header_level=\u00bbh3&#8243; header_text_align=\u00bbcenter\u00bb header_line_height=\u00bb1.3em\u00bb subhead_text_align=\u00bbcenter\u00bb subhead_line_height=\u00bb1em\u00bb background_color=\u00bb#FFFFFF\u00bb background_enable_color=\u00bbon\u00bb background_image=\u00bbhttps:\/\/mofamilytofamily.org\/wp-content\/uploads\/2024\/06\/IMG_7382.png\u00bb background_enable_image=\u00bbon\u00bb module_alignment=\u00bbcenter\u00bb custom_padding=\u00bb0px|0px|0px|0px|true|true\u00bb hover_enabled=\u00bb0&#8243; border_color_all=\u00bb#A2CC3E\u00bb global_colors_info=\u00bb{}\u00bb parent_header_level=\u00bbh4&#8243; sticky_enabled=\u00bb0&#8243; title_text=\u00bbIMG_7382&#8243;][\/dsm_flipbox_child][dsm_flipbox_child title=\u00bbColette Canchola Cox\u00bb subtitle=\u00bbDirector\u00bb button_url_new_window=\u00bb1&#8243; _builder_version=\u00bb4.24.0&#8243; _module_preset=\u00bbdefault\u00bb header_level=\u00bbh3&#8243; header_text_align=\u00bbcenter\u00bb header_text_color=\u00bb#FFFFFF\u00bb header_line_height=\u00bb1.3em\u00bb content_text_color=\u00bb#FFFFFF\u00bb subhead_text_align=\u00bbcenter\u00bb subhead_text_color=\u00bb#FFFFFF\u00bb subhead_line_height=\u00bb1em\u00bb background_color=\u00bb#A2CC3E\u00bb background_enable_color=\u00bbon\u00bb custom_padding=\u00bb80px|20px|80px|20px|true|true\u00bb hover_enabled=\u00bb0&#8243; border_color_all=\u00bb#A2CC3E\u00bb global_colors_info=\u00bb{}\u00bb parent_header_level=\u00bbh4&#8243; sticky_enabled=\u00bb0&#8243;][\/dsm_flipbox_child][\/dsm_flipbox][\/et_pb_column][et_pb_column type=\u00bb1_3&#8243; _builder_version=\u00bb4.24.0&#8243; _module_preset=\u00bbdefault\u00bb global_colors_info=\u00bb{}\u00bb][dsm_flipbox flipbox_height=\u00bb300px\u00bb _builder_version=\u00bb4.25.2&#8243; _module_preset=\u00bbdefault\u00bb width=\u00bb300px\u00bb module_alignment=\u00bbcenter\u00bb custom_margin=\u00bb0px|0px|0px|0px|true|true\u00bb custom_padding=\u00bb0px|0px|0px|0px|true|true\u00bb custom_css_free_form=\u00bbselector h3.dsm-title.et_pb_module_header {||  line-height:1.4;||}||||selector span.dsm-subtitle {||  line-height:1.4;||}\u00bb global_colors_info=\u00bb{}\u00bb][dsm_flipbox_child alt=\u00bbFavicon de Familia a Familia de Missouri\u00bb button_url_new_window=\u00bb1&#8243; _builder_version=\u00bb4.25.2&#8243; _module_preset=\u00bbdefault\u00bb header_level=\u00bbh3&#8243; header_text_align=\u00bbcenter\u00bb header_line_height=\u00bb1.3em\u00bb subhead_text_align=\u00bbcenter\u00bb subhead_line_height=\u00bb1em\u00bb background_color=\u00bb#FFFFFF\u00bb background_enable_color=\u00bbon\u00bb background_image=\u00bbhttps:\/\/mofamilytofamily.org\/wp-content\/uploads\/2024\/06\/IMG_7379-1.png\u00bb background_enable_image=\u00bbon\u00bb module_alignment=\u00bbcenter\u00bb custom_padding=\u00bb0px|0px|0px|0px|true|true\u00bb hover_enabled=\u00bb0&#8243; border_color_all=\u00bb#A2CC3E\u00bb global_colors_info=\u00bb{}\u00bb parent_header_level=\u00bbh4&#8243; sticky_enabled=\u00bb0&#8243; title_text=\u00bbIMG_7379&#8243;][\/dsm_flipbox_child][dsm_flipbox_child title=\u00bbDoshon Hunley\u00bb subtitle=\u00bbNavegador\u00bb button_url_new_window=\u00bb1&#8243; _builder_version=\u00bb4.24.0&#8243; _module_preset=\u00bbdefault\u00bb header_level=\u00bbh3&#8243; header_text_align=\u00bbcenter\u00bb header_text_color=\u00bb#FFFFFF\u00bb header_line_height=\u00bb1.3em\u00bb content_text_color=\u00bb#FFFFFF\u00bb subhead_text_align=\u00bbcenter\u00bb subhead_text_color=\u00bb#FFFFFF\u00bb subhead_line_height=\u00bb1em\u00bb background_color=\u00bb#1C85C7&#8243; background_enable_color=\u00bbon\u00bb custom_padding=\u00bb80px|20px|80px|20px|true|true\u00bb border_color_all=\u00bb#A2CC3E\u00bb global_colors_info=\u00bb{}\u00bb parent_header_level=\u00bbh4&#8243;][\/dsm_flipbox_child][\/dsm_flipbox][\/et_pb_column][et_pb_column type=\u00bb1_3&#8243; _builder_version=\u00bb4.24.0&#8243; _module_preset=\u00bbdefault\u00bb global_colors_info=\u00bb{}\u00bb][dsm_flipbox flipbox_height=\u00bb300px\u00bb _builder_version=\u00bb4.25.2&#8243; _module_preset=\u00bbdefault\u00bb width=\u00bb300px\u00bb module_alignment=\u00bbcenter\u00bb custom_margin=\u00bb0px|0px|0px|0px|true|true\u00bb custom_padding=\u00bb0px|0px|0px|0px|true|true\u00bb hover_enabled=\u00bb0&#8243; custom_css_free_form=\u00bbselector h3.dsm-title.et_pb_module_header {||  line-height:1.4;||}||||selector span.dsm-subtitle {||  line-height:1.4;||}\u00bb global_colors_info=\u00bb{}\u00bb sticky_enabled=\u00bb0&#8243;][dsm_flipbox_child alt=\u00bbBekka Mathews\u00bb button_url_new_window=\u00bb1&#8243; _builder_version=\u00bb4.25.2&#8243; _module_preset=\u00bbdefault\u00bb header_level=\u00bbh3&#8243; header_text_align=\u00bbcenter\u00bb header_line_height=\u00bb1.3em\u00bb subhead_text_align=\u00bbcenter\u00bb subhead_line_height=\u00bb1em\u00bb background_color=\u00bb#FFFFFF\u00bb background_enable_color=\u00bbon\u00bb background_image=\u00bbhttps:\/\/mofamilytofamily.org\/wp-content\/uploads\/2024\/06\/IMG_7390.png\u00bb background_enable_image=\u00bbon\u00bb module_alignment=\u00bbcenter\u00bb custom_padding=\u00bb0px|0px|0px|0px|true|true\u00bb hover_enabled=\u00bb0&#8243; border_color_all=\u00bb#A2CC3E\u00bb global_colors_info=\u00bb{}\u00bb parent_header_level=\u00bbh4&#8243; title_text=\u00bbIMG_7390&#8243; sticky_enabled=\u00bb0&#8243;][\/dsm_flipbox_child][dsm_flipbox_child title=\u00bbBekka Matthews\u00bb subtitle=\u00bbNavegador\u00bb button_url_new_window=\u00bb1&#8243; _builder_version=\u00bb4.24.3&#8243; _module_preset=\u00bbdefault\u00bb header_level=\u00bbh3&#8243; header_text_align=\u00bbcenter\u00bb header_text_color=\u00bb#FFFFFF\u00bb header_line_height=\u00bb1.3em\u00bb content_text_color=\u00bb#FFFFFF\u00bb subhead_text_align=\u00bbcenter\u00bb subhead_text_color=\u00bb#FFFFFF\u00bb subhead_line_height=\u00bb1em\u00bb background_color=\u00bb#F9A121&#8243; background_enable_color=\u00bbon\u00bb custom_padding=\u00bb80px|20px|80px|20px|true|true\u00bb border_color_all=\u00bb#A2CC3E\u00bb global_colors_info=\u00bb{}\u00bb parent_header_level=\u00bbh4&#8243;][\/dsm_flipbox_child][\/dsm_flipbox][\/et_pb_column][\/et_pb_row][et_pb_row column_structure=\u00bb1_2,1_2&#8243; _builder_version=\u00bb4.24.0&#8243; _module_preset=\u00bbdefault\u00bb width_tablet=\u00bb100%\u00bb width_phone=\u00bb100%\u00bb width_last_edited=\u00bbon|phone\u00bb max_width=\u00bb840px\u00bb module_alignment=\u00bbcenter\u00bb locked=\u00bboff\u00bb global_colors_info=\u00bb{}\u00bb][et_pb_column type=\u00bb1_2&#8243; _builder_version=\u00bb4.24.0&#8243; _module_preset=\u00bbdefault\u00bb global_colors_info=\u00bb{}\u00bb][dsm_flipbox flipbox_height=\u00bb300px\u00bb _builder_version=\u00bb4.25.2&#8243; _module_preset=\u00bbdefault\u00bb width=\u00bb300px\u00bb module_alignment=\u00bbcenter\u00bb custom_margin=\u00bb0px|0px|0px|0px|true|true\u00bb custom_padding=\u00bb0px|0px|0px|0px|true|true\u00bb hover_enabled=\u00bb0&#8243; custom_css_free_form=\u00bbselector h3.dsm-title.et_pb_module_header {||  line-height:1.4;||}||||selector span.dsm-subtitle {||  line-height:1.4;||}\u00bb global_colors_info=\u00bb{}\u00bb sticky_enabled=\u00bb0&#8243;][dsm_flipbox_child alt=\u00bbFavicon de Familia a Familia de Missouri\u00bb button_url_new_window=\u00bb1&#8243; _builder_version=\u00bb4.25.2&#8243; _module_preset=\u00bbdefault\u00bb header_level=\u00bbh3&#8243; header_text_align=\u00bbcenter\u00bb header_line_height=\u00bb1.3em\u00bb subhead_text_align=\u00bbcenter\u00bb subhead_line_height=\u00bb1em\u00bb background_color=\u00bb#FFFFFF\u00bb background_enable_color=\u00bbon\u00bb background_image=\u00bbhttps:\/\/mofamilytofamily.org\/wp-content\/uploads\/2024\/06\/IMG_7321-copy.png\u00bb background_enable_image=\u00bbon\u00bb module_alignment=\u00bbcenter\u00bb custom_padding=\u00bb0px|0px|0px|0px|true|true\u00bb hover_enabled=\u00bb0&#8243; border_color_all=\u00bb#A2CC3E\u00bb global_colors_info=\u00bb{}\u00bb parent_header_level=\u00bbh4&#8243; sticky_enabled=\u00bb0&#8243; title_text=\u00bbIMG_7321 copy\u00bb][\/dsm_flipbox_child][dsm_flipbox_child title=\u00bbHeather Crowley\u00bb subtitle=\u00bbCoordinadora de Comunicaci\u00f3n y Divulgaci\u00f3n\u00bb button_url_new_window=\u00bb1&#8243; _builder_version=\u00bb4.24.0&#8243; _module_preset=\u00bbdefault\u00bb header_level=\u00bbh3&#8243; header_text_align=\u00bbcenter\u00bb header_text_color=\u00bb#FFFFFF\u00bb header_line_height=\u00bb1.3em\u00bb content_text_color=\u00bb#FFFFFF\u00bb subhead_text_align=\u00bbcenter\u00bb subhead_text_color=\u00bb#FFFFFF\u00bb subhead_line_height=\u00bb1em\u00bb background_color=\u00bb#EB1765&#8243; background_enable_color=\u00bbon\u00bb custom_padding=\u00bb80px|20px|80px|20px|true|true\u00bb border_color_all=\u00bb#A2CC3E\u00bb global_colors_info=\u00bb{}\u00bb parent_header_level=\u00bbh4&#8243;][\/dsm_flipbox_child][\/dsm_flipbox][\/et_pb_column][et_pb_column type=\u00bb1_2&#8243; _builder_version=\u00bb4.24.0&#8243; _module_preset=\u00bbdefault\u00bb global_colors_info=\u00bb{}\u00bb][dsm_flipbox flipbox_height=\u00bb300px\u00bb _builder_version=\u00bb4.24.0&#8243; _module_preset=\u00bbdefault\u00bb width=\u00bb300px\u00bb module_alignment=\u00bbcenter\u00bb custom_margin=\u00bb0px|0px|0px|0px|true|true\u00bb custom_padding=\u00bb0px|0px|0px|0px|true|true\u00bb custom_css_free_form=\u00bbselector h3.dsm-title.et_pb_module_header {||  line-height:1.4;||}||||selector span.dsm-subtitle {||  line-height:1.4;||}\u00bb global_colors_info=\u00bb{}\u00bb][dsm_flipbox_child alt=\u00bbFavicon de Familia a Familia de Missouri\u00bb button_url_new_window=\u00bb1&#8243; _builder_version=\u00bb4.23.1&#8243; _module_preset=\u00bbdefault\u00bb header_level=\u00bbh3&#8243; header_text_align=\u00bbcenter\u00bb header_line_height=\u00bb1.3em\u00bb subhead_text_align=\u00bbcenter\u00bb subhead_line_height=\u00bb1em\u00bb background_color=\u00bb#FFFFFF\u00bb background_enable_color=\u00bbon\u00bb background_image=\u00bbhttps:\/\/mofamilytofamily.org\/wp-content\/uploads\/2023\/11\/Favicon.png\u00bb background_enable_image=\u00bbon\u00bb module_alignment=\u00bbcenter\u00bb custom_padding=\u00bb0px|0px|0px|0px|true|true\u00bb border_color_all=\u00bb#A2CC3E\u00bb global_colors_info=\u00bb{}\u00bb parent_header_level=\u00bbh4&#8243;][\/dsm_flipbox_child][dsm_flipbox_child title=\u00bbJulie Quick\u00bb subtitle=\u00bbConsultor\u00bb button_url_new_window=\u00bb1&#8243; _builder_version=\u00bb4.24.0&#8243; _module_preset=\u00bbdefault\u00bb header_level=\u00bbh3&#8243; header_text_align=\u00bbcenter\u00bb header_text_color=\u00bb#FFFFFF\u00bb header_line_height=\u00bb1.3em\u00bb content_text_color=\u00bb#FFFFFF\u00bb subhead_text_align=\u00bbcenter\u00bb subhead_text_color=\u00bb#FFFFFF\u00bb subhead_line_height=\u00bb1em\u00bb background_color=\u00bb#2F368F\u00bb background_enable_color=\u00bbon\u00bb custom_padding=\u00bb80px|20px|80px|20px|true|true\u00bb border_color_all=\u00bb#A2CC3E\u00bb global_colors_info=\u00bb{}\u00bb parent_header_level=\u00bbh4&#8243;][\/dsm_flipbox_child][\/dsm_flipbox][\/et_pb_column][\/et_pb_row][\/et_pb_section]<\/p>\n","protected":false},"excerpt":{"rendered":"<p>Nuestro personal de Missouri Family to Family ha vivido la experiencia y las conexiones personales con la discapacidad como individuos, padres, hermanos y c\u00f3nyuges. Sabemos c\u00f3mo ayudar, porque hemos pasado por ello. Hemos recibido formaci\u00f3n adicional para ponerte en contacto con los recursos que necesitas y guiarte a trav\u00e9s de sistemas complejos. Aunque el equipo [&hellip;]<\/p>\n","protected":false},"author":1,"featured_media":0,"parent":2967,"menu_order":0,"comment_status":"closed","ping_status":"closed","template":"","meta":{"_et_pb_use_builder":"on","_et_pb_old_content":"","_et_gb_content_width":"","footnotes":""},"class_list":["post-3039","page","type-page","status-publish","hentry"],"yoast_head":"<!-- This site is optimized with the Yoast SEO plugin v27.3 - https:\/\/yoast.com\/product\/yoast-seo-wordpress\/ -->\n<title>Qui\u00e9nes somos - Missouri Family to Family<\/title>\n<meta name=\"robots\" content=\"index, follow, max-snippet:-1, max-image-preview:large, max-video-preview:-1\" \/>\n<link rel=\"canonical\" href=\"https:\/\/mofamilytofamily.org\/es\/acerca-de\/quienes-somos\/\" \/>\n<meta property=\"og:locale\" content=\"es_ES\" \/>\n<meta property=\"og:type\" content=\"article\" \/>\n<meta property=\"og:title\" content=\"Qui\u00e9nes somos - Missouri Family to Family\" \/>\n<meta property=\"og:description\" content=\"Nuestro personal de Missouri Family to Family ha vivido la experiencia y las conexiones personales con la discapacidad como individuos, padres, hermanos y c\u00f3nyuges. Sabemos c\u00f3mo ayudar, porque hemos pasado por ello. Hemos recibido formaci\u00f3n adicional para ponerte en contacto con los recursos que necesitas y guiarte a trav\u00e9s de sistemas complejos. Aunque el equipo [&hellip;]\" \/>\n<meta property=\"og:url\" content=\"https:\/\/mofamilytofamily.org\/es\/acerca-de\/quienes-somos\/\" \/>\n<meta property=\"og:site_name\" content=\"Missouri Family to Family\" \/>\n<meta property=\"article:modified_time\" content=\"2026-03-16T22:02:42+00:00\" \/>\n<meta name=\"twitter:card\" content=\"summary_large_image\" \/>\n<meta name=\"twitter:label1\" content=\"Tiempo de lectura\" \/>\n\t<meta name=\"twitter:data1\" content=\"9 minutos\" \/>\n<script type=\"application\/ld+json\" class=\"yoast-schema-graph\">{\"@context\":\"https:\\\/\\\/schema.org\",\"@graph\":[{\"@type\":\"WebPage\",\"@id\":\"https:\\\/\\\/mofamilytofamily.org\\\/es\\\/acerca-de\\\/quienes-somos\\\/\",\"url\":\"https:\\\/\\\/mofamilytofamily.org\\\/es\\\/acerca-de\\\/quienes-somos\\\/\",\"name\":\"Qui\u00e9nes somos - Missouri Family to Family\",\"isPartOf\":{\"@id\":\"https:\\\/\\\/mofamilytofamily.org\\\/es\\\/#website\"},\"datePublished\":\"2023-11-17T04:30:40+00:00\",\"dateModified\":\"2026-03-16T22:02:42+00:00\",\"breadcrumb\":{\"@id\":\"https:\\\/\\\/mofamilytofamily.org\\\/es\\\/acerca-de\\\/quienes-somos\\\/#breadcrumb\"},\"inLanguage\":\"es\",\"potentialAction\":[{\"@type\":\"ReadAction\",\"target\":[\"https:\\\/\\\/mofamilytofamily.org\\\/es\\\/acerca-de\\\/quienes-somos\\\/\"]}]},{\"@type\":\"BreadcrumbList\",\"@id\":\"https:\\\/\\\/mofamilytofamily.org\\\/es\\\/acerca-de\\\/quienes-somos\\\/#breadcrumb\",\"itemListElement\":[{\"@type\":\"ListItem\",\"position\":1,\"name\":\"Home\",\"item\":\"https:\\\/\\\/mofamilytofamily.org\\\/es\\\/inicio\\\/\"},{\"@type\":\"ListItem\",\"position\":2,\"name\":\"Acerca de\",\"item\":\"https:\\\/\\\/mofamilytofamily.org\\\/es\\\/acerca-de\\\/\"},{\"@type\":\"ListItem\",\"position\":3,\"name\":\"Qui\u00e9nes somos\"}]},{\"@type\":\"WebSite\",\"@id\":\"https:\\\/\\\/mofamilytofamily.org\\\/es\\\/#website\",\"url\":\"https:\\\/\\\/mofamilytofamily.org\\\/es\\\/\",\"name\":\"Missouri Family to Family\",\"description\":\"Support. Empower. Engage.\",\"potentialAction\":[{\"@type\":\"SearchAction\",\"target\":{\"@type\":\"EntryPoint\",\"urlTemplate\":\"https:\\\/\\\/mofamilytofamily.org\\\/es\\\/?s={search_term_string}\"},\"query-input\":{\"@type\":\"PropertyValueSpecification\",\"valueRequired\":true,\"valueName\":\"search_term_string\"}}],\"inLanguage\":\"es\"}]}<\/script>\n<!-- \/ Yoast SEO plugin. -->","yoast_head_json":{"title":"Qui\u00e9nes somos - Missouri Family to Family","robots":{"index":"index","follow":"follow","max-snippet":"max-snippet:-1","max-image-preview":"max-image-preview:large","max-video-preview":"max-video-preview:-1"},"canonical":"https:\/\/mofamilytofamily.org\/es\/acerca-de\/quienes-somos\/","og_locale":"es_ES","og_type":"article","og_title":"Qui\u00e9nes somos - Missouri Family to Family","og_description":"Nuestro personal de Missouri Family to Family ha vivido la experiencia y las conexiones personales con la discapacidad como individuos, padres, hermanos y c\u00f3nyuges. Sabemos c\u00f3mo ayudar, porque hemos pasado por ello. Hemos recibido formaci\u00f3n adicional para ponerte en contacto con los recursos que necesitas y guiarte a trav\u00e9s de sistemas complejos. Aunque el equipo [&hellip;]","og_url":"https:\/\/mofamilytofamily.org\/es\/acerca-de\/quienes-somos\/","og_site_name":"Missouri Family to Family","article_modified_time":"2026-03-16T22:02:42+00:00","twitter_card":"summary_large_image","twitter_misc":{"Tiempo de lectura":"9 minutos"},"schema":{"@context":"https:\/\/schema.org","@graph":[{"@type":"WebPage","@id":"https:\/\/mofamilytofamily.org\/es\/acerca-de\/quienes-somos\/","url":"https:\/\/mofamilytofamily.org\/es\/acerca-de\/quienes-somos\/","name":"Qui\u00e9nes somos - Missouri Family to Family","isPartOf":{"@id":"https:\/\/mofamilytofamily.org\/es\/#website"},"datePublished":"2023-11-17T04:30:40+00:00","dateModified":"2026-03-16T22:02:42+00:00","breadcrumb":{"@id":"https:\/\/mofamilytofamily.org\/es\/acerca-de\/quienes-somos\/#breadcrumb"},"inLanguage":"es","potentialAction":[{"@type":"ReadAction","target":["https:\/\/mofamilytofamily.org\/es\/acerca-de\/quienes-somos\/"]}]},{"@type":"BreadcrumbList","@id":"https:\/\/mofamilytofamily.org\/es\/acerca-de\/quienes-somos\/#breadcrumb","itemListElement":[{"@type":"ListItem","position":1,"name":"Home","item":"https:\/\/mofamilytofamily.org\/es\/inicio\/"},{"@type":"ListItem","position":2,"name":"Acerca de","item":"https:\/\/mofamilytofamily.org\/es\/acerca-de\/"},{"@type":"ListItem","position":3,"name":"Qui\u00e9nes somos"}]},{"@type":"WebSite","@id":"https:\/\/mofamilytofamily.org\/es\/#website","url":"https:\/\/mofamilytofamily.org\/es\/","name":"Missouri Family to Family","description":"Support. Empower. Engage.","potentialAction":[{"@type":"SearchAction","target":{"@type":"EntryPoint","urlTemplate":"https:\/\/mofamilytofamily.org\/es\/?s={search_term_string}"},"query-input":{"@type":"PropertyValueSpecification","valueRequired":true,"valueName":"search_term_string"}}],"inLanguage":"es"}]}},"_links":{"self":[{"href":"https:\/\/mofamilytofamily.org\/es\/wp-json\/wp\/v2\/pages\/3039","targetHints":{"allow":["GET"]}}],"collection":[{"href":"https:\/\/mofamilytofamily.org\/es\/wp-json\/wp\/v2\/pages"}],"about":[{"href":"https:\/\/mofamilytofamily.org\/es\/wp-json\/wp\/v2\/types\/page"}],"author":[{"embeddable":true,"href":"https:\/\/mofamilytofamily.org\/es\/wp-json\/wp\/v2\/users\/1"}],"replies":[{"embeddable":true,"href":"https:\/\/mofamilytofamily.org\/es\/wp-json\/wp\/v2\/comments?post=3039"}],"version-history":[{"count":1,"href":"https:\/\/mofamilytofamily.org\/es\/wp-json\/wp\/v2\/pages\/3039\/revisions"}],"predecessor-version":[{"id":3042,"href":"https:\/\/mofamilytofamily.org\/es\/wp-json\/wp\/v2\/pages\/3039\/revisions\/3042"}],"up":[{"embeddable":true,"href":"https:\/\/mofamilytofamily.org\/es\/wp-json\/wp\/v2\/pages\/2967"}],"wp:attachment":[{"href":"https:\/\/mofamilytofamily.org\/es\/wp-json\/wp\/v2\/media?parent=3039"}],"curies":[{"name":"wp","href":"https:\/\/api.w.org\/{rel}","templated":true}]}}