{"id":3031,"date":"2023-11-03T22:43:23","date_gmt":"2023-11-04T03:43:23","guid":{"rendered":"https:\/\/mofamilytofamily.org\/inicio\/"},"modified":"2026-03-16T17:02:42","modified_gmt":"2026-03-16T22:02:42","slug":"inicio","status":"publish","type":"page","link":"https:\/\/mofamilytofamily.org\/es\/","title":{"rendered":"Inicio"},"content":{"rendered":"<p>[et_pb_section fb_built=\u00bb1&#8243; custom_padding_last_edited=\u00bbon|phone\u00bb module_id=\u00bbimagen-h\u00e9roe\u00bb _builder_version=\u00bb4.24.2&#8243; _module_preset=\u00bbdefault\u00bb background_image=\u00bbhttps:\/\/mofamilytofamily.org\/wp-content\/uploads\/2024\/03\/MOF2F_Assets-01-2.png\u00bb min_height_tablet=\u00bb\u00bb min_height_phone=\u00bb\u00bb min_height_last_edited=\u00bbon|phone\u00bb custom_padding=\u00bb180px|20px|60px|20px|false|true\u00bb custom_padding_tablet=\u00bb120px||40px||false|true\u00bb custom_padding_phone=\u00bb0px|20px|0px|20px|true|true\u00bb background_last_edited=\u00bbon|phone\u00bb background_image_tablet=\u00bbhttps:\/\/mofamilytofamily.org\/wp-content\/uploads\/2024\/03\/MOF2F_Assets-10-1.png\u00bb background_image_phone=\u00bbhttps:\/\/mofamilytofamily.org\/wp-content\/uploads\/2024\/03\/MOF2F_Assets-11.png\u00bb background_enable_image_tablet=\u00bbon\u00bb background_enable_image_phone=\u00bbon\u00bb global_colors_info=\u00bb{}\u00bb][et_pb_row column_structure=\u00bb1_3,1_3,1_3&#8243; use_custom_gutter=\u00bbon\u00bb gutter_width=\u00bb1&#8243; make_equal=\u00bbon\u00bb custom_padding_last_edited=\u00bboff|phone\u00bb module_class=\u00bbhero\u00bb _builder_version=\u00bb4.24.2&#8243; _module_preset=\u00bbdefault\u00bb width=\u00bb100%\u00bb max_width=\u00bb100%\u00bb module_alignment=\u00bbcenter\u00bb custom_margin_phone=\u00bb||||true|false\u00bb custom_margin_last_edited=\u00bboff|phone\u00bb custom_padding_phone=\u00bb||||false|false\u00bb global_colors_info=\u00bb{}\u00bb custom_css_main_element_last_edited=\u00bbon|phone\u00bb custom_css_main_element_tablet=\u00bbdisplay:flex;\u00bb custom_css_main_element_phone=\u00bbdisplay:block;\u00bb][et_pb_column type=\u00bb1_3&#8243; _builder_version=\u00bb4.24.2&#8243; _module_preset=\u00bbdefault\u00bb custom_padding=\u00bb0px||0px||true|false\u00bb custom_padding_last_edited=\u00bboff|desktop\u00bb global_colors_info=\u00bb{}\u00bb custom_padding__hover_enabled=\u00bboff|desktop\u00bb][et_pb_image src=\u00bbhttps:\/\/mofamilytofamily.org\/wp-content\/uploads\/2023\/11\/Support.png\u00bb alt=\u00bbBanner de apoyo\u00bb title_text=\u00bbAyuda\u00bb align=\u00bbright\u00bb _builder_version=\u00bb4.25.0&#8243; _module_preset=\u00bbdefault\u00bb module_alignment=\u00bbright\u00bb custom_margin=\u00bb40px|-40px|||false|false\u00bb custom_margin_tablet=\u00bb25px|-30px||0px|false|false\u00bb custom_margin_phone=\u00bb90px|0px|30px|0px|false|true\u00bb custom_margin_last_edited=\u00bbon|phone\u00bb custom_padding=\u00bb||||false|false\u00bb global_colors_info=\u00bb{}\u00bb][\/et_pb_image][\/et_pb_column][et_pb_column type=\u00bb1_3&#8243; _builder_version=\u00bb4.24.2&#8243; _module_preset=\u00bbdefault\u00bb custom_padding=\u00bb0px||0px||true|false\u00bb global_colors_info=\u00bb{}\u00bb][et_pb_image src=\u00bbhttps:\/\/mofamilytofamily.org\/wp-content\/uploads\/2023\/11\/Empower.png\u00bb alt=\u00bbBanner Empower\u00bb title_text=\u00bbPotencia\u00bb align=\u00bbcenter\u00bb _builder_version=\u00bb4.25.0&#8243; _module_preset=\u00bbdefault\u00bb module_alignment=\u00bbcenter\u00bb custom_margin=\u00bb|-20px|40px|-20px|false|false\u00bb custom_margin_tablet=\u00bb|-15px|25px|-15px|false|false\u00bb custom_margin_phone=\u00bb110px|0px|30px|0px|false|true\u00bb custom_margin_last_edited=\u00bbon|phone\u00bb global_colors_info=\u00bb{}\u00bb][\/et_pb_image][\/et_pb_column][et_pb_column type=\u00bb1_3&#8243; _builder_version=\u00bb4.24.2&#8243; _module_preset=\u00bbdefault\u00bb custom_padding=\u00bb0px||0px||true|false\u00bb global_colors_info=\u00bb{}\u00bb][et_pb_image src=\u00bbhttps:\/\/mofamilytofamily.org\/wp-content\/uploads\/2023\/11\/Engage.png\u00bb alt=\u00bbBanner de compromiso\u00bb title_text=\u00bbInvol\u00facrate\u00bb _builder_version=\u00bb4.25.0&#8243; _module_preset=\u00bbdefault\u00bb module_alignment=\u00bbleft\u00bb custom_margin=\u00bb40px|||-40px|false|false\u00bb custom_margin_tablet=\u00bb25px|0px|0px|-30px|false|false\u00bb custom_margin_phone=\u00bb90px|0px|10px|0px|false|true\u00bb custom_margin_last_edited=\u00bbon|phone\u00bb global_colors_info=\u00bb{}\u00bb][\/et_pb_image][\/et_pb_column][\/et_pb_row][\/et_pb_section][et_pb_section fb_built=\u00bb1&#8243; _builder_version=\u00bb4.24.0&#8243; _module_preset=\u00bbdefault\u00bb custom_margin=\u00bb0px||0px||false|false\u00bb custom_padding=\u00bb||||false|false\u00bb global_colors_info=\u00bb{}\u00bb][et_pb_row _builder_version=\u00bb4.23&#8243; _module_preset=\u00bbdefault\u00bb custom_margin=\u00bb0px||0px||true|false\u00bb custom_padding=\u00bb0px||0px||true|false\u00bb global_colors_info=\u00bb{}\u00bb][et_pb_column type=\u00bb4_4&#8243; _builder_version=\u00bb4.23&#8243; _module_preset=\u00bbdefault\u00bb global_colors_info=\u00bb{}\u00bb][et_pb_text _builder_version=\u00bb4.24.0&#8243; _module_preset=\u00bbdefault\u00bb header_text_align=\u00bbcenter\u00bb header_text_color=\u00bb#2F368F\u00bb header_font_size=\u00bb32px\u00bb header_font_size_tablet=\u00bb32px\u00bb header_font_size_phone=\u00bb24px\u00bb global_colors_info=\u00bb{}\u00bb]<\/p>\n<h1><span>Apoyo personalizado de personas que comprenden.<\/span><\/h1>\n<p>[\/et_pb_text][et_pb_button button_url=\u00bbhttps:\/\/umkcihd.tfaforms.net\/f\/MissouriF2F\u00bb url_new_window=\u00bbon\u00bb button_text=\u00bbContacta con nosotros\u00bb button_alignment=\u00bbcenter\u00bb _builder_version=\u00bb4.24.2&#8243; _module_preset=\u00bbdefault\u00bb custom_button=\u00bbon\u00bb button_text_size=\u00bb30px\u00bb custom_padding=\u00bb||||false|false\u00bb global_colors_info=\u00bb{}\u00bb][\/et_pb_button][\/et_pb_column][\/et_pb_row][\/et_pb_section][et_pb_section fb_built=\u00bb1&#8243; _builder_version=\u00bb4.24.0&#8243; _module_preset=\u00bbdefault\u00bb background_color=\u00bb#2F368F\u00bb custom_margin=\u00bb0px||0px||false|false\u00bb custom_padding=\u00bb||||false|false\u00bb global_colors_info=\u00bb{}\u00bb][et_pb_row _builder_version=\u00bb4.23&#8243; _module_preset=\u00bbdefault\u00bb custom_margin=\u00bb0px||0px||true|false\u00bb custom_padding=\u00bb0px||0px||true|false\u00bb global_colors_info=\u00bb{}\u00bb][et_pb_column type=\u00bb4_4&#8243; _builder_version=\u00bb4.23&#8243; _module_preset=\u00bbdefault\u00bb global_colors_info=\u00bb{}\u00bb][et_pb_text _builder_version=\u00bb4.24.2&#8243; _module_preset=\u00bbdefault\u00bb text_text_color=\u00bb#FFFFFF\u00bb header_text_align=\u00bbleft\u00bb header_text_color=\u00bb#2F368F\u00bb header_font_size=\u00bb28px\u00bb header_2_text_align=\u00bbcenter\u00bb header_2_text_color=\u00bb#FFFFFF\u00bb header_2_font_size=\u00bb40px\u00bb text_orientation=\u00bbcenter\u00bb header_font_size_tablet=\u00bb28px\u00bb header_font_size_phone=\u00bb22px\u00bb header_font_size_last_edited=\u00bbon|desktop\u00bb header_2_font_size_tablet=\u00bb36px\u00bb header_2_font_size_phone=\u00bb28px\u00bb header_2_font_size_last_edited=\u00bbon|desktop\u00bb text_orientation_tablet=\u00bbleft\u00bb text_orientation_phone=\u00bbleft\u00bb text_orientation_last_edited=\u00bbon|phone\u00bb global_colors_info=\u00bb{}\u00bb]<\/p>\n<h2><span>Estamos a tu disposici\u00f3n.<\/span><\/h2>\n<p><span>Nuestros Navegadores aportan su propia experiencia personal y la experiencia de trabajar con miles de familias para ponerte en contacto con recursos y formaci\u00f3n. Te apoyamos en la resoluci\u00f3n de situaciones dif\u00edciles, en la navegaci\u00f3n por sistemas complejos y en la planificaci\u00f3n para alcanzar tu buena vida. <\/span><\/p>\n<p>[\/et_pb_text][\/et_pb_column][\/et_pb_row][\/et_pb_section][et_pb_section fb_built=\u00bb1&#8243; _builder_version=\u00bb4.23&#8243; _module_preset=\u00bbdefault\u00bb global_colors_info=\u00bb{}\u00bb][et_pb_row _builder_version=\u00bb4.23&#8243; _module_preset=\u00bbdefault\u00bb global_colors_info=\u00bb{}\u00bb][et_pb_column type=\u00bb4_4&#8243; _builder_version=\u00bb4.23&#8243; _module_preset=\u00bbdefault\u00bb global_colors_info=\u00bb{}\u00bb][et_pb_text _builder_version=\u00bb4.24.0&#8243; _module_preset=\u00bbdefault\u00bb header_2_text_align=\u00bbcenter\u00bb header_2_text_color=\u00bb#2F368F\u00bb global_colors_info=\u00bb{}\u00bb]<\/p>\n<h2><img decoding=\"async\" src=\"\/wp-content\/uploads\/2024\/02\/How-can-we-help.png\" alt=\"\u00bfC\u00f3mo podemos ayudar?\" style=\"max-height: 100px;\"><\/h2>\n<p>[\/et_pb_text][\/et_pb_column][\/et_pb_row][et_pb_row column_structure=\u00bb1_3,1_3,1_3&#8243; _builder_version=\u00bb4.23&#8243; _module_preset=\u00bbdefault\u00bb global_colors_info=\u00bb{}\u00bb][et_pb_column type=\u00bb1_3&#8243; _builder_version=\u00bb4.23&#8243; _module_preset=\u00bbdefault\u00bb global_colors_info=\u00bb{}\u00bb][dsm_flipbox flipbox_height=\u00bb350px\u00bb _builder_version=\u00bb4.25.0&#8243; _dynamic_attributes=\u00bblink_option_url\u00bb _module_preset=\u00bbdefault\u00bb content_font_size=\u00bb24px\u00bb module_alignment=\u00bbcenter\u00bb link_option_url=\u00bb@ET-DC@eyJkeW5hbWljIjp0cnVlLCJjb250ZW50IjoicG9zdF9saW5rX3VybF9wYWdlIiwic2V0dGluZ3MiOnsicG9zdF9pZCI6IjE0MzIifX0=@\u00bb global_colors_info=\u00bb{}\u00bb][dsm_flipbox_child image=\u00bbhttps:\/\/mofamilytofamily.org\/wp-content\/uploads\/2023\/11\/Support-icon.png\u00bb alt=\u00bbAyuda\u00bb image_max_width=\u00bb200px\u00bb button_url_new_window=\u00bb1&#8243; _builder_version=\u00bb4.23&#8243; _module_preset=\u00bbdefault\u00bb background_color=\u00bb#FFFFFF\u00bb background_enable_color=\u00bbon\u00bb module_alignment=\u00bbcenter\u00bb border_width_all=\u00bb10px\u00bb border_color_all=\u00bb#A2CC3E\u00bb global_colors_info=\u00bb{}\u00bb parent_header_level=\u00bbh4&#8243;][\/dsm_flipbox_child][dsm_flipbox_child button_url_new_window=\u00bb1&#8243; _builder_version=\u00bb4.25.0&#8243; _module_preset=\u00bbdefault\u00bb header_level=\u00bbh4&#8243; header_text_align=\u00bbcenter\u00bb header_text_color=\u00bb#FFFFFF\u00bb content_text_color=\u00bb#FFFFFF\u00bb background_color=\u00bb#A2CC3E\u00bb background_enable_color=\u00bbon\u00bb min_height=\u00bb330px\u00bb custom_padding=\u00bb80px|20px|60px|20px|false|true\u00bb border_width_all=\u00bb10px\u00bb border_color_all=\u00bb#A2CC3E\u00bb global_colors_info=\u00bb{}\u00bb parent_header_level=\u00bbh4&#8243;]<\/p>\n<ul>\n<li><strong>Proporciona ayuda y navegaci\u00f3n 1:1 gratuitas<\/strong><\/li>\n<li><strong>Ofrece recursos personalizados<\/strong><\/li>\n<li><strong>Servicios de planificaci\u00f3n para ahora o para el futuro<\/strong><\/li>\n<\/ul>\n<p style=\"text-align: center;\"><img loading=\"lazy\" decoding=\"async\" src=\"https:\/\/mofamilytofamily.org\/wp-content\/uploads\/2023\/11\/Support-300x74.png\" width=\"300\" height=\"74\" alt=\"Banner de apoyo\" class=\"wp-image-27 alignnone size-medium\"><\/p>\n<p>[\/dsm_flipbox_child][\/dsm_flipbox][\/et_pb_column][et_pb_column type=\u00bb1_3&#8243; _builder_version=\u00bb4.23&#8243; _module_preset=\u00bbdefault\u00bb global_colors_info=\u00bb{}\u00bb][dsm_flipbox flipbox_height=\u00bb350px\u00bb _builder_version=\u00bb4.25.0&#8243; _dynamic_attributes=\u00bblink_option_url\u00bb _module_preset=\u00bbdefault\u00bb header_level=\u00bbh2&#8243; header_font_size=\u00bb36px\u00bb module_alignment=\u00bbcenter\u00bb link_option_url=\u00bb@ET-DC@eyJkeW5hbWljIjp0cnVlLCJjb250ZW50IjoicG9zdF9saW5rX3VybF9wYWdlIiwic2V0dGluZ3MiOnsicG9zdF9pZCI6IjQxMyJ9fQ==@\u00bb global_colors_info=\u00bb{}\u00bb][dsm_flipbox_child image=\u00bbhttps:\/\/mofamilytofamily.org\/wp-content\/uploads\/2023\/11\/Empower-icon.png\u00bb alt=\u00bbPotencia\u00bb image_max_width=\u00bb200px\u00bb button_url_new_window=\u00bb1&#8243; _builder_version=\u00bb4.23&#8243; _module_preset=\u00bbdefault\u00bb background_color=\u00bb#FFFFFF\u00bb background_enable_color=\u00bbon\u00bb module_alignment=\u00bbcenter\u00bb border_width_all=\u00bb10px\u00bb border_color_all=\u00bb#1C85C7&#8243; global_colors_info=\u00bb{}\u00bb parent_header_level=\u00bbh2&#8243;][\/dsm_flipbox_child][dsm_flipbox_child button_url_new_window=\u00bb1&#8243; _builder_version=\u00bb4.25.0&#8243; _module_preset=\u00bbdefault\u00bb header_level=\u00bbh2&#8243; header_text_align=\u00bbcenter\u00bb header_text_color=\u00bb#FFFFFF\u00bb header_font_size=\u00bb34px\u00bb content_text_color=\u00bb#FFFFFF\u00bb content_font_size=\u00bb24px\u00bb subhead_text_color=\u00bb#FFFFFF\u00bb background_color=\u00bb#1C85C7&#8243; background_enable_color=\u00bbon\u00bb min_height=\u00bb330px\u00bb custom_padding=\u00bb20px|20px|0px|20px|false|true\u00bb border_width_all=\u00bb10px\u00bb border_color_all=\u00bb#1C85C7&#8243; global_colors_info=\u00bb{}\u00bb parent_header_level=\u00bbh2&#8243;]<\/p>\n<h2><strong><span style=\"color: #ffffff;\">Inf\u00f3rmate<\/span><\/strong><\/h2>\n<ul>\n<li><strong>Beneficios p\u00fablicos<\/strong><\/li>\n<li><strong>Tecnolog\u00eda cotidiana<\/strong><\/li>\n<li><strong>Educaci\u00f3n Especial y Transici\u00f3n<\/strong><\/li>\n<li><strong>Empleo<\/strong><\/li>\n<li><strong>Defensa y Liderazgo<\/strong><\/li>\n<\/ul>\n<p><img loading=\"lazy\" decoding=\"async\" src=\"https:\/\/mofamilytofamily.org\/wp-content\/uploads\/2023\/11\/Empower-300x74.png\" width=\"300\" height=\"74\" alt=\"Banner Empower\" class=\"wp-image-14 alignnone size-medium\" style=\"display: block; margin-left: auto; margin-right: auto;\"><\/p>\n<p>[\/dsm_flipbox_child][\/dsm_flipbox][\/et_pb_column][et_pb_column type=\u00bb1_3&#8243; _builder_version=\u00bb4.23&#8243; _module_preset=\u00bbdefault\u00bb global_colors_info=\u00bb{}\u00bb][dsm_flipbox flipbox_height=\u00bb350px\u00bb _builder_version=\u00bb4.25.0&#8243; _dynamic_attributes=\u00bblink_option_url\u00bb _module_preset=\u00bbdefault\u00bb content_font_size=\u00bb24px\u00bb module_alignment=\u00bbcenter\u00bb link_option_url=\u00bb@ET-DC@eyJkeW5hbWljIjp0cnVlLCJjb250ZW50IjoicG9zdF9saW5rX3VybF9wYWdlIiwic2V0dGluZ3MiOnsicG9zdF9pZCI6IjEyMzIifX0=@\u00bb global_colors_info=\u00bb{}\u00bb][dsm_flipbox_child image=\u00bbhttps:\/\/mofamilytofamily.org\/wp-content\/uploads\/2023\/11\/Engage-icon.png\u00bb alt=\u00bbInvol\u00facrate\u00bb image_max_width=\u00bb200px\u00bb button_url_new_window=\u00bb1&#8243; _builder_version=\u00bb4.23&#8243; _module_preset=\u00bbdefault\u00bb background_color=\u00bb#FFFFFF\u00bb background_enable_color=\u00bbon\u00bb module_alignment=\u00bbcenter\u00bb border_width_all=\u00bb10px\u00bb border_color_all=\u00bb#F9A121&#8243; global_colors_info=\u00bb{}\u00bb parent_header_level=\u00bbh4&#8243;][\/dsm_flipbox_child][dsm_flipbox_child button_url_new_window=\u00bb1&#8243; _builder_version=\u00bb4.25.0&#8243; _module_preset=\u00bbdefault\u00bb header_level=\u00bbh4&#8243; header_text_align=\u00bbcenter\u00bb header_text_color=\u00bb#FFFFFF\u00bb header_font_size=\u00bb18px\u00bb content_text_color=\u00bb#FFFFFF\u00bb content_font_size=\u00bb24px\u00bb background_color=\u00bb#F9A121&#8243; background_enable_color=\u00bbon\u00bb min_height=\u00bb330px\u00bb custom_padding=\u00bb20px|20px|0px|20px|false|true\u00bb border_width_all=\u00bb10px\u00bb border_color_all=\u00bb#F9A121&#8243; global_colors_info=\u00bb{}\u00bb parent_header_level=\u00bbh4&#8243;]<\/p>\n<ul>\n<li><strong>Recibir apoyo de compa\u00f1eros<\/strong><\/li>\n<li><strong>\u00danete a grupos de apoyo virtuales y seminarios web<\/strong><\/li>\n<li><strong>Desarrollar habilidades de liderazgo y defensa<\/strong><\/li>\n<\/ul>\n<p><strong><img loading=\"lazy\" decoding=\"async\" src=\"https:\/\/mofamilytofamily.org\/wp-content\/uploads\/2023\/11\/Engage-300x74.png\" width=\"300\" height=\"74\" alt=\"Banner de compromiso\" class=\"wp-image-15 alignnone size-medium\" style=\"display: block; margin-left: auto; margin-right: auto;\"><\/strong><\/p>\n<p>[\/dsm_flipbox_child][\/dsm_flipbox][\/et_pb_column][\/et_pb_row][\/et_pb_section]<\/p>\n","protected":false},"excerpt":{"rendered":"<p>Apoyo personalizado de personas que comprenden.Estamos a tu disposici\u00f3n. Nuestros Navegadores aportan su propia experiencia personal y la experiencia de trabajar con miles de familias para ponerte en contacto con recursos y formaci\u00f3n. Te apoyamos en la resoluci\u00f3n de situaciones dif\u00edciles, en la navegaci\u00f3n por sistemas complejos y en la planificaci\u00f3n para alcanzar tu buena [&hellip;]<\/p>\n","protected":false},"author":1,"featured_media":1985,"parent":0,"menu_order":0,"comment_status":"closed","ping_status":"closed","template":"","meta":{"_et_pb_use_builder":"on","_et_pb_old_content":"","_et_gb_content_width":"","footnotes":""},"class_list":["post-3031","page","type-page","status-publish","has-post-thumbnail","hentry"],"yoast_head":"<!-- This site is optimized with the Yoast SEO plugin v27.3 - https:\/\/yoast.com\/product\/yoast-seo-wordpress\/ -->\n<title>Inicio - Missouri Family to Family<\/title>\n<meta name=\"robots\" content=\"index, follow, max-snippet:-1, max-image-preview:large, max-video-preview:-1\" \/>\n<link rel=\"canonical\" href=\"https:\/\/mofamilytofamily.org\/es\/\" \/>\n<meta property=\"og:locale\" content=\"es_ES\" \/>\n<meta property=\"og:type\" content=\"article\" \/>\n<meta property=\"og:title\" content=\"Inicio - Missouri Family to Family\" \/>\n<meta property=\"og:description\" content=\"Apoyo personalizado de personas que comprenden.Estamos a tu disposici\u00f3n. Nuestros Navegadores aportan su propia experiencia personal y la experiencia de trabajar con miles de familias para ponerte en contacto con recursos y formaci\u00f3n. Te apoyamos en la resoluci\u00f3n de situaciones dif\u00edciles, en la navegaci\u00f3n por sistemas complejos y en la planificaci\u00f3n para alcanzar tu buena [&hellip;]\" \/>\n<meta property=\"og:url\" content=\"https:\/\/mofamilytofamily.org\/es\/\" \/>\n<meta property=\"og:site_name\" content=\"Missouri Family to Family\" \/>\n<meta property=\"article:modified_time\" content=\"2026-03-16T22:02:42+00:00\" \/>\n<meta property=\"og:image\" content=\"https:\/\/mofamilytofamily.org\/wp-content\/uploads\/2024\/03\/4-2-e1711035830814.png\" \/>\n\t<meta property=\"og:image:width\" content=\"500\" \/>\n\t<meta property=\"og:image:height\" content=\"500\" \/>\n\t<meta property=\"og:image:type\" content=\"image\/png\" \/>\n<meta name=\"twitter:card\" content=\"summary_large_image\" \/>\n<meta name=\"twitter:label1\" content=\"Tiempo de lectura\" \/>\n\t<meta name=\"twitter:data1\" content=\"8 minutos\" \/>\n<script type=\"application\/ld+json\" class=\"yoast-schema-graph\">{\"@context\":\"https:\\\/\\\/schema.org\",\"@graph\":[{\"@type\":\"WebPage\",\"@id\":\"https:\\\/\\\/mofamilytofamily.org\\\/es\\\/\",\"url\":\"https:\\\/\\\/mofamilytofamily.org\\\/es\\\/\",\"name\":\"Inicio - Missouri Family to Family\",\"isPartOf\":{\"@id\":\"https:\\\/\\\/mofamilytofamily.org\\\/es\\\/#website\"},\"primaryImageOfPage\":{\"@id\":\"https:\\\/\\\/mofamilytofamily.org\\\/es\\\/#primaryimage\"},\"image\":{\"@id\":\"https:\\\/\\\/mofamilytofamily.org\\\/es\\\/#primaryimage\"},\"thumbnailUrl\":\"https:\\\/\\\/mofamilytofamily.org\\\/wp-content\\\/uploads\\\/2024\\\/03\\\/4-2-e1711035830814.png\",\"datePublished\":\"2023-11-04T03:43:23+00:00\",\"dateModified\":\"2026-03-16T22:02:42+00:00\",\"breadcrumb\":{\"@id\":\"https:\\\/\\\/mofamilytofamily.org\\\/es\\\/#breadcrumb\"},\"inLanguage\":\"es\",\"potentialAction\":[{\"@type\":\"ReadAction\",\"target\":[\"https:\\\/\\\/mofamilytofamily.org\\\/es\\\/\"]}]},{\"@type\":\"ImageObject\",\"inLanguage\":\"es\",\"@id\":\"https:\\\/\\\/mofamilytofamily.org\\\/es\\\/#primaryimage\",\"url\":\"https:\\\/\\\/mofamilytofamily.org\\\/wp-content\\\/uploads\\\/2024\\\/03\\\/4-2-e1711035830814.png\",\"contentUrl\":\"https:\\\/\\\/mofamilytofamily.org\\\/wp-content\\\/uploads\\\/2024\\\/03\\\/4-2-e1711035830814.png\",\"width\":500,\"height\":500},{\"@type\":\"BreadcrumbList\",\"@id\":\"https:\\\/\\\/mofamilytofamily.org\\\/es\\\/#breadcrumb\",\"itemListElement\":[{\"@type\":\"ListItem\",\"position\":1,\"name\":\"Home\",\"item\":\"https:\\\/\\\/mofamilytofamily.org\\\/es\\\/inicio\\\/\"},{\"@type\":\"ListItem\",\"position\":2,\"name\":\"Inicio\"}]},{\"@type\":\"WebSite\",\"@id\":\"https:\\\/\\\/mofamilytofamily.org\\\/es\\\/#website\",\"url\":\"https:\\\/\\\/mofamilytofamily.org\\\/es\\\/\",\"name\":\"Missouri Family to Family\",\"description\":\"Support. Empower. Engage.\",\"potentialAction\":[{\"@type\":\"SearchAction\",\"target\":{\"@type\":\"EntryPoint\",\"urlTemplate\":\"https:\\\/\\\/mofamilytofamily.org\\\/es\\\/?s={search_term_string}\"},\"query-input\":{\"@type\":\"PropertyValueSpecification\",\"valueRequired\":true,\"valueName\":\"search_term_string\"}}],\"inLanguage\":\"es\"}]}<\/script>\n<!-- \/ Yoast SEO plugin. -->","yoast_head_json":{"title":"Inicio - Missouri Family to Family","robots":{"index":"index","follow":"follow","max-snippet":"max-snippet:-1","max-image-preview":"max-image-preview:large","max-video-preview":"max-video-preview:-1"},"canonical":"https:\/\/mofamilytofamily.org\/es\/","og_locale":"es_ES","og_type":"article","og_title":"Inicio - Missouri Family to Family","og_description":"Apoyo personalizado de personas que comprenden.Estamos a tu disposici\u00f3n. Nuestros Navegadores aportan su propia experiencia personal y la experiencia de trabajar con miles de familias para ponerte en contacto con recursos y formaci\u00f3n. Te apoyamos en la resoluci\u00f3n de situaciones dif\u00edciles, en la navegaci\u00f3n por sistemas complejos y en la planificaci\u00f3n para alcanzar tu buena [&hellip;]","og_url":"https:\/\/mofamilytofamily.org\/es\/","og_site_name":"Missouri Family to Family","article_modified_time":"2026-03-16T22:02:42+00:00","og_image":[{"width":500,"height":500,"url":"https:\/\/mofamilytofamily.org\/wp-content\/uploads\/2024\/03\/4-2-e1711035830814.png","type":"image\/png"}],"twitter_card":"summary_large_image","twitter_misc":{"Tiempo de lectura":"8 minutos"},"schema":{"@context":"https:\/\/schema.org","@graph":[{"@type":"WebPage","@id":"https:\/\/mofamilytofamily.org\/es\/","url":"https:\/\/mofamilytofamily.org\/es\/","name":"Inicio - Missouri Family to Family","isPartOf":{"@id":"https:\/\/mofamilytofamily.org\/es\/#website"},"primaryImageOfPage":{"@id":"https:\/\/mofamilytofamily.org\/es\/#primaryimage"},"image":{"@id":"https:\/\/mofamilytofamily.org\/es\/#primaryimage"},"thumbnailUrl":"https:\/\/mofamilytofamily.org\/wp-content\/uploads\/2024\/03\/4-2-e1711035830814.png","datePublished":"2023-11-04T03:43:23+00:00","dateModified":"2026-03-16T22:02:42+00:00","breadcrumb":{"@id":"https:\/\/mofamilytofamily.org\/es\/#breadcrumb"},"inLanguage":"es","potentialAction":[{"@type":"ReadAction","target":["https:\/\/mofamilytofamily.org\/es\/"]}]},{"@type":"ImageObject","inLanguage":"es","@id":"https:\/\/mofamilytofamily.org\/es\/#primaryimage","url":"https:\/\/mofamilytofamily.org\/wp-content\/uploads\/2024\/03\/4-2-e1711035830814.png","contentUrl":"https:\/\/mofamilytofamily.org\/wp-content\/uploads\/2024\/03\/4-2-e1711035830814.png","width":500,"height":500},{"@type":"BreadcrumbList","@id":"https:\/\/mofamilytofamily.org\/es\/#breadcrumb","itemListElement":[{"@type":"ListItem","position":1,"name":"Home","item":"https:\/\/mofamilytofamily.org\/es\/inicio\/"},{"@type":"ListItem","position":2,"name":"Inicio"}]},{"@type":"WebSite","@id":"https:\/\/mofamilytofamily.org\/es\/#website","url":"https:\/\/mofamilytofamily.org\/es\/","name":"Missouri Family to Family","description":"Support. Empower. Engage.","potentialAction":[{"@type":"SearchAction","target":{"@type":"EntryPoint","urlTemplate":"https:\/\/mofamilytofamily.org\/es\/?s={search_term_string}"},"query-input":{"@type":"PropertyValueSpecification","valueRequired":true,"valueName":"search_term_string"}}],"inLanguage":"es"}]}},"_links":{"self":[{"href":"https:\/\/mofamilytofamily.org\/es\/wp-json\/wp\/v2\/pages\/3031","targetHints":{"allow":["GET"]}}],"collection":[{"href":"https:\/\/mofamilytofamily.org\/es\/wp-json\/wp\/v2\/pages"}],"about":[{"href":"https:\/\/mofamilytofamily.org\/es\/wp-json\/wp\/v2\/types\/page"}],"author":[{"embeddable":true,"href":"https:\/\/mofamilytofamily.org\/es\/wp-json\/wp\/v2\/users\/1"}],"replies":[{"embeddable":true,"href":"https:\/\/mofamilytofamily.org\/es\/wp-json\/wp\/v2\/comments?post=3031"}],"version-history":[{"count":1,"href":"https:\/\/mofamilytofamily.org\/es\/wp-json\/wp\/v2\/pages\/3031\/revisions"}],"predecessor-version":[{"id":3035,"href":"https:\/\/mofamilytofamily.org\/es\/wp-json\/wp\/v2\/pages\/3031\/revisions\/3035"}],"wp:featuredmedia":[{"embeddable":true,"href":"https:\/\/mofamilytofamily.org\/es\/wp-json\/wp\/v2\/media\/1985"}],"wp:attachment":[{"href":"https:\/\/mofamilytofamily.org\/es\/wp-json\/wp\/v2\/media?parent=3031"}],"curies":[{"name":"wp","href":"https:\/\/api.w.org\/{rel}","templated":true}]}}