{"id":3000,"date":"2023-11-17T20:58:51","date_gmt":"2023-11-18T02:58:51","guid":{"rendered":"https:\/\/mofamilytofamily.org\/oportunidades-educativas\/"},"modified":"2026-03-16T17:02:09","modified_gmt":"2026-03-16T22:02:09","slug":"oportunidades-educativas","status":"publish","type":"page","link":"https:\/\/mofamilytofamily.org\/es\/oportunidades-educativas\/","title":{"rendered":"Oportunidades educativas"},"content":{"rendered":"<p>[et_pb_section fb_built=\u00bb1&#8243; custom_padding_last_edited=\u00bbon|phone\u00bb module_id=\u00bbimagen-h\u00e9roe\u00bb _builder_version=\u00bb4.24.0&#8243; _module_preset=\u00bbdefault\u00bb background_image=\u00bbhttps:\/\/mofamilytofamily.org\/wp-content\/uploads\/2024\/02\/6-1.png\u00bb custom_padding=\u00bb100px|20px|100px|20px|true|true\u00bb custom_padding_tablet=\u00bb70px||70px||true|true\u00bb custom_padding_phone=\u00bb20px||20px||true|true\u00bb background_last_edited=\u00bbon|phone\u00bb locked=\u00bboff\u00bb global_colors_info=\u00bb{}\u00bb][et_pb_row use_custom_gutter=\u00bbon\u00bb gutter_width=\u00bb1&#8243; make_equal=\u00bbon\u00bb module_class=\u00bbinternal-hero\u00bb _builder_version=\u00bb4.23.1&#8243; _module_preset=\u00bbdefault\u00bb width=\u00bb100%\u00bb max_width=\u00bb100%\u00bb module_alignment=\u00bbcenter\u00bb global_colors_info=\u00bb{}\u00bb custom_css_main_element_last_edited=\u00bbon|desktop\u00bb][et_pb_column type=\u00bb4_4&#8243; _builder_version=\u00bb4.23.1&#8243; _module_preset=\u00bbdefault\u00bb global_colors_info=\u00bb{}\u00bb][et_pb_code _builder_version=\u00bb4.23.1&#8243; _module_preset=\u00bbdefault\u00bb global_colors_info=\u00bb{}\u00bb]<\/p>\n<h1 style=\"text-align:center;\"><!-- [et_pb_line_break_holder] -->  <img decoding=\"async\" src=\"\/wp-content\/uploads\/2024\/01\/Educational-opportunities.png\" alt=\"Oportunidades educativas\" style=\"max-height:150px; width:auto;\"><!-- [et_pb_line_break_holder] --><\/h1>\n<p>[\/et_pb_code][\/et_pb_column][\/et_pb_row][\/et_pb_section][et_pb_section fb_built=\u00bb1&#8243; _builder_version=\u00bb4.24.0&#8243; _module_preset=\u00bbdefault\u00bb custom_margin=\u00bb0px||0px||false|false\u00bb custom_padding=\u00bb||||false|false\u00bb global_colors_info=\u00bb{}\u00bb][et_pb_row _builder_version=\u00bb4.23.1&#8243; _module_preset=\u00bbdefault\u00bb custom_margin=\u00bb||||true|false\u00bb custom_padding=\u00bb||||true|false\u00bb global_colors_info=\u00bb{}\u00bb][et_pb_column type=\u00bb4_4&#8243; _builder_version=\u00bb4.23.1&#8243; _module_preset=\u00bbdefault\u00bb global_colors_info=\u00bb{}\u00bb][et_pb_text _builder_version=\u00bb4.23.1&#8243; _module_preset=\u00bbdefault\u00bb text_text_color=\u00bb#000000&#8243; header_text_align=\u00bbcenter\u00bb header_text_color=\u00bb#2F368F\u00bb text_orientation=\u00bbcenter\u00bb text_orientation_tablet=\u00bbcenter\u00bb text_orientation_phone=\u00bbleft\u00bb text_orientation_last_edited=\u00bbon|phone\u00bb global_colors_info=\u00bb{}\u00bb]<\/p>\n<h3><strong>Formaci\u00f3n para particulares y simpatizantes<\/strong><\/h3>\n<p>[\/et_pb_text][\/et_pb_column][\/et_pb_row][et_pb_row column_structure=\u00bb1_3,2_3&#8243; make_equal=\u00bbon\u00bb _builder_version=\u00bb4.24.0&#8243; _module_preset=\u00bbdefault\u00bb width=\u00bb100%\u00bb module_alignment=\u00bbcenter\u00bb custom_margin=\u00bb||||true|false\u00bb custom_padding=\u00bb30px|30px|60px|30px|false|true\u00bb locked=\u00bboff\u00bb global_colors_info=\u00bb{}\u00bb][et_pb_column type=\u00bb1_3&#8243; _builder_version=\u00bb4.23.1&#8243; _module_preset=\u00bbdefault\u00bb background_color=\u00bbRGBA(255,255,255,0)\u00bb custom_padding=\u00bb||||true|true\u00bb link_option_url=\u00bbhttps:\/\/www.moleapnetwork.org\/\u00bb link_option_url_new_window=\u00bbon\u00bb global_colors_info=\u00bb{}\u00bb][et_pb_image src=\u00bbhttps:\/\/mofamilytofamily.org\/wp-content\/uploads\/2024\/02\/NWD-MO-1.png\u00bb alt=\u00bbNinguna puerta equivocada\u00bb title_text=\u00bbNWD MO\u00bb align=\u00bbcenter\u00bb _builder_version=\u00bb4.24.2&#8243; _module_preset=\u00bbdefault\u00bb module_alignment=\u00bbcenter\u00bb max_height=\u00bb260px\u00bb global_colors_info=\u00bb{}\u00bb][\/et_pb_image][et_pb_button button_url=\u00bb@ET-DC@eyJkeW5hbWljIjp0cnVlLCJjb250ZW50IjoicG9zdF9saW5rX3VybF9wYWdlIiwic2V0dGluZ3MiOnsicG9zdF9pZCI6IjE3MDkiLCJlbmFibGVfaHRtbCI6Im9mZiJ9fQ==@\u00bb button_text=\u00bbSaber m\u00e1s\u00bb button_alignment=\u00bbcenter\u00bb _builder_version=\u00bb4.24.2&#8243; _dynamic_attributes=\u00bbbutton_url\u00bb _module_preset=\u00bbdefault\u00bb custom_button=\u00bbon\u00bb button_bg_color=\u00bb#1C85C7&#8243; custom_margin=\u00bb40px||||false|false\u00bb global_colors_info=\u00bb{}\u00bb button_bg_color__hover_enabled=\u00bbon|desktop\u00bb button_bg_color__hover=\u00bb#F9A121&#8243;][\/et_pb_button][\/et_pb_column][et_pb_column type=\u00bb2_3&#8243; _builder_version=\u00bb4.23.1&#8243; _module_preset=\u00bbdefault\u00bb background_color=\u00bbRGBA(255,255,255,0)\u00bb custom_padding=\u00bb||||true|true\u00bb link_option_url=\u00bbhttps:\/\/www.moleapnetwork.org\/\u00bb link_option_url_new_window=\u00bbon\u00bb global_colors_info=\u00bb{}\u00bb][et_pb_text _builder_version=\u00bb4.24.0&#8243; _module_preset=\u00bbdefault\u00bb text_text_color=\u00bb#000000&#8243; header_text_align=\u00bbcenter\u00bb header_text_color=\u00bb#2F368F\u00bb header_2_text_align=\u00bbcenter\u00bb header_3_text_align=\u00bbleft\u00bb header_4_text_align=\u00bbleft\u00bb header_4_text_color=\u00bb#000000&#8243; header_4_font_size_tablet=\u00bb28px\u00bb text_orientation_tablet=\u00bbcenter\u00bb text_orientation_phone=\u00bbleft\u00bb text_orientation_last_edited=\u00bbon|phone\u00bb global_colors_info=\u00bb{}\u00bb]<\/p>\n<h4>Serie de puertas abiertas de Missouri<\/h4>\n<p>[\/et_pb_text][et_pb_text _builder_version=\u00bb4.24.2&#8243; _module_preset=\u00bbdefault\u00bb text_text_color=\u00bb#000000&#8243; header_text_align=\u00bbcenter\u00bb header_text_color=\u00bb#2F368F\u00bb header_2_text_align=\u00bbcenter\u00bb header_3_text_align=\u00bbcenter\u00bb header_4_text_align=\u00bbcenter\u00bb header_4_text_color=\u00bb#000000&#8243; header_4_font_size_tablet=\u00bb28px\u00bb text_orientation_tablet=\u00bbcenter\u00bb text_orientation_phone=\u00bbleft\u00bb text_orientation_last_edited=\u00bbon|phone\u00bb custom_css_free_form=\u00bbselector li {||  line-height:1.4;||  margin-top:20px;||}\u00bb global_colors_info=\u00bb{}\u00bb]<\/p>\n<div>La Serie de Talleres Puerta Abierta de Missouri (MOD) es una serie mensual GRATUITA, en la que cada taller se desarrolla en torno a un \u00e1rea tem\u00e1tica designada que proporcionar\u00e1 ideas y soluciones de uso inmediato para ti y las personas a las que apoyas, todo ello con un enfoque espec\u00edfico en el \u00e1mbito de la tecnolog\u00eda.<\/div>\n<ul>\n<li>Serie de Beneficios &#8211; cada segundo mi\u00e9rcoles de mes<\/li>\n<li>Serie tecnol\u00f3gica &#8211; cada cuarto mi\u00e9rcoles de mes<\/li>\n<\/ul>\n<p>[\/et_pb_text][\/et_pb_column][\/et_pb_row][et_pb_row column_structure=\u00bb1_3,2_3&#8243; make_equal=\u00bbon\u00bb _builder_version=\u00bb4.24.0&#8243; _module_preset=\u00bbdefault\u00bb width=\u00bb100%\u00bb module_alignment=\u00bbcenter\u00bb custom_margin=\u00bb||||true|false\u00bb custom_padding=\u00bb30px|30px|60px|30px|false|true\u00bb border_width_top=\u00bb10px\u00bb border_color_top=\u00bb#1C85C7&#8243; locked=\u00bboff\u00bb global_colors_info=\u00bb{}\u00bb][et_pb_column type=\u00bb1_3&#8243; _builder_version=\u00bb4.23.1&#8243; _module_preset=\u00bbdefault\u00bb background_color=\u00bbRGBA(255,255,255,0)\u00bb custom_padding=\u00bb||||true|true\u00bb link_option_url=\u00bbhttps:\/\/www.moleapnetwork.org\/\u00bb link_option_url_new_window=\u00bbon\u00bb global_colors_info=\u00bb{}\u00bb][et_pb_image src=\u00bbhttps:\/\/mofamilytofamily.org\/wp-content\/uploads\/2024\/02\/MOLEAP-Logo-1.png\u00bb alt=\u00bbMOLEAP\u00bb title_text=\u00bbLogotipo MOLEAP\u00bb align=\u00bbcenter\u00bb _builder_version=\u00bb4.24.2&#8243; _module_preset=\u00bbdefault\u00bb module_alignment=\u00bbcenter\u00bb global_colors_info=\u00bb{}\u00bb][\/et_pb_image][et_pb_button button_url=\u00bb@ET-DC@eyJkeW5hbWljIjp0cnVlLCJjb250ZW50IjoicG9zdF9saW5rX3VybF9wYWdlIiwic2V0dGluZ3MiOnsicG9zdF9pZCI6IjE3OTciLCJlbmFibGVfaHRtbCI6Im9mZiJ9fQ==@\u00bb url_new_window=\u00bbon\u00bb button_text=\u00bbSaber m\u00e1s\u00bb button_alignment=\u00bbcenter\u00bb _builder_version=\u00bb4.24.2&#8243; _dynamic_attributes=\u00bbbutton_url\u00bb _module_preset=\u00bbdefault\u00bb custom_button=\u00bbon\u00bb button_bg_color=\u00bb#A2CC3E\u00bb custom_margin=\u00bb40px||||false|false\u00bb global_colors_info=\u00bb{}\u00bb button_bg_color__hover_enabled=\u00bbon|desktop\u00bb button_bg_color__hover=\u00bb#F9A121&#8243;][\/et_pb_button][\/et_pb_column][et_pb_column type=\u00bb2_3&#8243; _builder_version=\u00bb4.23.1&#8243; _module_preset=\u00bbdefault\u00bb background_color=\u00bbRGBA(255,255,255,0)\u00bb custom_padding=\u00bb||||true|true\u00bb link_option_url=\u00bbhttps:\/\/www.moleapnetwork.org\/\u00bb link_option_url_new_window=\u00bbon\u00bb global_colors_info=\u00bb{}\u00bb][et_pb_text _builder_version=\u00bb4.24.0&#8243; _module_preset=\u00bbdefault\u00bb text_text_color=\u00bb#000000&#8243; header_text_align=\u00bbcenter\u00bb header_text_color=\u00bb#2F368F\u00bb header_2_text_align=\u00bbcenter\u00bb header_3_text_align=\u00bbleft\u00bb header_4_text_align=\u00bbleft\u00bb header_4_text_color=\u00bb#000000&#8243; header_4_font_size_tablet=\u00bb28px\u00bb text_orientation_tablet=\u00bbcenter\u00bb text_orientation_phone=\u00bbleft\u00bb text_orientation_last_edited=\u00bbon|phone\u00bb global_colors_info=\u00bb{}\u00bb]<\/p>\n<h4><a href=\"https:\/\/www.moleapnetwork.org\/\">Programa de Defensa Educativa de los Laicos de Missouri (MOLEAP)<\/a><span> <\/span><\/h4>\n<ul><\/ul>\n<p>[\/et_pb_text][et_pb_text _builder_version=\u00bb4.24.0&#8243; _module_preset=\u00bbdefault\u00bb text_text_color=\u00bb#000000&#8243; header_text_align=\u00bbcenter\u00bb header_text_color=\u00bb#2F368F\u00bb header_2_text_align=\u00bbcenter\u00bb header_3_text_align=\u00bbcenter\u00bb header_4_text_align=\u00bbcenter\u00bb header_4_text_color=\u00bb#000000&#8243; header_4_font_size_tablet=\u00bb28px\u00bb text_orientation_tablet=\u00bbcenter\u00bb text_orientation_phone=\u00bbleft\u00bb text_orientation_last_edited=\u00bbon|phone\u00bb global_colors_info=\u00bb{}\u00bb]<\/p>\n<p><span>Como padre o familiar de un alumno con discapacidad, t\u00fa  <\/span><span>quieres la mejor educaci\u00f3n posible para tu hijo. Pero los servicios de Educaci\u00f3n Especial   <\/span><span>y los procesos pueden consumir mucho tiempo y energ\u00eda y ser dif\u00edciles de entender. El Programa de Defensa Educativa Laica (LEAP) es una formaci\u00f3n intensiva, presencial y en l\u00ednea, dise\u00f1ada para informar a las familias, autodefensores y   <\/span><span>partidarios de la comunidad sobre la ley de Educaci\u00f3n Especial, los derechos de los alumnos y de los padres y  <\/span><span>la mejor forma de hacerse o\u00edr dentro del sistema escolar. Tanto si se trata de todo el   <\/span><span>formaci\u00f3n en profundidad o simplemente un breve v\u00eddeo de recursos sobre un tema concreto, quienes <\/span><span>que necesitan informaci\u00f3n sobre c\u00f3mo aprovechar al m\u00e1ximo el sistema de Educaci\u00f3n Especial <\/span><span>pueden encontrar orientaci\u00f3n aqu\u00ed.<\/span><\/p>\n<ul><\/ul>\n<p>[\/et_pb_text][\/et_pb_column][\/et_pb_row][et_pb_row column_structure=\u00bb1_3,2_3&#8243; make_equal=\u00bbon\u00bb _builder_version=\u00bb4.24.0&#8243; _module_preset=\u00bbdefault\u00bb width=\u00bb100%\u00bb module_alignment=\u00bbcenter\u00bb custom_margin=\u00bb||||true|false\u00bb custom_padding=\u00bb30px|30px|60px|30px|false|true\u00bb border_width_top=\u00bb10px\u00bb border_color_top=\u00bb#1C85C7&#8243; locked=\u00bboff\u00bb global_colors_info=\u00bb{}\u00bb][et_pb_column type=\u00bb1_3&#8243; _builder_version=\u00bb4.23.1&#8243; _module_preset=\u00bbdefault\u00bb background_color=\u00bbRGBA(255,255,255,0)\u00bb custom_padding=\u00bb||||true|true\u00bb link_option_url=\u00bbhttps:\/\/moddd.thinkific.com\/courses\/Charting-My-LifeCourse\u00bb link_option_url_new_window=\u00bbon\u00bb global_colors_info=\u00bb{}\u00bb][et_pb_image src=\u00bbhttps:\/\/mofamilytofamily.org\/wp-content\/uploads\/2023\/12\/CtLC-LogoType_Vertical_Clr.png\u00bb alt=\u00bbTrazar el curso de la vida\u00bb title_text=\u00bbCtLC-Logotipo_Vertical_Clr\u00bb align=\u00bbcenter\u00bb _builder_version=\u00bb4.24.2&#8243; _module_preset=\u00bbdefault\u00bb module_alignment=\u00bbcenter\u00bb global_colors_info=\u00bb{}\u00bb][\/et_pb_image][et_pb_button button_url=\u00bbhttps:\/\/umsystem-umkc-ihd.catalog.instructure.com\/browse\/nexus\/courses\/chartingmylifecourse\u00bb url_new_window=\u00bbon\u00bb button_text=\u00bbSaber m\u00e1s\u00bb button_alignment=\u00bbcenter\u00bb _builder_version=\u00bb4.24.2&#8243; _module_preset=\u00bbdefault\u00bb custom_button=\u00bbon\u00bb custom_margin=\u00bb40px||||false|false\u00bb global_colors_info=\u00bb{}\u00bb button_bg_color__hover_enabled=\u00bbon|desktop\u00bb button_bg_color__hover=\u00bb#F9A121&#8243;][\/et_pb_button][\/et_pb_column][et_pb_column type=\u00bb2_3&#8243; _builder_version=\u00bb4.23.1&#8243; _module_preset=\u00bbdefault\u00bb background_color=\u00bbRGBA(255,255,255,0)\u00bb custom_padding=\u00bb||||true|true\u00bb link_option_url=\u00bbhttps:\/\/moddd.thinkific.com\/courses\/Charting-My-LifeCourse\u00bb link_option_url_new_window=\u00bbon\u00bb global_colors_info=\u00bb{}\u00bb][et_pb_text _builder_version=\u00bb4.24.0&#8243; _module_preset=\u00bbdefault\u00bb text_text_color=\u00bb#000000&#8243; header_text_align=\u00bbcenter\u00bb header_text_color=\u00bb#2F368F\u00bb header_2_text_align=\u00bbcenter\u00bb header_3_text_align=\u00bbleft\u00bb header_4_text_align=\u00bbleft\u00bb header_4_text_color=\u00bb#000000&#8243; header_4_font_size_tablet=\u00bb28px\u00bb text_orientation_tablet=\u00bbcenter\u00bb text_orientation_phone=\u00bbleft\u00bb text_orientation_last_edited=\u00bbon|phone\u00bb global_colors_info=\u00bb{}\u00bb]<\/p>\n<h4>Trazar el curso de mi vidaFormaci\u00f3n<span><\/span><\/h4>\n<p>[\/et_pb_text][et_pb_text _builder_version=\u00bb4.24.0&#8243; _module_preset=\u00bbdefault\u00bb text_text_color=\u00bb#000000&#8243; header_text_align=\u00bbcenter\u00bb header_text_color=\u00bb#2F368F\u00bb header_2_text_align=\u00bbcenter\u00bb header_3_text_align=\u00bbcenter\u00bb header_4_text_align=\u00bbcenter\u00bb header_4_text_color=\u00bb#000000&#8243; header_4_font_size_tablet=\u00bb28px\u00bb text_orientation_tablet=\u00bbcenter\u00bb text_orientation_phone=\u00bbleft\u00bb text_orientation_last_edited=\u00bbon|phone\u00bb global_colors_info=\u00bb{}\u00bb]<\/p>\n<p><span>Esta formaci\u00f3n autodidacta en l\u00ednea presenta <\/span><span>a los autogestores los elementos b\u00e1sicos del Curso de Trazar el Curso de la Vida (CtLC) <\/span> <span>y explorando sus objetivos y su visi\u00f3n de una Buena Vida. Est\u00e1 dise\u00f1ado   <\/span><span>ense\u00f1ar a las personas con discapacidad c\u00f3mo pueden utilizar las herramientas en sus propias <\/span><span>vida, lo que incluye facilitar su proceso de planificaci\u00f3n formal (de servicios) y <\/span><span>ayud\u00e1ndoles a conseguir sus objetivos fuera de los sistemas de servicios formales. <\/span><span>Incluye un Certificado de Finalizaci\u00f3n.<\/span><\/p>\n<p>[\/et_pb_text][\/et_pb_column][\/et_pb_row][\/et_pb_section]<\/p>\n","protected":false},"excerpt":{"rendered":"<p>Formaci\u00f3n para particulares y simpatizantesSerie de puertas abiertas de MissouriLa Serie de Talleres Puerta Abierta de Missouri (MOD) es una serie mensual GRATUITA, en la que cada taller se desarrolla en torno a un \u00e1rea tem\u00e1tica designada que proporcionar\u00e1 ideas y soluciones de uso inmediato para ti y las personas a las que apoyas, todo [&hellip;]<\/p>\n","protected":false},"author":1,"featured_media":0,"parent":0,"menu_order":0,"comment_status":"closed","ping_status":"closed","template":"","meta":{"_et_pb_use_builder":"on","_et_pb_old_content":"","_et_gb_content_width":"","footnotes":""},"class_list":["post-3000","page","type-page","status-publish","hentry"],"yoast_head":"<!-- This site is optimized with the Yoast SEO plugin v27.3 - https:\/\/yoast.com\/product\/yoast-seo-wordpress\/ -->\n<title>Oportunidades educativas - Missouri Family to Family<\/title>\n<meta name=\"robots\" content=\"index, follow, max-snippet:-1, max-image-preview:large, max-video-preview:-1\" \/>\n<link rel=\"canonical\" href=\"https:\/\/mofamilytofamily.org\/es\/oportunidades-educativas\/\" \/>\n<meta property=\"og:locale\" content=\"es_ES\" \/>\n<meta property=\"og:type\" content=\"article\" \/>\n<meta property=\"og:title\" content=\"Oportunidades educativas - Missouri Family to Family\" \/>\n<meta property=\"og:description\" content=\"Formaci\u00f3n para particulares y simpatizantesSerie de puertas abiertas de MissouriLa Serie de Talleres Puerta Abierta de Missouri (MOD) es una serie mensual GRATUITA, en la que cada taller se desarrolla en torno a un \u00e1rea tem\u00e1tica designada que proporcionar\u00e1 ideas y soluciones de uso inmediato para ti y las personas a las que apoyas, todo [&hellip;]\" \/>\n<meta property=\"og:url\" content=\"https:\/\/mofamilytofamily.org\/es\/oportunidades-educativas\/\" \/>\n<meta property=\"og:site_name\" content=\"Missouri Family to Family\" \/>\n<meta property=\"article:modified_time\" content=\"2026-03-16T22:02:09+00:00\" \/>\n<meta name=\"twitter:card\" content=\"summary_large_image\" \/>\n<meta name=\"twitter:label1\" content=\"Tiempo de lectura\" \/>\n\t<meta name=\"twitter:data1\" content=\"8 minutos\" \/>\n<script type=\"application\/ld+json\" class=\"yoast-schema-graph\">{\"@context\":\"https:\\\/\\\/schema.org\",\"@graph\":[{\"@type\":\"WebPage\",\"@id\":\"https:\\\/\\\/mofamilytofamily.org\\\/es\\\/oportunidades-educativas\\\/\",\"url\":\"https:\\\/\\\/mofamilytofamily.org\\\/es\\\/oportunidades-educativas\\\/\",\"name\":\"Oportunidades educativas - Missouri Family to Family\",\"isPartOf\":{\"@id\":\"https:\\\/\\\/mofamilytofamily.org\\\/es\\\/#website\"},\"datePublished\":\"2023-11-18T02:58:51+00:00\",\"dateModified\":\"2026-03-16T22:02:09+00:00\",\"breadcrumb\":{\"@id\":\"https:\\\/\\\/mofamilytofamily.org\\\/es\\\/oportunidades-educativas\\\/#breadcrumb\"},\"inLanguage\":\"es\",\"potentialAction\":[{\"@type\":\"ReadAction\",\"target\":[\"https:\\\/\\\/mofamilytofamily.org\\\/es\\\/oportunidades-educativas\\\/\"]}]},{\"@type\":\"BreadcrumbList\",\"@id\":\"https:\\\/\\\/mofamilytofamily.org\\\/es\\\/oportunidades-educativas\\\/#breadcrumb\",\"itemListElement\":[{\"@type\":\"ListItem\",\"position\":1,\"name\":\"Home\",\"item\":\"https:\\\/\\\/mofamilytofamily.org\\\/es\\\/inicio\\\/\"},{\"@type\":\"ListItem\",\"position\":2,\"name\":\"Oportunidades educativas\"}]},{\"@type\":\"WebSite\",\"@id\":\"https:\\\/\\\/mofamilytofamily.org\\\/es\\\/#website\",\"url\":\"https:\\\/\\\/mofamilytofamily.org\\\/es\\\/\",\"name\":\"Missouri Family to Family\",\"description\":\"Support. Empower. Engage.\",\"potentialAction\":[{\"@type\":\"SearchAction\",\"target\":{\"@type\":\"EntryPoint\",\"urlTemplate\":\"https:\\\/\\\/mofamilytofamily.org\\\/es\\\/?s={search_term_string}\"},\"query-input\":{\"@type\":\"PropertyValueSpecification\",\"valueRequired\":true,\"valueName\":\"search_term_string\"}}],\"inLanguage\":\"es\"}]}<\/script>\n<!-- \/ Yoast SEO plugin. -->","yoast_head_json":{"title":"Oportunidades educativas - Missouri Family to Family","robots":{"index":"index","follow":"follow","max-snippet":"max-snippet:-1","max-image-preview":"max-image-preview:large","max-video-preview":"max-video-preview:-1"},"canonical":"https:\/\/mofamilytofamily.org\/es\/oportunidades-educativas\/","og_locale":"es_ES","og_type":"article","og_title":"Oportunidades educativas - Missouri Family to Family","og_description":"Formaci\u00f3n para particulares y simpatizantesSerie de puertas abiertas de MissouriLa Serie de Talleres Puerta Abierta de Missouri (MOD) es una serie mensual GRATUITA, en la que cada taller se desarrolla en torno a un \u00e1rea tem\u00e1tica designada que proporcionar\u00e1 ideas y soluciones de uso inmediato para ti y las personas a las que apoyas, todo [&hellip;]","og_url":"https:\/\/mofamilytofamily.org\/es\/oportunidades-educativas\/","og_site_name":"Missouri Family to Family","article_modified_time":"2026-03-16T22:02:09+00:00","twitter_card":"summary_large_image","twitter_misc":{"Tiempo de lectura":"8 minutos"},"schema":{"@context":"https:\/\/schema.org","@graph":[{"@type":"WebPage","@id":"https:\/\/mofamilytofamily.org\/es\/oportunidades-educativas\/","url":"https:\/\/mofamilytofamily.org\/es\/oportunidades-educativas\/","name":"Oportunidades educativas - Missouri Family to Family","isPartOf":{"@id":"https:\/\/mofamilytofamily.org\/es\/#website"},"datePublished":"2023-11-18T02:58:51+00:00","dateModified":"2026-03-16T22:02:09+00:00","breadcrumb":{"@id":"https:\/\/mofamilytofamily.org\/es\/oportunidades-educativas\/#breadcrumb"},"inLanguage":"es","potentialAction":[{"@type":"ReadAction","target":["https:\/\/mofamilytofamily.org\/es\/oportunidades-educativas\/"]}]},{"@type":"BreadcrumbList","@id":"https:\/\/mofamilytofamily.org\/es\/oportunidades-educativas\/#breadcrumb","itemListElement":[{"@type":"ListItem","position":1,"name":"Home","item":"https:\/\/mofamilytofamily.org\/es\/inicio\/"},{"@type":"ListItem","position":2,"name":"Oportunidades educativas"}]},{"@type":"WebSite","@id":"https:\/\/mofamilytofamily.org\/es\/#website","url":"https:\/\/mofamilytofamily.org\/es\/","name":"Missouri Family to Family","description":"Support. Empower. Engage.","potentialAction":[{"@type":"SearchAction","target":{"@type":"EntryPoint","urlTemplate":"https:\/\/mofamilytofamily.org\/es\/?s={search_term_string}"},"query-input":{"@type":"PropertyValueSpecification","valueRequired":true,"valueName":"search_term_string"}}],"inLanguage":"es"}]}},"_links":{"self":[{"href":"https:\/\/mofamilytofamily.org\/es\/wp-json\/wp\/v2\/pages\/3000","targetHints":{"allow":["GET"]}}],"collection":[{"href":"https:\/\/mofamilytofamily.org\/es\/wp-json\/wp\/v2\/pages"}],"about":[{"href":"https:\/\/mofamilytofamily.org\/es\/wp-json\/wp\/v2\/types\/page"}],"author":[{"embeddable":true,"href":"https:\/\/mofamilytofamily.org\/es\/wp-json\/wp\/v2\/users\/1"}],"replies":[{"embeddable":true,"href":"https:\/\/mofamilytofamily.org\/es\/wp-json\/wp\/v2\/comments?post=3000"}],"version-history":[{"count":2,"href":"https:\/\/mofamilytofamily.org\/es\/wp-json\/wp\/v2\/pages\/3000\/revisions"}],"predecessor-version":[{"id":3002,"href":"https:\/\/mofamilytofamily.org\/es\/wp-json\/wp\/v2\/pages\/3000\/revisions\/3002"}],"wp:attachment":[{"href":"https:\/\/mofamilytofamily.org\/es\/wp-json\/wp\/v2\/media?parent=3000"}],"curies":[{"name":"wp","href":"https:\/\/api.w.org\/{rel}","templated":true}]}}