{"id":2995,"date":"2024-01-30T16:57:09","date_gmt":"2024-01-30T22:57:09","guid":{"rendered":"https:\/\/mofamilytofamily.org\/para-organizaciones-y-profesionales\/"},"modified":"2026-03-16T17:02:08","modified_gmt":"2026-03-16T22:02:08","slug":"para-organizaciones-y-profesionales","status":"publish","type":"page","link":"https:\/\/mofamilytofamily.org\/es\/para-organizaciones-y-profesionales\/","title":{"rendered":"Para organizaciones y profesionales"},"content":{"rendered":"<p>[et_pb_section fb_built=\u00bb1&#8243; custom_padding_last_edited=\u00bbon|phone\u00bb module_id=\u00bbimagen-h\u00e9roe\u00bb _builder_version=\u00bb4.25.0&#8243; _module_preset=\u00bbdefault\u00bb background_image=\u00bbhttps:\/\/mofamilytofamily.org\/wp-content\/uploads\/2024\/02\/12-1-e1708545325674.png\u00bb background_position=\u00bbtop_center\u00bb custom_padding=\u00bb100px|20px|100px|20px|true|true\u00bb custom_padding_tablet=\u00bb70px||70px||true|true\u00bb custom_padding_phone=\u00bb20px||20px||true|true\u00bb background_last_edited=\u00bbon|phone\u00bb background_image_tablet=\u00bbhttps:\/\/mofamilytofamily.org\/wp-content\/uploads\/2024\/02\/12-1-e1708545325674.png\u00bb background_image_phone=\u00bbhttps:\/\/mofamilytofamily.org\/wp-content\/uploads\/2024\/02\/12-1-e1708545325674.png\u00bb background_enable_image_tablet=\u00bbon\u00bb background_enable_image_phone=\u00bbon\u00bb locked=\u00bboff\u00bb global_colors_info=\u00bb{}\u00bb][et_pb_row use_custom_gutter=\u00bbon\u00bb gutter_width=\u00bb1&#8243; make_equal=\u00bbon\u00bb module_class=\u00bbinternal-hero\u00bb _builder_version=\u00bb4.23.1&#8243; _module_preset=\u00bbdefault\u00bb width=\u00bb100%\u00bb max_width=\u00bb100%\u00bb module_alignment=\u00bbcenter\u00bb global_colors_info=\u00bb{}\u00bb custom_css_main_element_last_edited=\u00bbon|desktop\u00bb][et_pb_column type=\u00bb4_4&#8243; _builder_version=\u00bb4.23.1&#8243; _module_preset=\u00bbdefault\u00bb global_colors_info=\u00bb{}\u00bb][et_pb_code _builder_version=\u00bb4.24.0&#8243; _module_preset=\u00bbdefault\u00bb global_colors_info=\u00bb{}\u00bb]<\/p>\n<h1 style=\"text-align:center;\"><!-- [et_pb_line_break_holder] -->  <img decoding=\"async\" src=\"\/wp-content\/uploads\/2023\/11\/For-organizations-professionals.png\" alt=\"Para organizaciones y profesionales\" style=\"max-height:150px; width:auto;\"><!-- [et_pb_line_break_holder] --><\/h1>\n<p>[\/et_pb_code][\/et_pb_column][\/et_pb_row][\/et_pb_section][et_pb_section fb_built=\u00bb1&#8243; _builder_version=\u00bb4.24.0&#8243; _module_preset=\u00bbdefault\u00bb custom_margin=\u00bb0px||0px||false|false\u00bb custom_padding=\u00bb||0px||false|false\u00bb global_colors_info=\u00bb{}\u00bb][et_pb_row _builder_version=\u00bb4.23.1&#8243; _module_preset=\u00bbdefault\u00bb custom_margin=\u00bb||||true|false\u00bb custom_padding=\u00bb||||true|false\u00bb global_colors_info=\u00bb{}\u00bb][et_pb_column type=\u00bb4_4&#8243; _builder_version=\u00bb4.23.1&#8243; _module_preset=\u00bbdefault\u00bb global_colors_info=\u00bb{}\u00bb][et_pb_text _builder_version=\u00bb4.24.2&#8243; _module_preset=\u00bbdefault\u00bb text_text_color=\u00bb#000000&#8243; header_text_align=\u00bbcenter\u00bb header_text_color=\u00bb#2F368F\u00bb header_2_text_color=\u00bb#2F368F\u00bb text_orientation=\u00bbcenter\u00bb header_2_text_color_last_edited=\u00bboff|desktop\u00bb text_orientation_tablet=\u00bbcenter\u00bb text_orientation_phone=\u00bbleft\u00bb text_orientation_last_edited=\u00bbon|phone\u00bb global_colors_info=\u00bb{}\u00bb]<\/p>\n<h3><strong>Oportunidades para organizaciones y profesionales<\/strong><\/h3>\n<p>[\/et_pb_text][\/et_pb_column][\/et_pb_row][et_pb_row _builder_version=\u00bb4.23.1&#8243; _module_preset=\u00bbdefault\u00bb locked=\u00bboff\u00bb global_colors_info=\u00bb{}\u00bb][et_pb_column type=\u00bb4_4&#8243; _builder_version=\u00bb4.23.1&#8243; _module_preset=\u00bbdefault\u00bb global_colors_info=\u00bb{}\u00bb][et_pb_toggle title=\u00bbRed de Defensa de la Educaci\u00f3n Laica de Missouri\u00bb open=\u00bbon\u00bb open_toggle_text_color=\u00bb#000000&#8243; open_toggle_background_color=\u00bb#FFFFFF\u00bb closed_toggle_text_color=\u00bb#000000&#8243; closed_toggle_background_color=\u00bb#FFFFFF\u00bb icon_color=\u00bb#1C85C7&#8243; toggle_icon=\u00bb&#xf078;||fa||900&#8243; open_icon_color=\u00bb#1C85C7&#8243; open_toggle_icon=\u00bb&#xf077;||fa||900&#8243; title_tablet=\u00bbRed de Defensa de la Educaci\u00f3n Laica de Missouri\u00bb title_phone=\u00bbRed de Defensa de la Educaci\u00f3n Laica de Missouri\u00bb title_last_edited=\u00bbon|phone\u00bb _builder_version=\u00bb4.24.3&#8243; _module_preset=\u00bbdefault\u00bb title_text_color=\u00bb#000000&#8243; title_level=\u00bbh2&#8243; title_font=\u00bb|||on|||||\u00bb body_font=\u00bbMontserrat||||||||\u00bb body_text_color=\u00bb#000000&#8243; body_font_size=\u00bb20px\u00bb background_color=\u00bb#FFFFFF\u00bb custom_padding=\u00bb0px|0px|0px|0px|true|true\u00bb title_font_size_last_edited=\u00bboff|desktop\u00bb body_font_size_tablet=\u00bb20px\u00bb body_font_size_phone=\u00bb18px\u00bb body_font_size_last_edited=\u00bbon|phone\u00bb custom_css_free_form=\u00bbselector h4 {||  color:#1c85c7;||  font-size: 24px;||  margin-top:20px;||}||||selector h3 {||  font-size: 28px;||}||||selector h5 {||  font-size:20px;||}\u00bb custom_css_toggle_title=\u00bbbackground-color: #1c85c74d;||border-bottom:10px solid #1c85c7;||padding:10px 20px;\u00bb custom_css_toggle_icon=\u00bbpadding:0px 20px;\u00bb custom_css_toggle_content=\u00bbpadding:20px;\u00bb global_colors_info=\u00bb{}\u00bb custom_css_before_last_edited=\u00bbon|phone\u00bb custom_css_before_phone=\u00bbcontent:%22%22;\u00bb custom_css_before_tablet=\u00bbcontent:%22%22;||\u00bb]<\/p>\n<table border=\"1\" style=\"width: 100%; border-collapse: collapse; border-color: #ffffff; border-style: hidden;\">\n<tbody>\n<tr>\n<td style=\"width: 37.0523%;\"><img loading=\"lazy\" decoding=\"async\" src=\"https:\/\/mofamilytofamily.org\/wp-content\/uploads\/2024\/02\/MOLEAP-Logo-1-300x63.png\" width=\"300\" height=\"63\" alt=\"MOLEAP\" class=\"wp-image-1584 aligncenter size-medium\" srcset=\"https:\/\/mofamilytofamily.org\/wp-content\/uploads\/2024\/02\/MOLEAP-Logo-1-300x63.png 300w, https:\/\/mofamilytofamily.org\/wp-content\/uploads\/2024\/02\/MOLEAP-Logo-1.png 450w\" sizes=\"(max-width: 300px) 100vw, 300px\" \/><\/td>\n<td style=\"width: 62.9477%;\">\n<p>Participa en el Programa de Defensa de la Educaci\u00f3n Laica de Missouri mejorando la defensa de tu organizaci\u00f3n o uni\u00e9ndote a nuestra red de defensa.<\/p>\n<div class=\"et_pb_button_module_wrapper et_pb_button_0_wrapper et_pb_button_alignment_left et_pb_module blue-button\"><a class=\"et_pb_button et_pb_button_0 et_pb_bg_layout_light\" href=\"https:\/\/mofamilytofamily.org\/es\/programa-de-defensa-educativa-de-los-laicos-de-mo\/\">Saber m\u00e1s<\/a><\/div>\n<\/td>\n<\/tr>\n<\/tbody>\n<\/table>\n<p>[\/et_pb_toggle][et_pb_toggle title=\u00bbTrazar el curso de la vida Cap\u00edtulo de Missouri\u00bb open=\u00bbon\u00bb open_toggle_text_color=\u00bb#000000&#8243; open_toggle_background_color=\u00bb#FFFFFF\u00bb closed_toggle_text_color=\u00bb#000000&#8243; closed_toggle_background_color=\u00bb#FFFFFF\u00bb icon_color=\u00bb#A2CC3E\u00bb toggle_icon=\u00bb&#xf078;||fa||900&#8243; open_icon_color=\u00bb#A2CC3E\u00bb open_toggle_icon=\u00bb&#xf077;||fa||900&#8243; _builder_version=\u00bb4.24.3&#8243; _module_preset=\u00bbdefault\u00bb title_text_color=\u00bb#000000&#8243; title_level=\u00bbh2&#8243; title_font=\u00bb|||on|||||\u00bb body_text_color=\u00bb#000000&#8243; body_font_size=\u00bb20px\u00bb background_color=\u00bb#FFFFFF\u00bb custom_padding=\u00bb0px|0px|0px|0px|true|true\u00bb body_font_size_tablet=\u00bb20px\u00bb body_font_size_phone=\u00bb18px\u00bb body_font_size_last_edited=\u00bbon|phone\u00bb custom_css_free_form=\u00bbselector h4 {||  color:#a2cc3e;||  font-size: 24px;||  margin-top:20px;||}||||selector h3 {||  font-size: 28px;||}||||selector h5 {||  font-size:20px;||}\u00bb custom_css_toggle_title=\u00bbbackground-color: #a2cc3e4d;||border-bottom:10px solid #a2cc3e;||padding:10px 20px;\u00bb custom_css_toggle_icon=\u00bbpadding:0px 20px;\u00bb custom_css_toggle_content=\u00bbpadding:20px;\u00bb global_colors_info=\u00bb{}\u00bb custom_css_before_last_edited=\u00bbon|phone\u00bb custom_css_before_phone=\u00bbcontent:%22%22;||\u00bb custom_css_before_tablet=\u00bbcontent:%22%22;||\u00bb]<\/p>\n<table border=\"1\" style=\"width: 100%; border-collapse: collapse; border-color: #ffffff; border-style: hidden;\">\n<tbody>\n<tr>\n<td style=\"width: 37.0523%;\"><img loading=\"lazy\" decoding=\"async\" src=\"https:\/\/mofamilytofamily.org\/wp-content\/uploads\/2024\/01\/CtLC-Badges_Missouri_Chapter-300x71.png\" width=\"300\" height=\"71\" alt=\"Trazar el curso de la vida Cap\u00edtulo de Missouri\" class=\"wp-image-1167 aligncenter size-medium\"><\/td>\n<td style=\"width: 62.9477%;\">\n<p>El Missouri LifeCourse Nexus Chapter se esfuerza por implicar y unir a las partes interesadas locales, regionales y\/o estatales en torno a una visi\u00f3n compartida, un lenguaje com\u00fan y un compromiso con las pr\u00e1cticas centradas en la persona y la familia con otras personas de todo el pa\u00eds.<\/p>\n<div class=\"et_pb_button_module_wrapper et_pb_button_0_wrapper et_pb_button_alignment_left et_pb_module green-button\"><a class=\"et_pb_button et_pb_button_0 et_pb_bg_layout_light\" href=\"https:\/\/mofamilytofamily.org\/es\/capitulo-lifecourse-de-missouri\/\">Saber m\u00e1s<\/a><\/div>\n<\/td>\n<\/tr>\n<\/tbody>\n<\/table>\n<p>[\/et_pb_toggle][et_pb_toggle title=\u00bbMissouri No Wrong Door\u00bb open=\u00bbon\u00bb open_toggle_text_color=\u00bb#000000&#8243; open_toggle_background_color=\u00bb#FFFFFF\u00bb closed_toggle_text_color=\u00bb#000000&#8243; closed_toggle_background_color=\u00bb#FFFFFF\u00bb icon_color=\u00bb#F9A121&#8243; toggle_icon=\u00bb&#xf078;||fa||900&#8243; open_icon_color=\u00bb#F9A121&#8243; open_toggle_icon=\u00bb&#xf077;||fa||900&#8243; _builder_version=\u00bb4.24.3&#8243; _module_preset=\u00bbdefault\u00bb title_text_color=\u00bb#000000&#8243; title_level=\u00bbh2&#8243; title_font=\u00bb|||on|||||\u00bb body_text_color=\u00bb#000000&#8243; body_font_size=\u00bb20px\u00bb background_color=\u00bb#FFFFFF\u00bb custom_padding=\u00bb0px|0px|0px|0px|true|true\u00bb body_font_size_tablet=\u00bb20px\u00bb body_font_size_phone=\u00bb18px\u00bb body_font_size_last_edited=\u00bbon|phone\u00bb custom_css_free_form=\u00bbselector h4 {||  color:#f9a121;||  font-size: 24px;||  margin-top:20px;||}||||selector h3 {||  font-size: 28px;||}||||selector h5 {||  font-size:20px;||}\u00bb custom_css_toggle_title=\u00bbbackground-color: rgba(249,161,33,0.3);||border-bottom:10px solid #f9a121;||padding:10px 20px;\u00bb custom_css_toggle_icon=\u00bbpadding:0px 20px;\u00bb custom_css_toggle_content=\u00bbpadding:20px;\u00bb global_colors_info=\u00bb{}\u00bb custom_css_before_last_edited=\u00bbon|tablet\u00bb custom_css_before_phone=\u00bbcontent:%22%22;||\u00bb custom_css_before_tablet=\u00bbcontent:%22%22;||\u00bb]<\/p>\n<table border=\"1\" style=\"width: 100%; border-collapse: collapse; border-color: #ffffff; border-style: hidden;\">\n<tbody>\n<tr>\n<td><img loading=\"lazy\" decoding=\"async\" src=\"https:\/\/mofamilytofamily.org\/wp-content\/uploads\/2024\/02\/Full-NWD-Logo-1-300x120.jpg\" width=\"300\" height=\"120\" alt=\"Missouri no se equivoca de puerta\"><\/td>\n<td style=\"width: 62.9477%;\">\n<p>Los Sistemas de No Wrong Door (NWD) capacitan a las personas para tomar decisiones informadas, ejercer el control sobre sus necesidades de asistencia a largo plazo y alcanzar sus objetivos y preferencias personales.<\/p>\n<p>Como parte de la iniciativa Missouri No Wrong Door, organizamos la serie de talleres Missouri Open Door (MOD). Se trata de una serie GRATUITA, en la que cada taller mensual gira en torno a un tema espec\u00edfico que te proporcionar\u00e1 ideas y soluciones de uso inmediato para ti y para las personas a las que apoyas. <\/p>\n<div class=\"et_pb_button_module_wrapper et_pb_button_0_wrapper et_pb_button_alignment_left et_pb_module orange-button\"><a class=\"et_pb_button et_pb_button_0 et_pb_bg_layout_light\" href=\"https:\/\/mofamilytofamily.org\/es\/ninguna-puerta-equivocada\/\">Saber m\u00e1s<\/a><\/div>\n<\/td>\n<\/tr>\n<\/tbody>\n<\/table>\n<p>[\/et_pb_toggle][et_pb_toggle title=\u00bbCarpeta %22Verde%22 de Recursos de Missouri\u00bb open=\u00bbon\u00bb open_toggle_text_color=\u00bb#000000&#8243; open_toggle_background_color=\u00bb#FFFFFF\u00bb closed_toggle_text_color=\u00bb#000000&#8243; closed_toggle_background_color=\u00bb#FFFFFF\u00bb icon_color=\u00bb#A2CC3E\u00bb toggle_icon=\u00bb&#xf078;||fa||900&#8243; open_icon_color=\u00bb#A2CC3E\u00bb open_toggle_icon=\u00bb&#xf077;||fa||900&#8243; _builder_version=\u00bb4.27.0&#8243; _module_preset=\u00bbdefault\u00bb title_text_color=\u00bb#000000&#8243; title_level=\u00bbh2&#8243; title_font=\u00bb|||on|||||\u00bb body_text_color=\u00bb#000000&#8243; body_font_size=\u00bb20px\u00bb background_color=\u00bb#FFFFFF\u00bb custom_padding=\u00bb0px|0px|0px|0px|true|true\u00bb hover_enabled=\u00bb0&#8243; body_font_size_tablet=\u00bb20px\u00bb body_font_size_phone=\u00bb18px\u00bb body_font_size_last_edited=\u00bbon|phone\u00bb custom_css_free_form=\u00bbselector h4 {||  color:#a2cc3e;||  font-size: 24px;||  margin-top:20px;||}||||selector h3 {||  font-size: 28px;||}||||selector h5 {||  font-size:20px;||}\u00bb custom_css_toggle_title=\u00bbbackground-color: #a2cc3e4d;||border-bottom:10px solid #a2cc3e;||padding:10px 20px;\u00bb custom_css_toggle_icon=\u00bbpadding:0px 20px;\u00bb custom_css_toggle_content=\u00bbpadding:20px;\u00bb global_colors_info=\u00bb{}\u00bb custom_css_before_last_edited=\u00bbon|phone\u00bb custom_css_before_phone=\u00bbcontent:%22%22;||\u00bb custom_css_before_tablet=\u00bbcontent:%22%22;||\u00bb sticky_enabled=\u00bb0&#8243;]<\/p>\n<table border=\"1\" style=\"width: 100%; border-collapse: collapse; border-color: #ffffff; border-style: hidden;\">\n<tbody>\n<tr>\n<td style=\"width: 37.0523%;\"><img loading=\"lazy\" decoding=\"async\" src=\"https:\/\/mofamilytofamily.org\/wp-content\/uploads\/2024\/09\/LifeCourse_Green-Folder_2024-frontampback-cover-300x200.png\" width=\"300\" height=\"200\" alt=\"Tapa de la carpeta para  \" navigating=\"\" your=\"\" good=\"\" life=\"\" featuring=\"\" support=\"\" information=\"\" and=\"\" images=\"\" of=\"\" families=\"\" class=\"wp-image-2680 alignnone size-medium\"><\/td>\n<td style=\"width: 62.9477%;\">\n<p><span>La \u00abCarpeta Verde\u00bb es una lista seleccionada de servicios y ayudas integrados a disposici\u00f3n de las personas en Misuri. Los recursos de esta carpeta est\u00e1n categorizados para que encuentres sin problemas la ayuda que buscas. Navega por tu buena vida con este recurso gratuito.    <\/span><\/p>\n<div class=\"et_pb_button_module_wrapper et_pb_button_0_wrapper et_pb_button_alignment_left et_pb_module green-button\"><a class=\"et_pb_button et_pb_button_0 et_pb_bg_layout_light\" href=\"https:\/\/mofamilytofamily.org\/es\/recursos-de-la-carpeta-verde\/\">M\u00e1s informaci\u00f3n y pedidos<\/a><\/div>\n<\/td>\n<\/tr>\n<\/tbody>\n<\/table>\n<p>[\/et_pb_toggle][et_pb_toggle title=\u00bbAf\u00edliate\u00bb open=\u00bbon\u00bb open_toggle_text_color=\u00bb#000000&#8243; open_toggle_background_color=\u00bb#FFFFFF\u00bb closed_toggle_text_color=\u00bb#000000&#8243; closed_toggle_background_color=\u00bb#FFFFFF\u00bb icon_color=\u00bb#EB1765&#8243; toggle_icon=\u00bb&#xf078;||fa||900&#8243; open_icon_color=\u00bb#EB1765&#8243; open_toggle_icon=\u00bb&#xf077;||fa||900&#8243; _builder_version=\u00bb4.24.3&#8243; _module_preset=\u00bbdefault\u00bb title_text_color=\u00bb#000000&#8243; title_level=\u00bbh2&#8243; title_font=\u00bb|||on|||||\u00bb body_text_color=\u00bb#000000&#8243; body_font_size=\u00bb20px\u00bb background_color=\u00bb#FFFFFF\u00bb custom_padding=\u00bb0px|0px|0px|0px|true|true\u00bb body_font_size_tablet=\u00bb20px\u00bb body_font_size_phone=\u00bb18px\u00bb body_font_size_last_edited=\u00bbon|phone\u00bb custom_css_free_form=\u00bbselector h4 {||  color:#eb1765;||  font-size: 24px;||  margin-top:20px;||}||||selector h3 {||  font-size: 28px;||}||||selector h5 {||  font-size:20px;||}\u00bb custom_css_toggle_title=\u00bbbackground-color: #eb17654d;||border-bottom:10px solid #eb1765;||padding:10px 20px;\u00bb custom_css_toggle_icon=\u00bbpadding:0px 20px;\u00bb custom_css_toggle_content=\u00bbpadding:20px;\u00bb global_colors_info=\u00bb{}\u00bb custom_css_before_last_edited=\u00bbon|tablet\u00bb custom_css_before_phone=\u00bbcontent:%22%22;||\u00bb custom_css_before_tablet=\u00bbcontent:%22%22;||\u00bb]<\/p>\n<table border=\"1\" style=\"width: 100%; border-collapse: collapse; border-color: #ffffff; border-style: hidden;\">\n<tbody>\n<tr>\n<td style=\"width: 37.0523%;\"><img loading=\"lazy\" decoding=\"async\" src=\"https:\/\/mofamilytofamily.org\/wp-content\/uploads\/2023\/11\/MOF2F-logo-300x91.png\" width=\"300\" height=\"91\" alt=\"Missouri De familia a familia\" class=\"wp-image-21 aligncenter size-medium\"><\/td>\n<td style=\"width: 62.9477%;\">\n<p>El Missouri LifeCourse Nexus Chapter se esfuerza por implicar y unir a las partes interesadas locales, regionales y\/o estatales en torno a una visi\u00f3n compartida, un lenguaje com\u00fan y un compromiso con las pr\u00e1cticas centradas en la persona y la familia con otras personas de todo el pa\u00eds.<\/p>\n<div class=\"et_pb_button_module_wrapper et_pb_button_0_wrapper et_pb_button_alignment_left et_pb_module pink-button\"><a class=\"et_pb_button et_pb_button_0 et_pb_bg_layout_light\" href=\"mailto:mofamilytofamily@umkc.edu\">Saber m\u00e1s<\/a><\/div>\n<\/td>\n<\/tr>\n<\/tbody>\n<\/table>\n<div><\/div>\n<p>[\/et_pb_toggle][\/et_pb_column][\/et_pb_row][\/et_pb_section]<\/p>\n","protected":false},"excerpt":{"rendered":"<p>Oportunidades para organizaciones y profesionales Participa en el Programa de Defensa de la Educaci\u00f3n Laica de Missouri mejorando la defensa de tu organizaci\u00f3n o uni\u00e9ndote a nuestra red de defensa. Saber m\u00e1s El Missouri LifeCourse Nexus Chapter se esfuerza por implicar y unir a las partes interesadas locales, regionales y\/o estatales en torno a una [&hellip;]<\/p>\n","protected":false},"author":1,"featured_media":0,"parent":0,"menu_order":0,"comment_status":"closed","ping_status":"closed","template":"","meta":{"_et_pb_use_builder":"on","_et_pb_old_content":"","_et_gb_content_width":"","footnotes":""},"class_list":["post-2995","page","type-page","status-publish","hentry"],"yoast_head":"<!-- This site is optimized with the Yoast SEO plugin v27.3 - https:\/\/yoast.com\/product\/yoast-seo-wordpress\/ -->\n<title>Para organizaciones y profesionales - Missouri Family to Family<\/title>\n<meta name=\"robots\" content=\"index, follow, max-snippet:-1, max-image-preview:large, max-video-preview:-1\" \/>\n<link rel=\"canonical\" href=\"https:\/\/mofamilytofamily.org\/es\/para-organizaciones-y-profesionales\/\" \/>\n<meta property=\"og:locale\" content=\"es_ES\" \/>\n<meta property=\"og:type\" content=\"article\" \/>\n<meta property=\"og:title\" content=\"Para organizaciones y profesionales - Missouri Family to Family\" \/>\n<meta property=\"og:description\" content=\"Oportunidades para organizaciones y profesionales Participa en el Programa de Defensa de la Educaci\u00f3n Laica de Missouri mejorando la defensa de tu organizaci\u00f3n o uni\u00e9ndote a nuestra red de defensa. Saber m\u00e1s El Missouri LifeCourse Nexus Chapter se esfuerza por implicar y unir a las partes interesadas locales, regionales y\/o estatales en torno a una [&hellip;]\" \/>\n<meta property=\"og:url\" content=\"https:\/\/mofamilytofamily.org\/es\/para-organizaciones-y-profesionales\/\" \/>\n<meta property=\"og:site_name\" content=\"Missouri Family to Family\" \/>\n<meta property=\"article:modified_time\" content=\"2026-03-16T22:02:08+00:00\" \/>\n<meta property=\"og:image\" content=\"https:\/\/mofamilytofamily.org\/wp-content\/uploads\/2024\/02\/MOLEAP-Logo-1-300x63.png\" \/>\n<meta name=\"twitter:card\" content=\"summary_large_image\" \/>\n<meta name=\"twitter:label1\" content=\"Tiempo de lectura\" \/>\n\t<meta name=\"twitter:data1\" content=\"8 minutos\" \/>\n<script type=\"application\/ld+json\" class=\"yoast-schema-graph\">{\"@context\":\"https:\\\/\\\/schema.org\",\"@graph\":[{\"@type\":\"WebPage\",\"@id\":\"https:\\\/\\\/mofamilytofamily.org\\\/es\\\/para-organizaciones-y-profesionales\\\/\",\"url\":\"https:\\\/\\\/mofamilytofamily.org\\\/es\\\/para-organizaciones-y-profesionales\\\/\",\"name\":\"Para organizaciones y profesionales - Missouri Family to Family\",\"isPartOf\":{\"@id\":\"https:\\\/\\\/mofamilytofamily.org\\\/es\\\/#website\"},\"primaryImageOfPage\":{\"@id\":\"https:\\\/\\\/mofamilytofamily.org\\\/es\\\/para-organizaciones-y-profesionales\\\/#primaryimage\"},\"image\":{\"@id\":\"https:\\\/\\\/mofamilytofamily.org\\\/es\\\/para-organizaciones-y-profesionales\\\/#primaryimage\"},\"thumbnailUrl\":\"https:\\\/\\\/mofamilytofamily.org\\\/wp-content\\\/uploads\\\/2024\\\/02\\\/MOLEAP-Logo-1-300x63.png\",\"datePublished\":\"2024-01-30T22:57:09+00:00\",\"dateModified\":\"2026-03-16T22:02:08+00:00\",\"breadcrumb\":{\"@id\":\"https:\\\/\\\/mofamilytofamily.org\\\/es\\\/para-organizaciones-y-profesionales\\\/#breadcrumb\"},\"inLanguage\":\"es\",\"potentialAction\":[{\"@type\":\"ReadAction\",\"target\":[\"https:\\\/\\\/mofamilytofamily.org\\\/es\\\/para-organizaciones-y-profesionales\\\/\"]}]},{\"@type\":\"ImageObject\",\"inLanguage\":\"es\",\"@id\":\"https:\\\/\\\/mofamilytofamily.org\\\/es\\\/para-organizaciones-y-profesionales\\\/#primaryimage\",\"url\":\"https:\\\/\\\/mofamilytofamily.org\\\/wp-content\\\/uploads\\\/2024\\\/02\\\/MOLEAP-Logo-1-300x63.png\",\"contentUrl\":\"https:\\\/\\\/mofamilytofamily.org\\\/wp-content\\\/uploads\\\/2024\\\/02\\\/MOLEAP-Logo-1-300x63.png\"},{\"@type\":\"BreadcrumbList\",\"@id\":\"https:\\\/\\\/mofamilytofamily.org\\\/es\\\/para-organizaciones-y-profesionales\\\/#breadcrumb\",\"itemListElement\":[{\"@type\":\"ListItem\",\"position\":1,\"name\":\"Home\",\"item\":\"https:\\\/\\\/mofamilytofamily.org\\\/es\\\/inicio\\\/\"},{\"@type\":\"ListItem\",\"position\":2,\"name\":\"Para organizaciones y profesionales\"}]},{\"@type\":\"WebSite\",\"@id\":\"https:\\\/\\\/mofamilytofamily.org\\\/es\\\/#website\",\"url\":\"https:\\\/\\\/mofamilytofamily.org\\\/es\\\/\",\"name\":\"Missouri Family to Family\",\"description\":\"Support. Empower. Engage.\",\"potentialAction\":[{\"@type\":\"SearchAction\",\"target\":{\"@type\":\"EntryPoint\",\"urlTemplate\":\"https:\\\/\\\/mofamilytofamily.org\\\/es\\\/?s={search_term_string}\"},\"query-input\":{\"@type\":\"PropertyValueSpecification\",\"valueRequired\":true,\"valueName\":\"search_term_string\"}}],\"inLanguage\":\"es\"}]}<\/script>\n<!-- \/ Yoast SEO plugin. -->","yoast_head_json":{"title":"Para organizaciones y profesionales - Missouri Family to Family","robots":{"index":"index","follow":"follow","max-snippet":"max-snippet:-1","max-image-preview":"max-image-preview:large","max-video-preview":"max-video-preview:-1"},"canonical":"https:\/\/mofamilytofamily.org\/es\/para-organizaciones-y-profesionales\/","og_locale":"es_ES","og_type":"article","og_title":"Para organizaciones y profesionales - Missouri Family to Family","og_description":"Oportunidades para organizaciones y profesionales Participa en el Programa de Defensa de la Educaci\u00f3n Laica de Missouri mejorando la defensa de tu organizaci\u00f3n o uni\u00e9ndote a nuestra red de defensa. Saber m\u00e1s El Missouri LifeCourse Nexus Chapter se esfuerza por implicar y unir a las partes interesadas locales, regionales y\/o estatales en torno a una [&hellip;]","og_url":"https:\/\/mofamilytofamily.org\/es\/para-organizaciones-y-profesionales\/","og_site_name":"Missouri Family to Family","article_modified_time":"2026-03-16T22:02:08+00:00","og_image":[{"url":"https:\/\/mofamilytofamily.org\/wp-content\/uploads\/2024\/02\/MOLEAP-Logo-1-300x63.png","type":"","width":"","height":""}],"twitter_card":"summary_large_image","twitter_misc":{"Tiempo de lectura":"8 minutos"},"schema":{"@context":"https:\/\/schema.org","@graph":[{"@type":"WebPage","@id":"https:\/\/mofamilytofamily.org\/es\/para-organizaciones-y-profesionales\/","url":"https:\/\/mofamilytofamily.org\/es\/para-organizaciones-y-profesionales\/","name":"Para organizaciones y profesionales - Missouri Family to Family","isPartOf":{"@id":"https:\/\/mofamilytofamily.org\/es\/#website"},"primaryImageOfPage":{"@id":"https:\/\/mofamilytofamily.org\/es\/para-organizaciones-y-profesionales\/#primaryimage"},"image":{"@id":"https:\/\/mofamilytofamily.org\/es\/para-organizaciones-y-profesionales\/#primaryimage"},"thumbnailUrl":"https:\/\/mofamilytofamily.org\/wp-content\/uploads\/2024\/02\/MOLEAP-Logo-1-300x63.png","datePublished":"2024-01-30T22:57:09+00:00","dateModified":"2026-03-16T22:02:08+00:00","breadcrumb":{"@id":"https:\/\/mofamilytofamily.org\/es\/para-organizaciones-y-profesionales\/#breadcrumb"},"inLanguage":"es","potentialAction":[{"@type":"ReadAction","target":["https:\/\/mofamilytofamily.org\/es\/para-organizaciones-y-profesionales\/"]}]},{"@type":"ImageObject","inLanguage":"es","@id":"https:\/\/mofamilytofamily.org\/es\/para-organizaciones-y-profesionales\/#primaryimage","url":"https:\/\/mofamilytofamily.org\/wp-content\/uploads\/2024\/02\/MOLEAP-Logo-1-300x63.png","contentUrl":"https:\/\/mofamilytofamily.org\/wp-content\/uploads\/2024\/02\/MOLEAP-Logo-1-300x63.png"},{"@type":"BreadcrumbList","@id":"https:\/\/mofamilytofamily.org\/es\/para-organizaciones-y-profesionales\/#breadcrumb","itemListElement":[{"@type":"ListItem","position":1,"name":"Home","item":"https:\/\/mofamilytofamily.org\/es\/inicio\/"},{"@type":"ListItem","position":2,"name":"Para organizaciones y profesionales"}]},{"@type":"WebSite","@id":"https:\/\/mofamilytofamily.org\/es\/#website","url":"https:\/\/mofamilytofamily.org\/es\/","name":"Missouri Family to Family","description":"Support. Empower. Engage.","potentialAction":[{"@type":"SearchAction","target":{"@type":"EntryPoint","urlTemplate":"https:\/\/mofamilytofamily.org\/es\/?s={search_term_string}"},"query-input":{"@type":"PropertyValueSpecification","valueRequired":true,"valueName":"search_term_string"}}],"inLanguage":"es"}]}},"_links":{"self":[{"href":"https:\/\/mofamilytofamily.org\/es\/wp-json\/wp\/v2\/pages\/2995","targetHints":{"allow":["GET"]}}],"collection":[{"href":"https:\/\/mofamilytofamily.org\/es\/wp-json\/wp\/v2\/pages"}],"about":[{"href":"https:\/\/mofamilytofamily.org\/es\/wp-json\/wp\/v2\/types\/page"}],"author":[{"embeddable":true,"href":"https:\/\/mofamilytofamily.org\/es\/wp-json\/wp\/v2\/users\/1"}],"replies":[{"embeddable":true,"href":"https:\/\/mofamilytofamily.org\/es\/wp-json\/wp\/v2\/comments?post=2995"}],"version-history":[{"count":2,"href":"https:\/\/mofamilytofamily.org\/es\/wp-json\/wp\/v2\/pages\/2995\/revisions"}],"predecessor-version":[{"id":2999,"href":"https:\/\/mofamilytofamily.org\/es\/wp-json\/wp\/v2\/pages\/2995\/revisions\/2999"}],"wp:attachment":[{"href":"https:\/\/mofamilytofamily.org\/es\/wp-json\/wp\/v2\/media?parent=2995"}],"curies":[{"name":"wp","href":"https:\/\/api.w.org\/{rel}","templated":true}]}}