{"id":2987,"date":"2024-01-30T21:02:15","date_gmt":"2024-01-31T03:02:15","guid":{"rendered":"https:\/\/mofamilytofamily.org\/involucrate\/"},"modified":"2026-03-16T17:02:06","modified_gmt":"2026-03-16T22:02:06","slug":"involucrate","status":"publish","type":"page","link":"https:\/\/mofamilytofamily.org\/es\/involucrate\/","title":{"rendered":"Invol\u00facrate"},"content":{"rendered":"<p>[et_pb_section fb_built=\u00bb1&#8243; custom_padding_last_edited=\u00bbon|phone\u00bb module_id=\u00bbimagen-h\u00e9roe\u00bb _builder_version=\u00bb4.24.0&#8243; _module_preset=\u00bbdefault\u00bb background_image=\u00bbhttps:\/\/mofamilytofamily.org\/wp-content\/uploads\/2024\/02\/9-1.png\u00bb custom_padding=\u00bb100px|20px|100px|20px|true|true\u00bb custom_padding_tablet=\u00bb70px||70px||true|true\u00bb custom_padding_phone=\u00bb20px||20px||true|true\u00bb background_last_edited=\u00bbon|phone\u00bb locked=\u00bboff\u00bb global_colors_info=\u00bb{}\u00bb][et_pb_row use_custom_gutter=\u00bbon\u00bb gutter_width=\u00bb1&#8243; make_equal=\u00bbon\u00bb module_class=\u00bbinternal-hero\u00bb _builder_version=\u00bb4.23.1&#8243; _module_preset=\u00bbdefault\u00bb width=\u00bb100%\u00bb max_width=\u00bb100%\u00bb module_alignment=\u00bbcenter\u00bb global_colors_info=\u00bb{}\u00bb custom_css_main_element_last_edited=\u00bbon|desktop\u00bb][et_pb_column type=\u00bb4_4&#8243; _builder_version=\u00bb4.23.1&#8243; _module_preset=\u00bbdefault\u00bb global_colors_info=\u00bb{}\u00bb][et_pb_code _builder_version=\u00bb4.24.0&#8243; _module_preset=\u00bbdefault\u00bb global_colors_info=\u00bb{}\u00bb]<\/p>\n<h1 style=\"text-align:center;\"><!-- [et_pb_line_break_holder] -->  <img decoding=\"async\" src=\"\/wp-content\/uploads\/2023\/11\/Engage.png\" alt=\"Invol\u00facrate\" style=\"max-height:150px; width:auto;\"><!-- [et_pb_line_break_holder] --><\/h1>\n<p>[\/et_pb_code][\/et_pb_column][\/et_pb_row][\/et_pb_section][et_pb_section fb_built=\u00bb1&#8243; _builder_version=\u00bb4.24.0&#8243; _module_preset=\u00bbdefault\u00bb custom_padding=\u00bb0px|20px|0px|20px|true|true\u00bb global_colors_info=\u00bb{}\u00bb][et_pb_row column_structure=\u00bb1_3,2_3&#8243; _builder_version=\u00bb4.24.0&#8243; _module_preset=\u00bbdefault\u00bb width=\u00bb100%\u00bb module_alignment=\u00bbcenter\u00bb custom_margin=\u00bb||||true|true\u00bb custom_padding=\u00bb60px||60px||true|true\u00bb global_colors_info=\u00bb{}\u00bb][et_pb_column type=\u00bb1_3&#8243; _builder_version=\u00bb4.24.0&#8243; _module_preset=\u00bbdefault\u00bb global_colors_info=\u00bb{}\u00bb][et_pb_image src=\u00bbhttps:\/\/mofamilytofamily.org\/wp-content\/uploads\/2024\/02\/MoLN-Logo-1.png\u00bb alt=\u00bbRed de Liderazgo de Missouri\u00bb title_text=\u00bbLogotipo MoLN\u00bb align=\u00bbcenter\u00bb _builder_version=\u00bb4.24.2&#8243; _module_preset=\u00bbdefault\u00bb max_width=\u00bb360px\u00bb module_alignment=\u00bbcenter\u00bb custom_padding=\u00bb75px||||false|false\u00bb global_colors_info=\u00bb{}\u00bb][\/et_pb_image][et_pb_button button_url=\u00bb@ET-DC@eyJkeW5hbWljIjp0cnVlLCJjb250ZW50IjoicG9zdF9saW5rX3VybF9wYWdlIiwic2V0dGluZ3MiOnsicG9zdF9pZCI6IjQ1MSIsImVuYWJsZV9odG1sIjoib2ZmIn19@\u00bb button_text=\u00bbSaber m\u00e1s\u00bb button_alignment=\u00bbcenter\u00bb _builder_version=\u00bb4.24.2&#8243; _dynamic_attributes=\u00bbbutton_url\u00bb _module_preset=\u00bbdefault\u00bb custom_button=\u00bbon\u00bb button_bg_color=\u00bb#A2CC3E\u00bb custom_margin=\u00bb50px||||false|false\u00bb custom_padding=\u00bb||||false|false\u00bb global_colors_info=\u00bb{}\u00bb button_bg_color__hover=\u00bb#2F368F\u00bb][\/et_pb_button][\/et_pb_column][et_pb_column type=\u00bb2_3&#8243; _builder_version=\u00bb4.24.0&#8243; _module_preset=\u00bbdefault\u00bb global_colors_info=\u00bb{}\u00bb][et_pb_text _builder_version=\u00bb4.24.2&#8243; _module_preset=\u00bbdefault\u00bb header_2_text_color=\u00bb#2F368F\u00bb header_2_font_size=\u00bb42px\u00bb header_2_font_size_tablet=\u00bb32px\u00bb header_2_font_size_phone=\u00bb28px\u00bb global_colors_info=\u00bb{}\u00bb]<\/p>\n<h2>Red de Liderazgo de Missouri<\/h2>\n<p>La Red de Liderazgo de Missouri establece un centro de intercambio de informaci\u00f3n para personas, padres y familiares que desean realizar cambios a todos los niveles, proporcionando informaci\u00f3n y recursos sobre liderazgo. El programa pone en contacto a los familiares con las herramientas y la formaci\u00f3n que necesitan para desarrollar y mejorar sus habilidades de liderazgo y conecta a los l\u00edderes con oportunidades para poner en pr\u00e1ctica sus habilidades y experiencias. La Red de Liderazgo de Missouri tambi\u00e9n proporciona recursos y asistencia t\u00e9cnica para desarrollar la capacidad de las organizaciones y los sistemas de incluir a los l\u00edderes familiares en todos los niveles de la programaci\u00f3n.  <\/p>\n<p>[\/et_pb_text][\/et_pb_column][\/et_pb_row][et_pb_row column_structure=\u00bb1_3,2_3&#8243; _builder_version=\u00bb4.24.0&#8243; _module_preset=\u00bbdefault\u00bb width=\u00bb100%\u00bb module_alignment=\u00bbcenter\u00bb custom_margin=\u00bb||||true|true\u00bb custom_padding=\u00bb60px||60px||true|true\u00bb border_width_top=\u00bb8px\u00bb border_color_top=\u00bb#1C85C7&#8243; border_width_bottom=\u00bb8px\u00bb border_color_bottom=\u00bb#1C85C7&#8243; global_colors_info=\u00bb{}\u00bb][et_pb_column type=\u00bb1_3&#8243; _builder_version=\u00bb4.24.0&#8243; _module_preset=\u00bbdefault\u00bb global_colors_info=\u00bb{}\u00bb][et_pb_image src=\u00bbhttps:\/\/mofamilytofamily.org\/wp-content\/uploads\/2024\/02\/CtLC-Badges_Missouri_Chapter-1.png\u00bb alt=\u00bbTrazar el curso de la vida Cap\u00edtulo de Missouri\u00bb title_text=\u00bbCtLC-Insignias_Cap\u00edtulo_de_Missouri\u00bb align=\u00bbcenter\u00bb _builder_version=\u00bb4.24.2&#8243; _module_preset=\u00bbdefault\u00bb max_width=\u00bb360px\u00bb module_alignment=\u00bbcenter\u00bb custom_padding=\u00bb75px||||false|false\u00bb global_colors_info=\u00bb{}\u00bb][\/et_pb_image][et_pb_button button_url=\u00bb@ET-DC@eyJkeW5hbWljIjp0cnVlLCJjb250ZW50IjoicG9zdF9saW5rX3VybF9wYWdlIiwic2V0dGluZ3MiOnsicG9zdF9pZCI6IjE3MjciLCJlbmFibGVfaHRtbCI6Im9mZiJ9fQ==@\u00bb button_text=\u00bbSaber m\u00e1s\u00bb button_alignment=\u00bbcenter\u00bb _builder_version=\u00bb4.24.2&#8243; _module_preset=\u00bbdefault\u00bb custom_button=\u00bbon\u00bb button_bg_color=\u00bb#1C85C7&#8243; custom_margin=\u00bb50px||||false|false\u00bb hover_enabled=\u00bb0&#8243; global_colors_info=\u00bb{}\u00bb button_bg_color__hover=\u00bb#2F368F\u00bb _dynamic_attributes=\u00bbbutton_url\u00bb sticky_enabled=\u00bb0&#8243;][\/et_pb_button][\/et_pb_column][et_pb_column type=\u00bb2_3&#8243; _builder_version=\u00bb4.24.0&#8243; _module_preset=\u00bbdefault\u00bb global_colors_info=\u00bb{}\u00bb][et_pb_text _builder_version=\u00bb4.24.2&#8243; _module_preset=\u00bbdefault\u00bb header_2_text_color=\u00bb#2F368F\u00bb header_2_font_size=\u00bb42px\u00bb header_2_font_size_tablet=\u00bb32px\u00bb header_2_font_size_phone=\u00bb28px\u00bb global_colors_info=\u00bb{}\u00bb]<\/p>\n<h2>Cap\u00edtulo LifeCourse de Missouri<\/h2>\n<p>Familia a Familia de Missouri lidera el cap\u00edtulo estatal de Trazar el Curso de la Vida, afiliado al Nexo Nacional de Trazar el Curso de la Vida. Organizamos varios actos y reuniones al a\u00f1o y te animamos a que participes en las actividades de la secci\u00f3n, como los Grupos de la Buena Vida, las reuniones de Trazando el Curso de la Vida en Acci\u00f3n y las Reuniones de Partes Interesadas. El Cap\u00edtulo LifeCourse de Missouri permite a las personas y organizaciones mantenerse conectadas y seguir aprendiendo sobre las \u00faltimas innovaciones y pr\u00e1cticas del CtLC.  <\/p>\n<p>[\/et_pb_text][\/et_pb_column][\/et_pb_row][et_pb_row column_structure=\u00bb1_3,2_3&#8243; _builder_version=\u00bb4.24.0&#8243; _module_preset=\u00bbdefault\u00bb width=\u00bb100%\u00bb module_alignment=\u00bbcenter\u00bb custom_margin=\u00bb||||true|true\u00bb custom_padding=\u00bb60px||60px||true|true\u00bb global_colors_info=\u00bb{}\u00bb][et_pb_column type=\u00bb1_3&#8243; _builder_version=\u00bb4.24.0&#8243; _module_preset=\u00bbdefault\u00bb global_colors_info=\u00bb{}\u00bb][et_pb_image src=\u00bbhttps:\/\/mofamilytofamily.org\/wp-content\/uploads\/2024\/03\/IMG_3096-scaled-e1710793053427.jpg\u00bb alt=\u00bbReuni\u00f3n positiva\u00bb title_text=\u00bbIMG_3096&#8243; align=\u00bbcenter\u00bb _builder_version=\u00bb4.24.2&#8243; _module_preset=\u00bbdefault\u00bb max_width=\u00bb300px\u00bb module_alignment=\u00bbcenter\u00bb max_height=\u00bb300px\u00bb custom_css_free_form=\u00bbselector img {||  object-fit:cover;||  aspect-ratio:1 \/ 1;||  object-position: 50% 50%;||}\u00bb global_colors_info=\u00bb{}\u00bb][\/et_pb_image][\/et_pb_column][et_pb_column type=\u00bb2_3&#8243; _builder_version=\u00bb4.24.0&#8243; _module_preset=\u00bbdefault\u00bb global_colors_info=\u00bb{}\u00bb][et_pb_text _builder_version=\u00bb4.24.2&#8243; _module_preset=\u00bbdefault\u00bb header_2_text_color=\u00bb#2F368F\u00bb header_2_font_size=\u00bb42px\u00bb header_2_font_size_tablet=\u00bb32px\u00bb header_2_font_size_phone=\u00bb28px\u00bb global_colors_info=\u00bb{}\u00bb]<\/p>\n<h2>Para organizaciones y profesionales<\/h2>\n<p>Familia a Familia de Misuri ofrece muchas oportunidades a las organizaciones y profesionales que deseen participar, conectar y colaborar. Organizamos diversos cursos de formaci\u00f3n y actos para establecer contactos dise\u00f1ados espec\u00edficamente para profesionales. <\/p>\n<p>[\/et_pb_text][et_pb_button button_url=\u00bb@ET-DC@eyJkeW5hbWljIjp0cnVlLCJjb250ZW50IjoicG9zdF9saW5rX3VybF9wYWdlIiwic2V0dGluZ3MiOnsicG9zdF9pZCI6IjExNTgiLCJlbmFibGVfaHRtbCI6Im9mZiJ9fQ==@\u00bb button_text=\u00bbSaber m\u00e1s\u00bb _builder_version=\u00bb4.24.0&#8243; _dynamic_attributes=\u00bbbutton_url\u00bb _module_preset=\u00bbdefault\u00bb custom_button=\u00bbon\u00bb button_bg_color=\u00bb#F9A121&#8243; custom_margin=\u00bb40px||||false|false\u00bb global_colors_info=\u00bb{}\u00bb button_bg_color__hover=\u00bb#2F368F\u00bb][\/et_pb_button][\/et_pb_column][\/et_pb_row][\/et_pb_section]<\/p>\n","protected":false},"excerpt":{"rendered":"<p>Red de Liderazgo de Missouri La Red de Liderazgo de Missouri establece un centro de intercambio de informaci\u00f3n para personas, padres y familiares que desean realizar cambios a todos los niveles, proporcionando informaci\u00f3n y recursos sobre liderazgo. El programa pone en contacto a los familiares con las herramientas y la formaci\u00f3n que necesitan para desarrollar [&hellip;]<\/p>\n","protected":false},"author":1,"featured_media":0,"parent":0,"menu_order":0,"comment_status":"closed","ping_status":"closed","template":"","meta":{"_et_pb_use_builder":"on","_et_pb_old_content":"","_et_gb_content_width":"","footnotes":""},"class_list":["post-2987","page","type-page","status-publish","hentry"],"yoast_head":"<!-- This site is optimized with the Yoast SEO plugin v27.3 - https:\/\/yoast.com\/product\/yoast-seo-wordpress\/ -->\n<title>Invol\u00facrate - Missouri Family to Family<\/title>\n<meta name=\"robots\" content=\"index, follow, max-snippet:-1, max-image-preview:large, max-video-preview:-1\" \/>\n<link rel=\"canonical\" href=\"https:\/\/mofamilytofamily.org\/es\/involucrate\/\" \/>\n<meta property=\"og:locale\" content=\"es_ES\" \/>\n<meta property=\"og:type\" content=\"article\" \/>\n<meta property=\"og:title\" content=\"Invol\u00facrate - Missouri Family to Family\" \/>\n<meta property=\"og:description\" content=\"Red de Liderazgo de Missouri La Red de Liderazgo de Missouri establece un centro de intercambio de informaci\u00f3n para personas, padres y familiares que desean realizar cambios a todos los niveles, proporcionando informaci\u00f3n y recursos sobre liderazgo. El programa pone en contacto a los familiares con las herramientas y la formaci\u00f3n que necesitan para desarrollar [&hellip;]\" \/>\n<meta property=\"og:url\" content=\"https:\/\/mofamilytofamily.org\/es\/involucrate\/\" \/>\n<meta property=\"og:site_name\" content=\"Missouri Family to Family\" \/>\n<meta property=\"article:modified_time\" content=\"2026-03-16T22:02:06+00:00\" \/>\n<meta name=\"twitter:card\" content=\"summary_large_image\" \/>\n<meta name=\"twitter:label1\" content=\"Tiempo de lectura\" \/>\n\t<meta name=\"twitter:data1\" content=\"5 minutos\" \/>\n<script type=\"application\/ld+json\" class=\"yoast-schema-graph\">{\"@context\":\"https:\\\/\\\/schema.org\",\"@graph\":[{\"@type\":\"WebPage\",\"@id\":\"https:\\\/\\\/mofamilytofamily.org\\\/es\\\/involucrate\\\/\",\"url\":\"https:\\\/\\\/mofamilytofamily.org\\\/es\\\/involucrate\\\/\",\"name\":\"Invol\u00facrate - Missouri Family to Family\",\"isPartOf\":{\"@id\":\"https:\\\/\\\/mofamilytofamily.org\\\/es\\\/#website\"},\"datePublished\":\"2024-01-31T03:02:15+00:00\",\"dateModified\":\"2026-03-16T22:02:06+00:00\",\"breadcrumb\":{\"@id\":\"https:\\\/\\\/mofamilytofamily.org\\\/es\\\/involucrate\\\/#breadcrumb\"},\"inLanguage\":\"es\",\"potentialAction\":[{\"@type\":\"ReadAction\",\"target\":[\"https:\\\/\\\/mofamilytofamily.org\\\/es\\\/involucrate\\\/\"]}]},{\"@type\":\"BreadcrumbList\",\"@id\":\"https:\\\/\\\/mofamilytofamily.org\\\/es\\\/involucrate\\\/#breadcrumb\",\"itemListElement\":[{\"@type\":\"ListItem\",\"position\":1,\"name\":\"Home\",\"item\":\"https:\\\/\\\/mofamilytofamily.org\\\/es\\\/inicio\\\/\"},{\"@type\":\"ListItem\",\"position\":2,\"name\":\"Invol\u00facrate\"}]},{\"@type\":\"WebSite\",\"@id\":\"https:\\\/\\\/mofamilytofamily.org\\\/es\\\/#website\",\"url\":\"https:\\\/\\\/mofamilytofamily.org\\\/es\\\/\",\"name\":\"Missouri Family to Family\",\"description\":\"Support. Empower. Engage.\",\"potentialAction\":[{\"@type\":\"SearchAction\",\"target\":{\"@type\":\"EntryPoint\",\"urlTemplate\":\"https:\\\/\\\/mofamilytofamily.org\\\/es\\\/?s={search_term_string}\"},\"query-input\":{\"@type\":\"PropertyValueSpecification\",\"valueRequired\":true,\"valueName\":\"search_term_string\"}}],\"inLanguage\":\"es\"}]}<\/script>\n<!-- \/ Yoast SEO plugin. -->","yoast_head_json":{"title":"Invol\u00facrate - Missouri Family to Family","robots":{"index":"index","follow":"follow","max-snippet":"max-snippet:-1","max-image-preview":"max-image-preview:large","max-video-preview":"max-video-preview:-1"},"canonical":"https:\/\/mofamilytofamily.org\/es\/involucrate\/","og_locale":"es_ES","og_type":"article","og_title":"Invol\u00facrate - Missouri Family to Family","og_description":"Red de Liderazgo de Missouri La Red de Liderazgo de Missouri establece un centro de intercambio de informaci\u00f3n para personas, padres y familiares que desean realizar cambios a todos los niveles, proporcionando informaci\u00f3n y recursos sobre liderazgo. El programa pone en contacto a los familiares con las herramientas y la formaci\u00f3n que necesitan para desarrollar [&hellip;]","og_url":"https:\/\/mofamilytofamily.org\/es\/involucrate\/","og_site_name":"Missouri Family to Family","article_modified_time":"2026-03-16T22:02:06+00:00","twitter_card":"summary_large_image","twitter_misc":{"Tiempo de lectura":"5 minutos"},"schema":{"@context":"https:\/\/schema.org","@graph":[{"@type":"WebPage","@id":"https:\/\/mofamilytofamily.org\/es\/involucrate\/","url":"https:\/\/mofamilytofamily.org\/es\/involucrate\/","name":"Invol\u00facrate - Missouri Family to Family","isPartOf":{"@id":"https:\/\/mofamilytofamily.org\/es\/#website"},"datePublished":"2024-01-31T03:02:15+00:00","dateModified":"2026-03-16T22:02:06+00:00","breadcrumb":{"@id":"https:\/\/mofamilytofamily.org\/es\/involucrate\/#breadcrumb"},"inLanguage":"es","potentialAction":[{"@type":"ReadAction","target":["https:\/\/mofamilytofamily.org\/es\/involucrate\/"]}]},{"@type":"BreadcrumbList","@id":"https:\/\/mofamilytofamily.org\/es\/involucrate\/#breadcrumb","itemListElement":[{"@type":"ListItem","position":1,"name":"Home","item":"https:\/\/mofamilytofamily.org\/es\/inicio\/"},{"@type":"ListItem","position":2,"name":"Invol\u00facrate"}]},{"@type":"WebSite","@id":"https:\/\/mofamilytofamily.org\/es\/#website","url":"https:\/\/mofamilytofamily.org\/es\/","name":"Missouri Family to Family","description":"Support. Empower. Engage.","potentialAction":[{"@type":"SearchAction","target":{"@type":"EntryPoint","urlTemplate":"https:\/\/mofamilytofamily.org\/es\/?s={search_term_string}"},"query-input":{"@type":"PropertyValueSpecification","valueRequired":true,"valueName":"search_term_string"}}],"inLanguage":"es"}]}},"_links":{"self":[{"href":"https:\/\/mofamilytofamily.org\/es\/wp-json\/wp\/v2\/pages\/2987","targetHints":{"allow":["GET"]}}],"collection":[{"href":"https:\/\/mofamilytofamily.org\/es\/wp-json\/wp\/v2\/pages"}],"about":[{"href":"https:\/\/mofamilytofamily.org\/es\/wp-json\/wp\/v2\/types\/page"}],"author":[{"embeddable":true,"href":"https:\/\/mofamilytofamily.org\/es\/wp-json\/wp\/v2\/users\/1"}],"replies":[{"embeddable":true,"href":"https:\/\/mofamilytofamily.org\/es\/wp-json\/wp\/v2\/comments?post=2987"}],"version-history":[{"count":2,"href":"https:\/\/mofamilytofamily.org\/es\/wp-json\/wp\/v2\/pages\/2987\/revisions"}],"predecessor-version":[{"id":2991,"href":"https:\/\/mofamilytofamily.org\/es\/wp-json\/wp\/v2\/pages\/2987\/revisions\/2991"}],"wp:attachment":[{"href":"https:\/\/mofamilytofamily.org\/es\/wp-json\/wp\/v2\/media?parent=2987"}],"curies":[{"name":"wp","href":"https:\/\/api.w.org\/{rel}","templated":true}]}}