{"id":2973,"date":"2024-03-01T16:33:19","date_gmt":"2024-03-01T22:33:19","guid":{"rendered":"https:\/\/mofamilytofamily.org\/capitulo-lifecourse-de-missouri\/"},"modified":"2026-03-16T17:01:57","modified_gmt":"2026-03-16T22:01:57","slug":"capitulo-lifecourse-de-missouri","status":"publish","type":"page","link":"https:\/\/mofamilytofamily.org\/es\/capitulo-lifecourse-de-missouri\/","title":{"rendered":"Cap\u00edtulo LifeCourse de Missouri"},"content":{"rendered":"<p>[et_pb_section fb_built=\u00bb1&#8243; custom_padding_last_edited=\u00bbon|phone\u00bb module_id=\u00bbimagen-h\u00e9roe\u00bb _builder_version=\u00bb4.24.2&#8243; _module_preset=\u00bbdefault\u00bb background_color=\u00bb#FFFFFF\u00bb background_image=\u00bbhttps:\/\/mofamilytofamily.org\/wp-content\/uploads\/2024\/02\/11-1.png\u00bb custom_padding=\u00bb100px|20px|100px|20px|true|true\u00bb custom_padding_tablet=\u00bb50px||50px||true|true\u00bb custom_padding_phone=\u00bb20px||20px||true|true\u00bb background_last_edited=\u00bboff|desktop\u00bb locked=\u00bboff\u00bb global_colors_info=\u00bb{}\u00bb][et_pb_row use_custom_gutter=\u00bbon\u00bb gutter_width=\u00bb1&#8243; make_equal=\u00bbon\u00bb module_class=\u00bbinternal-hero\u00bb _builder_version=\u00bb4.23.1&#8243; _module_preset=\u00bbdefault\u00bb width=\u00bb100%\u00bb max_width=\u00bb100%\u00bb module_alignment=\u00bbcenter\u00bb global_colors_info=\u00bb{}\u00bb custom_css_main_element_last_edited=\u00bbon|desktop\u00bb][et_pb_column type=\u00bb4_4&#8243; _builder_version=\u00bb4.23.1&#8243; _module_preset=\u00bbdefault\u00bb global_colors_info=\u00bb{}\u00bb][et_pb_text _builder_version=\u00bb4.24.2&#8243; _module_preset=\u00bbdefault\u00bb global_colors_info=\u00bb{}\u00bb]<\/p>\n<h1 style=\"text-align: center;\"><img decoding=\"async\" src=\"\/wp-content\/uploads\/2024\/03\/MOF2F_Assets-10.png\" alt=\"Oportunidades educativas\" style=\"max-height: 150px; width: auto;\"><\/h1>\n<p>[\/et_pb_text][\/et_pb_column][\/et_pb_row][\/et_pb_section][et_pb_section fb_built=\u00bb1&#8243; _builder_version=\u00bb4.24.2&#8243; _module_preset=\u00bbdefault\u00bb background_color=\u00bbRGBA(255,255,255,0)\u00bb custom_margin=\u00bb0px||0px||false|false\u00bb custom_padding=\u00bb||||false|false\u00bb global_colors_info=\u00bb{}\u00bb][et_pb_row _builder_version=\u00bb4.23.1&#8243; _module_preset=\u00bbdefault\u00bb custom_margin=\u00bb||||true|false\u00bb custom_padding=\u00bb||||true|false\u00bb global_colors_info=\u00bb{}\u00bb][et_pb_column type=\u00bb4_4&#8243; _builder_version=\u00bb4.23.1&#8243; _module_preset=\u00bbdefault\u00bb global_colors_info=\u00bb{}\u00bb][et_pb_image src=\u00bbhttps:\/\/mofamilytofamily.org\/wp-content\/uploads\/2024\/02\/CtLC-Badges_Missouri_Chapter-1.png\u00bb alt=\u00bbTrazar el curso de la vida Cap\u00edtulo de Missouri\u00bb title_text=\u00bbCtLC-Insignias_Cap\u00edtulo_de_Missouri\u00bb align=\u00bbcenter\u00bb _builder_version=\u00bb4.24.2&#8243; _module_preset=\u00bbdefault\u00bb custom_padding=\u00bb||50px||false|false\u00bb global_colors_info=\u00bb{}\u00bb][\/et_pb_image][et_pb_text _builder_version=\u00bb4.24.2&#8243; _module_preset=\u00bbdefault\u00bb text_text_color=\u00bb#000000&#8243; header_text_align=\u00bbcenter\u00bb header_text_color=\u00bb#2F368F\u00bb header_2_text_align=\u00bbcenter\u00bb header_3_text_align=\u00bbcenter\u00bb header_4_text_align=\u00bbcenter\u00bb header_4_text_color=\u00bb#000000&#8243; header_4_font_size_tablet=\u00bb28px\u00bb text_orientation_tablet=\u00bbcenter\u00bb text_orientation_phone=\u00bbleft\u00bb text_orientation_last_edited=\u00bbon|phone\u00bb global_colors_info=\u00bb{}\u00bb]<\/p>\n<p>Familia a Familia de Missouri lidera el cap\u00edtulo estatal de Trazando el Curso de la Vida, que est\u00e1 afiliado al Nexo Nacional de Trazando el Curso de la Vida. Organizamos varios actos y reuniones cada a\u00f1o y te animamos a participar en cualquiera de las actividades de nuestra secci\u00f3n. El Cap\u00edtulo LifeCourse de Missouri permite a personas, familias, profesionales y organizaciones permanecer conectados y seguir aprendiendo sobre las \u00faltimas innovaciones y pr\u00e1cticas del CtLC. Nos esforzamos por implicar y unir a las partes interesadas locales, regionales y\/o estatales en torno a una visi\u00f3n compartida, un lenguaje com\u00fan y un compromiso con las pr\u00e1cticas centradas en la persona y la familia con otras personas de todo el pa\u00eds.   <\/p>\n<p>[\/et_pb_text][\/et_pb_column][\/et_pb_row][et_pb_row column_structure=\u00bb1_3,2_3&#8243; _builder_version=\u00bb4.24.2&#8243; _module_preset=\u00bbdefault\u00bb global_colors_info=\u00bb{}\u00bb][et_pb_column type=\u00bb1_3&#8243; _builder_version=\u00bb4.24.2&#8243; _module_preset=\u00bbdefault\u00bb global_colors_info=\u00bb{}\u00bb][et_pb_image src=\u00bbhttps:\/\/mofamilytofamily.org\/wp-content\/uploads\/2024\/03\/Good-Life-Groups-1.png\u00bb title_text=\u00bbGrupos Buena Vida (1)\u00bb _builder_version=\u00bb4.24.2&#8243; _module_preset=\u00bbdefault\u00bb global_colors_info=\u00bb{}\u00bb][\/et_pb_image][et_pb_text _builder_version=\u00bb4.24.2&#8243; _module_preset=\u00bbdefault\u00bb global_colors_info=\u00bb{}\u00bb]<\/p>\n<p><em><strong>P\u00fablico sugerido:<\/strong> <\/em><br \/><em>Particulares y familias<\/em><\/p>\n<p>[\/et_pb_text][et_pb_button button_url=\u00bb@ET-DC@eyJkeW5hbWljIjp0cnVlLCJjb250ZW50IjoicG9zdF9saW5rX3VybF9wYWdlIiwic2V0dGluZ3MiOnsicG9zdF9pZCI6IjIxNjMiLCJlbmFibGVfaHRtbCI6Im9mZiJ9fQ==@\u00bb url_new_window=\u00bbon\u00bb button_text=\u00bbVisita nuestra P\u00e1gina de Eventos para Grupos de Buena Vida\u00bb button_alignment=\u00bbcenter\u00bb _builder_version=\u00bb4.25.2&#8243; _dynamic_attributes=\u00bbbutton_url\u00bb _module_preset=\u00bbdefault\u00bb custom_button=\u00bbon\u00bb button_bg_color=\u00bb#A2CC3E\u00bb global_colors_info=\u00bb{}\u00bb][\/et_pb_button][\/et_pb_column][et_pb_column type=\u00bb2_3&#8243; _builder_version=\u00bb4.24.2&#8243; _module_preset=\u00bbdefault\u00bb global_colors_info=\u00bb{}\u00bb][et_pb_text _builder_version=\u00bb4.24.2&#8243; _module_preset=\u00bbdefault\u00bb global_colors_info=\u00bb{}\u00bb]<\/p>\n<h4>Grupos Buena Vida<\/h4>\n<p>Los Grupos para una Buena Vida son colaboraciones interactivas de aprendizaje entre iguales que permiten un aprendizaje pr\u00e1ctico, para desarrollar la capacidad de los autogestores y los familiares de utilizar el marco en sus propias vidas. Los Grupos de La Buena Vida son una gran oportunidad para conectar con otras personas en circunstancias similares y compartir ideas que funcionan. <\/p>\n<p>En este momento, Missouri Family to Family acoge dos grupos de buena vida programados con regularidad. Uno es para que asista cualquier persona o familiar y el otro es para hermanos adultos de personas con discapacidad. Los temas tratados cambian mensualmente.  <\/p>\n<p>[\/et_pb_text][\/et_pb_column][\/et_pb_row][et_pb_row _builder_version=\u00bb4.24.2&#8243; _module_preset=\u00bbdefault\u00bb global_colors_info=\u00bb{}\u00bb][et_pb_column type=\u00bb4_4&#8243; _builder_version=\u00bb4.24.2&#8243; _module_preset=\u00bbdefault\u00bb global_colors_info=\u00bb{}\u00bb][et_pb_divider divider_weight=\u00bb5px\u00bb _builder_version=\u00bb4.24.2&#8243; _module_preset=\u00bbdefault\u00bb global_colors_info=\u00bb{}\u00bb][\/et_pb_divider][\/et_pb_column][\/et_pb_row][et_pb_row column_structure=\u00bb1_3,2_3&#8243; _builder_version=\u00bb4.24.2&#8243; _module_preset=\u00bbdefault\u00bb global_colors_info=\u00bb{}\u00bb][et_pb_column type=\u00bb1_3&#8243; _builder_version=\u00bb4.24.2&#8243; _module_preset=\u00bbdefault\u00bb global_colors_info=\u00bb{}\u00bb][et_pb_image src=\u00bbhttps:\/\/mofamilytofamily.org\/wp-content\/uploads\/2024\/03\/Image-5.png\u00bb title_text=\u00bbImagen (5)\u00bb _builder_version=\u00bb4.24.2&#8243; _module_preset=\u00bbdefault\u00bb global_colors_info=\u00bb{}\u00bb][\/et_pb_image][et_pb_text _builder_version=\u00bb4.24.2&#8243; _module_preset=\u00bbdefault\u00bb global_colors_info=\u00bb{}\u00bb]<\/p>\n<p><strong><em>Audiencia sugerida:<br \/><\/em><\/strong><em>Profesionales que implantan CtLC en sus organizaciones\/funciones.<\/em><\/p>\n<p>[\/et_pb_text][et_pb_button button_url=\u00bbhttps:\/\/signup.e2ma.net\/signup\/1971509\/1900882\/\u00bb url_new_window=\u00bbon\u00bb button_text=\u00bb\u00danete a la Lista de Correo de CtLC en Acci\u00f3n\u00bb button_alignment=\u00bbcenter\u00bb _builder_version=\u00bb4.24.2&#8243; _module_preset=\u00bbdefault\u00bb custom_button=\u00bbon\u00bb button_bg_color=\u00bb#1C85C7&#8243; global_colors_info=\u00bb{}\u00bb][\/et_pb_button][\/et_pb_column][et_pb_column type=\u00bb2_3&#8243; _builder_version=\u00bb4.24.2&#8243; _module_preset=\u00bbdefault\u00bb global_colors_info=\u00bb{}\u00bb][et_pb_text _builder_version=\u00bb4.24.2&#8243; _module_preset=\u00bbdefault\u00bb global_colors_info=\u00bb{}\u00bb]<\/p>\n<h4>Reuniones de CtLC en Acci\u00f3n<\/h4>\n<p>Las Reuniones de Trazar el Curso de la Vida en Acci\u00f3n est\u00e1n dirigidas a cualquier persona que est\u00e9 aplicando o implementando directamente el CtLC en sus organizaciones o funciones profesionales. Se trata de una colaboraci\u00f3n interactiva de aprendizaje entre iguales que permite el aprendizaje pr\u00e1ctico, el pilotaje y la identificaci\u00f3n de estrategias de aplicaci\u00f3n e implementaci\u00f3n. Las reuniones de CtLC en Acci\u00f3n son un espacio seguro para hablar tanto de los \u00e9xitos como de los retos, donde los miembros pueden compartir sus experiencias, hacer preguntas y recibir asesoramiento entre iguales sobre la aplicaci\u00f3n de CtLC. El grupo tambi\u00e9n es el primero en conocer los nuevos productos y proporcionar sus valiosos comentarios al equipo Nexus.   <\/p>\n<p>[\/et_pb_text][\/et_pb_column][\/et_pb_row][et_pb_row _builder_version=\u00bb4.24.2&#8243; _module_preset=\u00bbdefault\u00bb global_colors_info=\u00bb{}\u00bb][et_pb_column type=\u00bb4_4&#8243; _builder_version=\u00bb4.24.2&#8243; _module_preset=\u00bbdefault\u00bb global_colors_info=\u00bb{}\u00bb][et_pb_divider divider_weight=\u00bb5px\u00bb _builder_version=\u00bb4.24.2&#8243; _module_preset=\u00bbdefault\u00bb global_colors_info=\u00bb{}\u00bb][\/et_pb_divider][\/et_pb_column][\/et_pb_row][et_pb_row column_structure=\u00bb1_3,2_3&#8243; _builder_version=\u00bb4.24.2&#8243; _module_preset=\u00bbdefault\u00bb global_colors_info=\u00bb{}\u00bb][et_pb_column type=\u00bb1_3&#8243; _builder_version=\u00bb4.24.2&#8243; _module_preset=\u00bbdefault\u00bb global_colors_info=\u00bb{}\u00bb][et_pb_image src=\u00bbhttps:\/\/mofamilytofamily.org\/wp-content\/uploads\/2024\/03\/Stakeholders.png\u00bb title_text=\u00bbPartes interesadas\u00bb _builder_version=\u00bb4.24.2&#8243; _module_preset=\u00bbdefault\u00bb global_colors_info=\u00bb{}\u00bb][\/et_pb_image][et_pb_text _builder_version=\u00bb4.24.2&#8243; _module_preset=\u00bbdefault\u00bb global_colors_info=\u00bb{}\u00bb]<\/p>\n<p><em><strong>P\u00fablico sugerido:<\/strong> <br \/>Particulares, Familias, Profesionales y Organizaciones.<\/em><\/p>\n<p>[\/et_pb_text][et_pb_button button_url=\u00bbhttps:\/\/signup.e2ma.net\/signup\/1961287\/1900882\/\u00bb url_new_window=\u00bbon\u00bb button_text=\u00bb\u00danete a la lista de correo de la Reuni\u00f3n de Partes Interesadas\u00bb button_alignment=\u00bbcenter\u00bb _builder_version=\u00bb4.24.2&#8243; _module_preset=\u00bbdefault\u00bb custom_button=\u00bbon\u00bb button_bg_color=\u00bb#F9A121&#8243; global_colors_info=\u00bb{}\u00bb][\/et_pb_button][\/et_pb_column][et_pb_column type=\u00bb2_3&#8243; _builder_version=\u00bb4.24.2&#8243; _module_preset=\u00bbdefault\u00bb global_colors_info=\u00bb{}\u00bb][et_pb_text _builder_version=\u00bb4.24.2&#8243; _module_preset=\u00bbdefault\u00bb global_colors_info=\u00bb{}\u00bb]<\/p>\n<h4>Reuniones con las partes interesadas<\/h4>\n<p>Las Reuniones de Partes Interesadas de Charting the LifeCourse re\u00fanen a personas, familias y profesionales que les apoyan para hablar de cosas que son importantes para la gente de Missouri, para compartir informaci\u00f3n entre ellos y servir como asesores de nuestra red a medida que desarrollamos nuevos productos y ampliamos nuestros programas. Los asistentes representan una variedad de capacidades, edades, funciones y sistemas de todas las zonas del estado. Actualmente, las reuniones se celebran virtualmente a trav\u00e9s de Zoom.  <\/p>\n<p>[\/et_pb_text][\/et_pb_column][\/et_pb_row][et_pb_row _builder_version=\u00bb4.24.2&#8243; _module_preset=\u00bbdefault\u00bb global_colors_info=\u00bb{}\u00bb][et_pb_column type=\u00bb4_4&#8243; _builder_version=\u00bb4.24.2&#8243; _module_preset=\u00bbdefault\u00bb global_colors_info=\u00bb{}\u00bb][et_pb_divider divider_weight=\u00bb5px\u00bb _builder_version=\u00bb4.24.2&#8243; _module_preset=\u00bbdefault\u00bb global_colors_info=\u00bb{}\u00bb][\/et_pb_divider][\/et_pb_column][\/et_pb_row][et_pb_row column_structure=\u00bb1_3,2_3&#8243; _builder_version=\u00bb4.24.3&#8243; _module_preset=\u00bbdefault\u00bb global_colors_info=\u00bb{}\u00bb][et_pb_column type=\u00bb1_3&#8243; _builder_version=\u00bb4.24.2&#8243; _module_preset=\u00bbdefault\u00bb global_colors_info=\u00bb{}\u00bb][et_pb_image src=\u00bbhttps:\/\/mofamilytofamily.org\/wp-content\/uploads\/2024\/05\/Showcase_Logotype.png\u00bb alt=\u00bbescaparate 2025 logotipo\u00bb title_text=\u00bbEscaparate_Logotipo\u00bb show_in_lightbox=\u00bbon\u00bb _builder_version=\u00bb4.27.4&#8243; _module_preset=\u00bbdefault\u00bb hover_enabled=\u00bb0&#8243; global_colors_info=\u00bb{}\u00bb sticky_enabled=\u00bb0&#8243;][\/et_pb_image][et_pb_text _builder_version=\u00bb4.24.2&#8243; _module_preset=\u00bbdefault\u00bb global_colors_info=\u00bb{}\u00bb]<\/p>\n<p><em><strong>P\u00fablico sugerido:<\/strong> <br \/><\/em><em>Particulares, Familias, Profesionales y Organizaciones.<\/em><\/p>\n<p>[\/et_pb_text][et_pb_button button_url=\u00bbhttps:\/\/www.lifecoursetools.com\/events\/showcase-2025\/\u00bb url_new_window=\u00bbon\u00bb button_text=\u00bbSaber m\u00e1s\u00bb button_alignment=\u00bbcenter\u00bb _builder_version=\u00bb4.27.4&#8243; _module_preset=\u00bbdefault\u00bb custom_button=\u00bbon\u00bb button_bg_color=\u00bb#2F368F\u00bb button_use_icon=\u00bboff\u00bb global_colors_info=\u00bb{}\u00bb button_bg_color__hover=\u00bb#2F368F\u00bb][\/et_pb_button][\/et_pb_column][et_pb_column type=\u00bb2_3&#8243; _builder_version=\u00bb4.24.2&#8243; _module_preset=\u00bbdefault\u00bb global_colors_info=\u00bb{}\u00bb][et_pb_text _builder_version=\u00bb4.24.2&#8243; _module_preset=\u00bbdefault\u00bb custom_padding=\u00bb||0px|||\u00bb global_colors_info=\u00bb{}\u00bb]<\/p>\n<h4>Trazar el curso de la vida Escaparate<\/h4>\n<p>Re\u00fanete con la red de defensores, familias y profesionales para explorar c\u00f3mo el CtLC entreteje el crecimiento personal, el compromiso comunitario, los avances pol\u00edticos y las innovaciones tecnol\u00f3gicas para promover la autodeterminaci\u00f3n y una buena vida para todos.<\/p>\n<p>[\/et_pb_text][\/et_pb_column][\/et_pb_row][et_pb_row _builder_version=\u00bb4.24.2&#8243; _module_preset=\u00bbdefault\u00bb global_colors_info=\u00bb{}\u00bb][et_pb_column type=\u00bb4_4&#8243; _builder_version=\u00bb4.24.2&#8243; _module_preset=\u00bbdefault\u00bb global_colors_info=\u00bb{}\u00bb][et_pb_divider divider_weight=\u00bb15px\u00bb _builder_version=\u00bb4.24.2&#8243; _module_preset=\u00bbdefault\u00bb global_colors_info=\u00bb{}\u00bb][\/et_pb_divider][et_pb_text _builder_version=\u00bb4.24.2&#8243; _module_preset=\u00bbdefault\u00bb global_colors_info=\u00bb{}\u00bb]<\/p>\n<h3 style=\"text-align: center;\"><b>N\u00famero de Embajadores CtLC del Cap\u00edtulo de Missouri<\/b><\/h3>\n<p>[\/et_pb_text][\/et_pb_column][\/et_pb_row][et_pb_row _builder_version=\u00bb4.24.2&#8243; _module_preset=\u00bbdefault\u00bb global_colors_info=\u00bb{}\u00bb][et_pb_column type=\u00bb4_4&#8243; _builder_version=\u00bb4.24.2&#8243; _module_preset=\u00bbdefault\u00bb global_colors_info=\u00bb{}\u00bb][et_pb_number_counter number=\u00bb551&#8243; percent_sign=\u00bboff\u00bb _builder_version=\u00bb4.27.4&#8243; _module_preset=\u00bbdefault\u00bb number_font=\u00bb|800|||||||\u00bb global_colors_info=\u00bb{}\u00bb][\/et_pb_number_counter][et_pb_text _builder_version=\u00bb4.24.2&#8243; _module_preset=\u00bbdefault\u00bb background_color=\u00bb#F9A121&#8243; link_option_url=\u00bbhttps:\/\/www.lifecoursetools.com\/network\/chapters\/missouri\/\u00bb link_option_url_new_window=\u00bbon\u00bb global_colors_info=\u00bb{}\u00bb]<\/p>\n<p style=\"text-align: center;\"><b><\/b><\/p>\n<p style=\"text-align: center;\"><b><\/b><\/p>\n<p style=\"text-align: center;\"><span style=\"text-decoration: underline; color: #ffffff;\"><a href=\"https:\/\/www.lifecoursetools.com\/network\/chapters\/missouri\/\" style=\"color: #ffffff;\" target=\"_blank\" rel=\"noopener\"><b>Para saber m\u00e1s, visita nuestra p\u00e1gina LifeCourse Nexus Missouri Chapter Page<\/b><\/a><\/span><b><\/b><\/p>\n<p style=\"text-align: center;\"><span style=\"text-decoration: underline; color: #ffffff;\"><b><\/b><\/span><\/p>\n<p style=\"text-align: center;\"><b><\/b><\/p>\n<p>[\/et_pb_text][\/et_pb_column][\/et_pb_row][\/et_pb_section]<\/p>\n","protected":false},"excerpt":{"rendered":"<p>Familia a Familia de Missouri lidera el cap\u00edtulo estatal de Trazando el Curso de la Vida, que est\u00e1 afiliado al Nexo Nacional de Trazando el Curso de la Vida. Organizamos varios actos y reuniones cada a\u00f1o y te animamos a participar en cualquiera de las actividades de nuestra secci\u00f3n. El Cap\u00edtulo LifeCourse de Missouri permite [&hellip;]<\/p>\n","protected":false},"author":1,"featured_media":0,"parent":0,"menu_order":0,"comment_status":"closed","ping_status":"closed","template":"","meta":{"_et_pb_use_builder":"on","_et_pb_old_content":"","_et_gb_content_width":"","footnotes":""},"class_list":["post-2973","page","type-page","status-publish","hentry"],"yoast_head":"<!-- This site is optimized with the Yoast SEO plugin v27.3 - https:\/\/yoast.com\/product\/yoast-seo-wordpress\/ -->\n<title>Cap\u00edtulo LifeCourse de Missouri - Missouri Family to Family<\/title>\n<meta name=\"robots\" content=\"index, follow, max-snippet:-1, max-image-preview:large, max-video-preview:-1\" \/>\n<link rel=\"canonical\" href=\"https:\/\/mofamilytofamily.org\/es\/capitulo-lifecourse-de-missouri\/\" \/>\n<meta property=\"og:locale\" content=\"es_ES\" \/>\n<meta property=\"og:type\" content=\"article\" \/>\n<meta property=\"og:title\" content=\"Cap\u00edtulo LifeCourse de Missouri - Missouri Family to Family\" \/>\n<meta property=\"og:description\" content=\"Familia a Familia de Missouri lidera el cap\u00edtulo estatal de Trazando el Curso de la Vida, que est\u00e1 afiliado al Nexo Nacional de Trazando el Curso de la Vida. Organizamos varios actos y reuniones cada a\u00f1o y te animamos a participar en cualquiera de las actividades de nuestra secci\u00f3n. El Cap\u00edtulo LifeCourse de Missouri permite [&hellip;]\" \/>\n<meta property=\"og:url\" content=\"https:\/\/mofamilytofamily.org\/es\/capitulo-lifecourse-de-missouri\/\" \/>\n<meta property=\"og:site_name\" content=\"Missouri Family to Family\" \/>\n<meta property=\"article:modified_time\" content=\"2026-03-16T22:01:57+00:00\" \/>\n<meta name=\"twitter:card\" content=\"summary_large_image\" \/>\n<meta name=\"twitter:label1\" content=\"Tiempo de lectura\" \/>\n\t<meta name=\"twitter:data1\" content=\"9 minutos\" \/>\n<script type=\"application\/ld+json\" class=\"yoast-schema-graph\">{\"@context\":\"https:\\\/\\\/schema.org\",\"@graph\":[{\"@type\":\"WebPage\",\"@id\":\"https:\\\/\\\/mofamilytofamily.org\\\/es\\\/capitulo-lifecourse-de-missouri\\\/\",\"url\":\"https:\\\/\\\/mofamilytofamily.org\\\/es\\\/capitulo-lifecourse-de-missouri\\\/\",\"name\":\"Cap\u00edtulo LifeCourse de Missouri - Missouri Family to Family\",\"isPartOf\":{\"@id\":\"https:\\\/\\\/mofamilytofamily.org\\\/es\\\/#website\"},\"datePublished\":\"2024-03-01T22:33:19+00:00\",\"dateModified\":\"2026-03-16T22:01:57+00:00\",\"breadcrumb\":{\"@id\":\"https:\\\/\\\/mofamilytofamily.org\\\/es\\\/capitulo-lifecourse-de-missouri\\\/#breadcrumb\"},\"inLanguage\":\"es\",\"potentialAction\":[{\"@type\":\"ReadAction\",\"target\":[\"https:\\\/\\\/mofamilytofamily.org\\\/es\\\/capitulo-lifecourse-de-missouri\\\/\"]}]},{\"@type\":\"BreadcrumbList\",\"@id\":\"https:\\\/\\\/mofamilytofamily.org\\\/es\\\/capitulo-lifecourse-de-missouri\\\/#breadcrumb\",\"itemListElement\":[{\"@type\":\"ListItem\",\"position\":1,\"name\":\"Home\",\"item\":\"https:\\\/\\\/mofamilytofamily.org\\\/es\\\/inicio\\\/\"},{\"@type\":\"ListItem\",\"position\":2,\"name\":\"Cap\u00edtulo LifeCourse de Missouri\"}]},{\"@type\":\"WebSite\",\"@id\":\"https:\\\/\\\/mofamilytofamily.org\\\/es\\\/#website\",\"url\":\"https:\\\/\\\/mofamilytofamily.org\\\/es\\\/\",\"name\":\"Missouri Family to Family\",\"description\":\"Support. Empower. Engage.\",\"potentialAction\":[{\"@type\":\"SearchAction\",\"target\":{\"@type\":\"EntryPoint\",\"urlTemplate\":\"https:\\\/\\\/mofamilytofamily.org\\\/es\\\/?s={search_term_string}\"},\"query-input\":{\"@type\":\"PropertyValueSpecification\",\"valueRequired\":true,\"valueName\":\"search_term_string\"}}],\"inLanguage\":\"es\"}]}<\/script>\n<!-- \/ Yoast SEO plugin. -->","yoast_head_json":{"title":"Cap\u00edtulo LifeCourse de Missouri - Missouri Family to Family","robots":{"index":"index","follow":"follow","max-snippet":"max-snippet:-1","max-image-preview":"max-image-preview:large","max-video-preview":"max-video-preview:-1"},"canonical":"https:\/\/mofamilytofamily.org\/es\/capitulo-lifecourse-de-missouri\/","og_locale":"es_ES","og_type":"article","og_title":"Cap\u00edtulo LifeCourse de Missouri - Missouri Family to Family","og_description":"Familia a Familia de Missouri lidera el cap\u00edtulo estatal de Trazando el Curso de la Vida, que est\u00e1 afiliado al Nexo Nacional de Trazando el Curso de la Vida. Organizamos varios actos y reuniones cada a\u00f1o y te animamos a participar en cualquiera de las actividades de nuestra secci\u00f3n. El Cap\u00edtulo LifeCourse de Missouri permite [&hellip;]","og_url":"https:\/\/mofamilytofamily.org\/es\/capitulo-lifecourse-de-missouri\/","og_site_name":"Missouri Family to Family","article_modified_time":"2026-03-16T22:01:57+00:00","twitter_card":"summary_large_image","twitter_misc":{"Tiempo de lectura":"9 minutos"},"schema":{"@context":"https:\/\/schema.org","@graph":[{"@type":"WebPage","@id":"https:\/\/mofamilytofamily.org\/es\/capitulo-lifecourse-de-missouri\/","url":"https:\/\/mofamilytofamily.org\/es\/capitulo-lifecourse-de-missouri\/","name":"Cap\u00edtulo LifeCourse de Missouri - Missouri Family to Family","isPartOf":{"@id":"https:\/\/mofamilytofamily.org\/es\/#website"},"datePublished":"2024-03-01T22:33:19+00:00","dateModified":"2026-03-16T22:01:57+00:00","breadcrumb":{"@id":"https:\/\/mofamilytofamily.org\/es\/capitulo-lifecourse-de-missouri\/#breadcrumb"},"inLanguage":"es","potentialAction":[{"@type":"ReadAction","target":["https:\/\/mofamilytofamily.org\/es\/capitulo-lifecourse-de-missouri\/"]}]},{"@type":"BreadcrumbList","@id":"https:\/\/mofamilytofamily.org\/es\/capitulo-lifecourse-de-missouri\/#breadcrumb","itemListElement":[{"@type":"ListItem","position":1,"name":"Home","item":"https:\/\/mofamilytofamily.org\/es\/inicio\/"},{"@type":"ListItem","position":2,"name":"Cap\u00edtulo LifeCourse de Missouri"}]},{"@type":"WebSite","@id":"https:\/\/mofamilytofamily.org\/es\/#website","url":"https:\/\/mofamilytofamily.org\/es\/","name":"Missouri Family to Family","description":"Support. Empower. Engage.","potentialAction":[{"@type":"SearchAction","target":{"@type":"EntryPoint","urlTemplate":"https:\/\/mofamilytofamily.org\/es\/?s={search_term_string}"},"query-input":{"@type":"PropertyValueSpecification","valueRequired":true,"valueName":"search_term_string"}}],"inLanguage":"es"}]}},"_links":{"self":[{"href":"https:\/\/mofamilytofamily.org\/es\/wp-json\/wp\/v2\/pages\/2973","targetHints":{"allow":["GET"]}}],"collection":[{"href":"https:\/\/mofamilytofamily.org\/es\/wp-json\/wp\/v2\/pages"}],"about":[{"href":"https:\/\/mofamilytofamily.org\/es\/wp-json\/wp\/v2\/types\/page"}],"author":[{"embeddable":true,"href":"https:\/\/mofamilytofamily.org\/es\/wp-json\/wp\/v2\/users\/1"}],"replies":[{"embeddable":true,"href":"https:\/\/mofamilytofamily.org\/es\/wp-json\/wp\/v2\/comments?post=2973"}],"version-history":[{"count":2,"href":"https:\/\/mofamilytofamily.org\/es\/wp-json\/wp\/v2\/pages\/2973\/revisions"}],"predecessor-version":[{"id":2975,"href":"https:\/\/mofamilytofamily.org\/es\/wp-json\/wp\/v2\/pages\/2973\/revisions\/2975"}],"wp:attachment":[{"href":"https:\/\/mofamilytofamily.org\/es\/wp-json\/wp\/v2\/media?parent=2973"}],"curies":[{"name":"wp","href":"https:\/\/api.w.org\/{rel}","templated":true}]}}