{"id":2969,"date":"2024-02-08T09:48:42","date_gmt":"2024-02-08T15:48:42","guid":{"rendered":"https:\/\/mofamilytofamily.org\/ayuda\/"},"modified":"2026-03-16T17:01:56","modified_gmt":"2026-03-16T22:01:56","slug":"ayuda","status":"publish","type":"page","link":"https:\/\/mofamilytofamily.org\/es\/ayuda\/","title":{"rendered":"Ayuda"},"content":{"rendered":"<p>[et_pb_section fb_built=\u00bb1&#8243; custom_padding_last_edited=\u00bbon|phone\u00bb module_id=\u00bbimagen-h\u00e9roe\u00bb _builder_version=\u00bb4.24.0&#8243; _module_preset=\u00bbdefault\u00bb background_image=\u00bbhttps:\/\/mofamilytofamily.org\/wp-content\/uploads\/2024\/02\/1-1-e1708546316508.png\u00bb custom_padding=\u00bb100px|20px|100px|20px|true|true\u00bb custom_padding_tablet=\u00bb70px||70px||true|true\u00bb custom_padding_phone=\u00bb20px||20px||true|true\u00bb background_last_edited=\u00bbon|phone\u00bb locked=\u00bboff\u00bb global_colors_info=\u00bb{}\u00bb][et_pb_row use_custom_gutter=\u00bbon\u00bb gutter_width=\u00bb1&#8243; make_equal=\u00bbon\u00bb module_class=\u00bbinternal-hero\u00bb _builder_version=\u00bb4.23.1&#8243; _module_preset=\u00bbdefault\u00bb width=\u00bb100%\u00bb max_width=\u00bb100%\u00bb module_alignment=\u00bbcenter\u00bb global_colors_info=\u00bb{}\u00bb custom_css_main_element_last_edited=\u00bbon|desktop\u00bb][et_pb_column type=\u00bb4_4&#8243; _builder_version=\u00bb4.23.1&#8243; _module_preset=\u00bbdefault\u00bb global_colors_info=\u00bb{}\u00bb][et_pb_code _builder_version=\u00bb4.24.0&#8243; _module_preset=\u00bbdefault\u00bb global_colors_info=\u00bb{}\u00bb]<\/p>\n<h1 style=\"text-align:center;\"><!-- [et_pb_line_break_holder] -->  <img decoding=\"async\" src=\"\/wp-content\/uploads\/2023\/11\/Support.png\" alt=\"Ayuda\" style=\"max-height:150px; width:auto;\"><!-- [et_pb_line_break_holder] --><\/h1>\n<p>[\/et_pb_code][\/et_pb_column][\/et_pb_row][\/et_pb_section][et_pb_section fb_built=\u00bb1&#8243; _builder_version=\u00bb4.23.1&#8243; _module_preset=\u00bbdefault\u00bb background_color=\u00bb#FFFFFF\u00bb custom_margin=\u00bb0px||0px||false|false\u00bb custom_padding=\u00bb||0px||false|false\u00bb global_colors_info=\u00bb{}\u00bb][et_pb_row _builder_version=\u00bb4.24.0&#8243; _module_preset=\u00bbdefault\u00bb custom_margin=\u00bb||||true|false\u00bb custom_padding=\u00bb||||true|false\u00bb global_colors_info=\u00bb{}\u00bb][et_pb_column type=\u00bb4_4&#8243; _builder_version=\u00bb4.23&#8243; _module_preset=\u00bbdefault\u00bb global_colors_info=\u00bb{}\u00bb][et_pb_text _builder_version=\u00bb4.24.2&#8243; _module_preset=\u00bbdefault\u00bb text_text_color=\u00bb#000000&#8243; text_line_height=\u00bb1.4em\u00bb header_text_align=\u00bbcenter\u00bb header_text_color=\u00bb#2F368F\u00bb header_2_text_align=\u00bbcenter\u00bb header_2_text_color=\u00bb#2F368F\u00bb header_2_line_height=\u00bb1.3em\u00bb header_3_text_align=\u00bbcenter\u00bb header_3_line_height=\u00bb1.3em\u00bb text_orientation_tablet=\u00bbleft\u00bb text_orientation_phone=\u00bbleft\u00bb text_orientation_last_edited=\u00bbon|phone\u00bb custom_css_free_form=\u00bbselector li {||  line-height:1.4;||  padding-top:10px;||  padding-bottom:10px;||}||||selector p {||  padding-bottom:30px;||}||||selector h3 {||  padding-bottom:30px;||}\u00bb global_colors_info=\u00bb{}\u00bb]<\/p>\n<h3>\u00bfC\u00f3mo podemos ayudar?<\/h3>\n<p>A medida que avanzas en este viaje de aprender a navegar por los sistemas formales e informales, puede haber momentos en los que no sepas ad\u00f3nde ir, qu\u00e9 preguntar o qu\u00e9 podr\u00edas estar haciendo. Estamos aqu\u00ed para ayudarte cuando surjan estas preguntas. A trav\u00e9s de la experiencia vivida, nuestro equipo te proporciona informaci\u00f3n, recursos, apoyo entre iguales y formaci\u00f3n que puede beneficiarte a ti y a tu familia.<\/p>\n<p>Algunos ejemplos podr\u00edan ser, entre otros<\/p>\n<ul>\n<li style=\"list-style-type: none;\">\n<ul>\n<li>qu\u00e9 hacer tras un nuevo diagn\u00f3stico<\/li>\n<li>c\u00f3mo mejorar los PEI y las relaciones con el distrito escolar de tu hijo<\/li>\n<li>navegar por los servicios y ayudas estatales para discapacitados<\/li>\n<li>opciones de tutela y toma de decisiones con apoyo<\/li>\n<li>grupos de apoyo entre iguales para conectar con otros que han pasado por lo mismo<\/li>\n<li>habilidades de defensa y liderazgo para lograr el cambio<\/li>\n<li>planificar el presente o el futuro con Trazar el curso de la vida<\/li>\n<\/ul>\n<\/li>\n<\/ul>\n<p>Podemos ayudarte a ti y a tu familia a comprender y navegar por el mundo, a menudo complejo, de las discapacidades intelectuales o del desarrollo o de las necesidades especiales de atenci\u00f3n sanitaria a lo largo de la vida. No dudes en ponerte en contacto con nosotros. Estamos a tu disposici\u00f3n.<\/p>\n<p>[\/et_pb_text][et_pb_button button_url=\u00bbhttps:\/\/umkcihd.tfaforms.net\/f\/F2F_Peer_Mentor\u00bb url_new_window=\u00bbon\u00bb button_text=\u00bbContacta con nosotros\u00bb button_alignment=\u00bbcenter\u00bb _builder_version=\u00bb4.24.2&#8243; _module_preset=\u00bbdefault\u00bb custom_button=\u00bbon\u00bb button_text_size=\u00bb30px\u00bb button_bg_color=\u00bb#A2CC3E\u00bb custom_margin=\u00bb30px||||false|false\u00bb custom_padding=\u00bb|20px||20px|true|true\u00bb global_colors_info=\u00bb{}\u00bb button_bg_color__hover=\u00bb#2F368F\u00bb][\/et_pb_button][\/et_pb_column][\/et_pb_row][\/et_pb_section][et_pb_section fb_built=\u00bb1&#8243; _builder_version=\u00bb4.23.1&#8243; _module_preset=\u00bbdefault\u00bb custom_margin=\u00bb0px||0px||false|false\u00bb custom_padding=\u00bb||||false|false\u00bb global_colors_info=\u00bb{}\u00bb][et_pb_row _builder_version=\u00bb4.24.0&#8243; _module_preset=\u00bbdefault\u00bb width=\u00bb100%\u00bb max_width=\u00bb100%\u00bb module_alignment=\u00bbcenter\u00bb custom_margin=\u00bb0px||||false|false\u00bb custom_padding=\u00bb0px||||false|false\u00bb global_colors_info=\u00bb{}\u00bb][et_pb_column type=\u00bb4_4&#8243; _builder_version=\u00bb4.23&#8243; _module_preset=\u00bbdefault\u00bb global_colors_info=\u00bb{}\u00bb][et_pb_text _builder_version=\u00bb4.24.0&#8243; _module_preset=\u00bbdefault\u00bb text_text_color=\u00bb#000000&#8243; header_text_align=\u00bbcenter\u00bb header_text_color=\u00bb#2F368F\u00bb header_2_text_align=\u00bbcenter\u00bb header_2_text_color=\u00bb#2F368F\u00bb header_3_text_align=\u00bbcenter\u00bb custom_margin=\u00bb|20px||20px|false|true\u00bb custom_padding=\u00bb||30px||false|false\u00bb text_orientation_tablet=\u00bbleft\u00bb text_orientation_phone=\u00bbleft\u00bb text_orientation_last_edited=\u00bbon|phone\u00bb global_colors_info=\u00bb{}\u00bb]<\/p>\n<h3>Pregunta a un Navegador sobre&#8230;<\/h3>\n<p>[\/et_pb_text][et_pb_code _builder_version=\u00bb4.24.2&#8243; _module_preset=\u00bbdefault\u00bb link_option_url=\u00bbhttps:\/\/umkcihd.tfaforms.net\/f\/MissouriF2F\u00bb link_option_url_new_window=\u00bbon\u00bb hover_enabled=\u00bb0&#8243; global_colors_info=\u00bb{}\u00bb sticky_enabled=\u00bb0&#8243;][\/et_pb_code][\/et_pb_column][\/et_pb_row][\/et_pb_section]<\/p>\n","protected":false},"excerpt":{"rendered":"<p>\u00bfC\u00f3mo podemos ayudar? A medida que avanzas en este viaje de aprender a navegar por los sistemas formales e informales, puede haber momentos en los que no sepas ad\u00f3nde ir, qu\u00e9 preguntar o qu\u00e9 podr\u00edas estar haciendo. Estamos aqu\u00ed para ayudarte cuando surjan estas preguntas. A trav\u00e9s de la experiencia vivida, nuestro equipo te proporciona [&hellip;]<\/p>\n","protected":false},"author":1,"featured_media":0,"parent":0,"menu_order":0,"comment_status":"closed","ping_status":"closed","template":"","meta":{"_et_pb_use_builder":"on","_et_pb_old_content":"","_et_gb_content_width":"","footnotes":""},"class_list":["post-2969","page","type-page","status-publish","hentry"],"yoast_head":"<!-- This site is optimized with the Yoast SEO plugin v27.3 - https:\/\/yoast.com\/product\/yoast-seo-wordpress\/ -->\n<title>Ayuda - Missouri Family to Family<\/title>\n<meta name=\"robots\" content=\"index, follow, max-snippet:-1, max-image-preview:large, max-video-preview:-1\" \/>\n<link rel=\"canonical\" href=\"https:\/\/mofamilytofamily.org\/es\/ayuda\/\" \/>\n<meta property=\"og:locale\" content=\"es_ES\" \/>\n<meta property=\"og:type\" content=\"article\" \/>\n<meta property=\"og:title\" content=\"Ayuda - Missouri Family to Family\" \/>\n<meta property=\"og:description\" content=\"\u00bfC\u00f3mo podemos ayudar? A medida que avanzas en este viaje de aprender a navegar por los sistemas formales e informales, puede haber momentos en los que no sepas ad\u00f3nde ir, qu\u00e9 preguntar o qu\u00e9 podr\u00edas estar haciendo. Estamos aqu\u00ed para ayudarte cuando surjan estas preguntas. A trav\u00e9s de la experiencia vivida, nuestro equipo te proporciona [&hellip;]\" \/>\n<meta property=\"og:url\" content=\"https:\/\/mofamilytofamily.org\/es\/ayuda\/\" \/>\n<meta property=\"og:site_name\" content=\"Missouri Family to Family\" \/>\n<meta property=\"article:modified_time\" content=\"2026-03-16T22:01:56+00:00\" \/>\n<meta name=\"twitter:card\" content=\"summary_large_image\" \/>\n<meta name=\"twitter:label1\" content=\"Tiempo de lectura\" \/>\n\t<meta name=\"twitter:data1\" content=\"4 minutos\" \/>\n<script type=\"application\/ld+json\" class=\"yoast-schema-graph\">{\"@context\":\"https:\\\/\\\/schema.org\",\"@graph\":[{\"@type\":\"WebPage\",\"@id\":\"https:\\\/\\\/mofamilytofamily.org\\\/es\\\/ayuda\\\/\",\"url\":\"https:\\\/\\\/mofamilytofamily.org\\\/es\\\/ayuda\\\/\",\"name\":\"Ayuda - Missouri Family to Family\",\"isPartOf\":{\"@id\":\"https:\\\/\\\/mofamilytofamily.org\\\/es\\\/#website\"},\"datePublished\":\"2024-02-08T15:48:42+00:00\",\"dateModified\":\"2026-03-16T22:01:56+00:00\",\"breadcrumb\":{\"@id\":\"https:\\\/\\\/mofamilytofamily.org\\\/es\\\/ayuda\\\/#breadcrumb\"},\"inLanguage\":\"es\",\"potentialAction\":[{\"@type\":\"ReadAction\",\"target\":[\"https:\\\/\\\/mofamilytofamily.org\\\/es\\\/ayuda\\\/\"]}]},{\"@type\":\"BreadcrumbList\",\"@id\":\"https:\\\/\\\/mofamilytofamily.org\\\/es\\\/ayuda\\\/#breadcrumb\",\"itemListElement\":[{\"@type\":\"ListItem\",\"position\":1,\"name\":\"Home\",\"item\":\"https:\\\/\\\/mofamilytofamily.org\\\/es\\\/inicio\\\/\"},{\"@type\":\"ListItem\",\"position\":2,\"name\":\"Ayuda\"}]},{\"@type\":\"WebSite\",\"@id\":\"https:\\\/\\\/mofamilytofamily.org\\\/es\\\/#website\",\"url\":\"https:\\\/\\\/mofamilytofamily.org\\\/es\\\/\",\"name\":\"Missouri Family to Family\",\"description\":\"Support. Empower. Engage.\",\"potentialAction\":[{\"@type\":\"SearchAction\",\"target\":{\"@type\":\"EntryPoint\",\"urlTemplate\":\"https:\\\/\\\/mofamilytofamily.org\\\/es\\\/?s={search_term_string}\"},\"query-input\":{\"@type\":\"PropertyValueSpecification\",\"valueRequired\":true,\"valueName\":\"search_term_string\"}}],\"inLanguage\":\"es\"}]}<\/script>\n<!-- \/ Yoast SEO plugin. -->","yoast_head_json":{"title":"Ayuda - Missouri Family to Family","robots":{"index":"index","follow":"follow","max-snippet":"max-snippet:-1","max-image-preview":"max-image-preview:large","max-video-preview":"max-video-preview:-1"},"canonical":"https:\/\/mofamilytofamily.org\/es\/ayuda\/","og_locale":"es_ES","og_type":"article","og_title":"Ayuda - Missouri Family to Family","og_description":"\u00bfC\u00f3mo podemos ayudar? A medida que avanzas en este viaje de aprender a navegar por los sistemas formales e informales, puede haber momentos en los que no sepas ad\u00f3nde ir, qu\u00e9 preguntar o qu\u00e9 podr\u00edas estar haciendo. Estamos aqu\u00ed para ayudarte cuando surjan estas preguntas. A trav\u00e9s de la experiencia vivida, nuestro equipo te proporciona [&hellip;]","og_url":"https:\/\/mofamilytofamily.org\/es\/ayuda\/","og_site_name":"Missouri Family to Family","article_modified_time":"2026-03-16T22:01:56+00:00","twitter_card":"summary_large_image","twitter_misc":{"Tiempo de lectura":"4 minutos"},"schema":{"@context":"https:\/\/schema.org","@graph":[{"@type":"WebPage","@id":"https:\/\/mofamilytofamily.org\/es\/ayuda\/","url":"https:\/\/mofamilytofamily.org\/es\/ayuda\/","name":"Ayuda - Missouri Family to Family","isPartOf":{"@id":"https:\/\/mofamilytofamily.org\/es\/#website"},"datePublished":"2024-02-08T15:48:42+00:00","dateModified":"2026-03-16T22:01:56+00:00","breadcrumb":{"@id":"https:\/\/mofamilytofamily.org\/es\/ayuda\/#breadcrumb"},"inLanguage":"es","potentialAction":[{"@type":"ReadAction","target":["https:\/\/mofamilytofamily.org\/es\/ayuda\/"]}]},{"@type":"BreadcrumbList","@id":"https:\/\/mofamilytofamily.org\/es\/ayuda\/#breadcrumb","itemListElement":[{"@type":"ListItem","position":1,"name":"Home","item":"https:\/\/mofamilytofamily.org\/es\/inicio\/"},{"@type":"ListItem","position":2,"name":"Ayuda"}]},{"@type":"WebSite","@id":"https:\/\/mofamilytofamily.org\/es\/#website","url":"https:\/\/mofamilytofamily.org\/es\/","name":"Missouri Family to Family","description":"Support. Empower. Engage.","potentialAction":[{"@type":"SearchAction","target":{"@type":"EntryPoint","urlTemplate":"https:\/\/mofamilytofamily.org\/es\/?s={search_term_string}"},"query-input":{"@type":"PropertyValueSpecification","valueRequired":true,"valueName":"search_term_string"}}],"inLanguage":"es"}]}},"_links":{"self":[{"href":"https:\/\/mofamilytofamily.org\/es\/wp-json\/wp\/v2\/pages\/2969","targetHints":{"allow":["GET"]}}],"collection":[{"href":"https:\/\/mofamilytofamily.org\/es\/wp-json\/wp\/v2\/pages"}],"about":[{"href":"https:\/\/mofamilytofamily.org\/es\/wp-json\/wp\/v2\/types\/page"}],"author":[{"embeddable":true,"href":"https:\/\/mofamilytofamily.org\/es\/wp-json\/wp\/v2\/users\/1"}],"replies":[{"embeddable":true,"href":"https:\/\/mofamilytofamily.org\/es\/wp-json\/wp\/v2\/comments?post=2969"}],"version-history":[{"count":2,"href":"https:\/\/mofamilytofamily.org\/es\/wp-json\/wp\/v2\/pages\/2969\/revisions"}],"predecessor-version":[{"id":2972,"href":"https:\/\/mofamilytofamily.org\/es\/wp-json\/wp\/v2\/pages\/2969\/revisions\/2972"}],"wp:attachment":[{"href":"https:\/\/mofamilytofamily.org\/es\/wp-json\/wp\/v2\/media?parent=2969"}],"curies":[{"name":"wp","href":"https:\/\/api.w.org\/{rel}","templated":true}]}}