{"id":2963,"date":"2024-03-05T13:10:20","date_gmt":"2024-03-05T19:10:20","guid":{"rendered":"https:\/\/mofamilytofamily.org\/programa-de-defensa-educativa-de-los-laicos-de-mo\/"},"modified":"2026-03-16T16:56:51","modified_gmt":"2026-03-16T21:56:51","slug":"programa-de-defensa-educativa-de-los-laicos-de-mo","status":"publish","type":"page","link":"https:\/\/mofamilytofamily.org\/es\/programa-de-defensa-educativa-de-los-laicos-de-mo\/","title":{"rendered":"Programa de Defensa Educativa de los Laicos de MO"},"content":{"rendered":"<p>[et_pb_section fb_built=\u00bb1&#8243; custom_padding_last_edited=\u00bbon|phone\u00bb module_id=\u00bbimagen-h\u00e9roe\u00bb _builder_version=\u00bb4.24.2&#8243; _module_preset=\u00bbdefault\u00bb background_image=\u00bbhttps:\/\/mofamilytofamily.org\/wp-content\/uploads\/2024\/02\/Lay-Educational-Advocacy-Program-1.png\u00bb custom_padding=\u00bb100px|20px|100px|20px|true|true\u00bb custom_padding_tablet=\u00bb70px||70px||true|true\u00bb custom_padding_phone=\u00bb20px||20px||true|true\u00bb background_last_edited=\u00bbon|phone\u00bb locked=\u00bboff\u00bb global_colors_info=\u00bb{}\u00bb][et_pb_row use_custom_gutter=\u00bbon\u00bb gutter_width=\u00bb1&#8243; make_equal=\u00bbon\u00bb module_class=\u00bbinternal-hero\u00bb _builder_version=\u00bb4.23.1&#8243; _module_preset=\u00bbdefault\u00bb width=\u00bb100%\u00bb max_width=\u00bb100%\u00bb module_alignment=\u00bbcenter\u00bb global_colors_info=\u00bb{}\u00bb custom_css_main_element_last_edited=\u00bbon|desktop\u00bb][et_pb_column type=\u00bb4_4&#8243; _builder_version=\u00bb4.23.1&#8243; _module_preset=\u00bbdefault\u00bb global_colors_info=\u00bb{}\u00bb][et_pb_code _builder_version=\u00bb4.24.2&#8243; _module_preset=\u00bbdefault\u00bb global_colors_info=\u00bb{}\u00bb]<\/p>\n<h1 style=\"text-align:center;\"><!-- [et_pb_line_break_holder] -->  <img decoding=\"async\" src=\"\/wp-content\/uploads\/2024\/03\/Lay-Educational-Advocacy-Program.png\" alt=\"Oportunidades educativas\" style=\"max-height:150px; width:auto;\"><!-- [et_pb_line_break_holder] --><\/h1>\n<p>[\/et_pb_code][\/et_pb_column][\/et_pb_row][\/et_pb_section][et_pb_section fb_built=\u00bb1&#8243; _builder_version=\u00bb4.24.0&#8243; _module_preset=\u00bbdefault\u00bb custom_margin=\u00bb0px||0px||false|false\u00bb custom_padding=\u00bb||||false|false\u00bb global_colors_info=\u00bb{}\u00bb][et_pb_row _builder_version=\u00bb4.23.1&#8243; _module_preset=\u00bbdefault\u00bb custom_margin=\u00bb||||true|false\u00bb custom_padding=\u00bb||||true|false\u00bb global_colors_info=\u00bb{}\u00bb][et_pb_column type=\u00bb4_4&#8243; _builder_version=\u00bb4.23.1&#8243; _module_preset=\u00bbdefault\u00bb global_colors_info=\u00bb{}\u00bb][et_pb_image src=\u00bbhttps:\/\/mofamilytofamily.org\/wp-content\/uploads\/2024\/02\/MOLEAP-Logo-1.png\u00bb alt=\u00bbMOLEAP\u00bb title_text=\u00bbLogotipo MOLEAP\u00bb align=\u00bbcenter\u00bb _builder_version=\u00bb4.24.2&#8243; _module_preset=\u00bbdefault\u00bb module_alignment=\u00bbcenter\u00bb custom_margin=\u00bb||40px||false|false\u00bb global_colors_info=\u00bb{}\u00bb][\/et_pb_image][et_pb_text _builder_version=\u00bb4.24.2&#8243; _module_preset=\u00bbdefault\u00bb text_text_color=\u00bb#000000&#8243; header_text_align=\u00bbcenter\u00bb header_text_color=\u00bb#2F368F\u00bb text_orientation_tablet=\u00bbcenter\u00bb text_orientation_phone=\u00bbleft\u00bb text_orientation_last_edited=\u00bboff|desktop\u00bb global_colors_info=\u00bb{}\u00bb]<\/p>\n<p><span>Las familias y las personas que navegan por el sistema de educaci\u00f3n especial a menudo se sienten solas, confusas y abrumadas durante las reuniones educativas, como una sesi\u00f3n de planificaci\u00f3n del IEP o de la Secci\u00f3n 504. El sistema puede dificultar que las familias y las personas defiendan por s\u00ed mismas lo que quieren o necesitan. <\/span><\/p>\n<p><span>Aqu\u00ed es donde LEAP puede ayudar. El Programa de Defensa Educativa Laica (LEAP) es una formaci\u00f3n intensiva presencial y online dise\u00f1ada para informar a las familias, los autogestores y los simpatizantes de la comunidad sobre la ley de Educaci\u00f3n Especial, los derechos de los alumnos y los padres, y la mejor manera de hacerse o\u00edr dentro del sistema escolar. Tanto si se trata de toda la formaci\u00f3n en profundidad como de un breve v\u00eddeo de recursos sobre un tema concreto, quienes necesiten informaci\u00f3n sobre c\u00f3mo sacar el m\u00e1ximo partido del sistema de Educaci\u00f3n Especial pueden encontrar aqu\u00ed orientaci\u00f3n.  <\/span><\/p>\n<p>[\/et_pb_text][\/et_pb_column][\/et_pb_row][\/et_pb_section][et_pb_section fb_built=\u00bb1&#8243; _builder_version=\u00bb4.24.0&#8243; _module_preset=\u00bbdefault\u00bb custom_margin=\u00bb0px||||false|false\u00bb custom_padding=\u00bb0px||||false|false\u00bb locked=\u00bboff\u00bb global_colors_info=\u00bb{}\u00bb][et_pb_row _builder_version=\u00bb4.23.1&#8243; _module_preset=\u00bbdefault\u00bb global_colors_info=\u00bb{}\u00bb][et_pb_column type=\u00bb4_4&#8243; _builder_version=\u00bb4.23.1&#8243; _module_preset=\u00bbdefault\u00bb global_colors_info=\u00bb{}\u00bb][et_pb_toggle title=\u00bbQuiero abogar por m\u00ed o por mi familia\u00bb open=\u00bbon\u00bb open_toggle_text_color=\u00bb#000000&#8243; open_toggle_background_color=\u00bb#FFFFFF\u00bb closed_toggle_text_color=\u00bb#000000&#8243; closed_toggle_background_color=\u00bb#FFFFFF\u00bb icon_color=\u00bb#1C85C7&#8243; toggle_icon=\u00bb&#xf078;||fa||900&#8243; open_icon_color=\u00bb#1C85C7&#8243; open_toggle_icon=\u00bb&#xf077;||fa||900&#8243; _builder_version=\u00bb4.24.3&#8243; _module_preset=\u00bbdefault\u00bb title_text_color=\u00bb#000000&#8243; title_level=\u00bbh2&#8243; title_font=\u00bb|||on|||||\u00bb body_text_color=\u00bb#000000&#8243; body_font_size=\u00bb20px\u00bb background_color=\u00bb#FFFFFF\u00bb custom_padding=\u00bb0px|0px|0px|0px|true|true\u00bb hover_enabled=\u00bb0&#8243; title_font_size_last_edited=\u00bboff|desktop\u00bb body_font_size_tablet=\u00bb20px\u00bb body_font_size_phone=\u00bb18px\u00bb body_font_size_last_edited=\u00bbon|phone\u00bb custom_css_free_form=\u00bbselector h4 {||  color:#1c85c7;||  font-size: 24px;||  margin-top:20px;||}||||selector h3 {||  font-size: 28px;||}||||selector h5 {||  font-size:20px;||}\u00bb custom_css_toggle_title=\u00bbbackground-color: #1c85c74d;||border-bottom:10px solid #1c85c7;||padding:10px 20px;\u00bb custom_css_toggle_icon=\u00bbpadding:0px 20px;\u00bb custom_css_toggle_content=\u00bbpadding:20px;\u00bb global_colors_info=\u00bb{}\u00bb custom_css_before_last_edited=\u00bbon|phone\u00bb custom_css_before_phone=\u00bbcontent:%22%22;||\u00bb custom_css_before_tablet=\u00bbcontent:%22%22;||\u00bb sticky_enabled=\u00bb0&#8243;]<\/p>\n<p><span>Como padre o familiar de un alumno discapacitado, quieres la mejor educaci\u00f3n posible para tu hijo. Pero los servicios y procesos de Educaci\u00f3n Especial pueden consumir mucho tiempo y energ\u00eda y ser dif\u00edciles de entender. LEAP ha reunido numerosos recursos para ayudar a educar y apoyar a las familias, incluidos v\u00eddeos breves de actualidad, m\u00f3dulos completos de formaci\u00f3n y conexiones con organizaciones estatales y locales que ofrecen defensa.  <\/span><span><\/span><\/p>\n<h4 style=\"text-align: center;\"><a href=\"https:\/\/umsystem-umkc-ihd.catalog.instructure.com\/browse\/ucedd\/programs\/leap-all-courses-program-bundle\" target=\"_blank\" rel=\"noopener\"><strong><span>Inscr\u00edbete en la Serie LEAP Online<\/span><\/strong><\/a><\/h4>\n<p><span><\/span><\/p>\n<p><span>La formaci\u00f3n LEAP completa, impartida a trav\u00e9s de una experiencia de aprendizaje a tu propio ritmo, consta de 13 cursos individuales, cada uno de los cuales dura entre una hora y una hora y media. Los cursos pueden realizarse de forma independiente por \u00e1reas tem\u00e1ticas o secuencialmente en la serie completa. Los alumnos pueden estar interesados en realizar s\u00f3lo uno o dos cursos, y completar la serie completa en orden o ir saltando en funci\u00f3n de los intereses y necesidades de los alumnos. Todas las opciones son bienvenidas.   <\/span><\/p>\n<p><span>*Los defensores y padres biling\u00fces tienen a su disposici\u00f3n versiones en espa\u00f1ol de los materiales en l\u00ednea y los v\u00eddeos de formaci\u00f3n de LEAP.<\/span><\/p>\n<p>[\/et_pb_toggle][et_pb_toggle title=\u00bbQuiero convertirme en un defensor de la educaci\u00f3n\u00bb open=\u00bbon\u00bb open_toggle_text_color=\u00bb#000000&#8243; open_toggle_background_color=\u00bb#FFFFFF\u00bb closed_toggle_text_color=\u00bb#000000&#8243; closed_toggle_background_color=\u00bb#FFFFFF\u00bb icon_color=\u00bb#f9a121&#8243; toggle_icon=\u00bb&#xf078;||fa||900&#8243; open_icon_color=\u00bb#F9A121&#8243; open_toggle_icon=\u00bb&#xf077;||fa||900&#8243; _builder_version=\u00bb4.24.3&#8243; _module_preset=\u00bbdefault\u00bb title_text_color=\u00bb#000000&#8243; title_level=\u00bbh2&#8243; title_font=\u00bb|||on|||||\u00bb body_text_color=\u00bb#000000&#8243; body_font_size=\u00bb20px\u00bb background_color=\u00bb#FFFFFF\u00bb custom_padding=\u00bb0px|0px|0px|0px|true|true\u00bb hover_enabled=\u00bb0&#8243; body_font_size_tablet=\u00bb20px\u00bb body_font_size_phone=\u00bb18px\u00bb body_font_size_last_edited=\u00bbon|phone\u00bb custom_css_free_form=\u00bbselector h4 {||  color:#f9a121;||  font-size: 24px;||  margin-top:20px;||}||||selector h3 {||  font-size: 28px;||}||||selector h5 {||  font-size:20px;||}\u00bb custom_css_toggle_title=\u00bbbackground-color: #f9a1214d;||border-bottom:10px solid #f9a121;||padding:10px 20px;\u00bb custom_css_toggle_icon=\u00bbpadding:0px 20px;\u00bb custom_css_toggle_content=\u00bbpadding:20px;\u00bb global_colors_info=\u00bb{}\u00bb custom_css_before_last_edited=\u00bbon|phone\u00bb custom_css_before_phone=\u00bbcontent:%22%22;||\u00bb custom_css_before_tablet=\u00bbcontent:%22%22;||\u00bb sticky_enabled=\u00bb0&#8243;]<\/p>\n<p><span>El Programa de Defensa Educativa Laica (LEAP) se dise\u00f1\u00f3 para formar a profesionales, miembros de la comunidad y padres que quieran garantizar una educaci\u00f3n adecuada a los ni\u00f1os con discapacidad. LEAP apoya a las familias de Missouri durante el proceso de educaci\u00f3n especial. Las sesiones de formaci\u00f3n del LEAP ense\u00f1an Habilidades b\u00e1sicas de defensa y c\u00f3mo se aplican en el entorno educativo, conceptos fundamentales del Programa Educativo Individualizado (PEI) y la Planificaci\u00f3n 504 y temas especializados, como los derechos de padres y alumnos, la planificaci\u00f3n de la transici\u00f3n y la disciplina escolar.  <\/span><\/p>\n<div><\/div>\n<p>[\/et_pb_toggle][et_pb_toggle title=\u00bbQuiero que mi organizaci\u00f3n participe\u00bb open=\u00bbon\u00bb open_toggle_text_color=\u00bb#000000&#8243; open_toggle_background_color=\u00bb#FFFFFF\u00bb closed_toggle_text_color=\u00bb#000000&#8243; closed_toggle_background_color=\u00bb#FFFFFF\u00bb icon_color=\u00bb#A2CC3E\u00bb toggle_icon=\u00bb&#xf078;||fa||900&#8243; open_icon_color=\u00bb#A2CC3E\u00bb open_toggle_icon=\u00bb&#xf077;||fa||900&#8243; _builder_version=\u00bb4.24.3&#8243; _module_preset=\u00bbdefault\u00bb title_text_color=\u00bb#000000&#8243; title_level=\u00bbh2&#8243; title_font=\u00bb|||on|||||\u00bb body_text_color=\u00bb#000000&#8243; body_font_size=\u00bb20px\u00bb background_color=\u00bb#FFFFFF\u00bb custom_padding=\u00bb0px|0px|0px|0px|true|true\u00bb hover_enabled=\u00bb0&#8243; body_font_size_tablet=\u00bb20px\u00bb body_font_size_phone=\u00bb18px\u00bb body_font_size_last_edited=\u00bbon|phone\u00bb custom_css_free_form=\u00bbselector h4 {||  color:#a2cc3e;||  font-size: 24px;||  margin-top:20px;||}||||selector h3 {||  font-size: 28px;||}||||selector h5 {||  font-size:20px;||}\u00bb custom_css_toggle_title=\u00bbbackground-color: #a2cc3e4d;||border-bottom:10px solid #a2cc3e;||padding:10px 20px;\u00bb custom_css_toggle_icon=\u00bbpadding:0px 20px;\u00bb custom_css_toggle_content=\u00bbpadding:20px;\u00bb global_colors_info=\u00bb{}\u00bb custom_css_before_last_edited=\u00bbon|phone\u00bb custom_css_before_phone=\u00bbcontent:%22%22;||\u00bb custom_css_before_tablet=\u00bbcontent:%22%22;||\u00bb sticky_enabled=\u00bb0&#8243;]<\/p>\n<h4><b><strong>Mejora la defensa de tu organizaci\u00f3n<\/strong><\/b><\/h4>\n<p><span>Tu organizaci\u00f3n o comunidad puede beneficiarse de contar con un equipo de defensores formados en educaci\u00f3n especial. Las organizaciones pueden apoyar a un grupo de personal o miembros de la comunidad a trav\u00e9s de la formaci\u00f3n LEAP de dos maneras: <\/span><\/p>\n<ul>\n<li style=\"list-style-type: none;\">\n<ul>\n<li><span> <\/span>Formaci\u00f3n online facilitada por el grupo: Las organizaciones pueden guiar a un grupo a trav\u00e9s de la formaci\u00f3n gratuita en l\u00ednea utilizando la gu\u00eda del facilitador elaborada para reforzar el aprendizaje y fomentar el debate en grupo sobre el contenido de la formaci\u00f3n.<\/li>\n<li>Formaci\u00f3n patrocinada y en directo: La formaci\u00f3n LEAP puede impartirse en directo, virtualmente o en persona, por nuestro equipo de expertos en defensa, previa solicitud.<\/li>\n<\/ul>\n<\/li>\n<\/ul>\n<h4><strong><span>\u00danete a la Red de Defensa de la Educaci\u00f3n de Missouri<\/span><\/strong><\/h4>\n<p><span>La Red de Defensa de la Educaci\u00f3n de Misuri es una red estatal de organizaciones y defensores que:<\/span><\/p>\n<ul>\n<li style=\"list-style-type: none;\">\n<ul>\n<li>Ayudar y capacitar a los ciudadanos interesados para que dominen los sistemas de informaci\u00f3n y negociaci\u00f3n para ayudar a garantizar las oportunidades educativas que son un derecho civil y un mandato legal para los alumnos con discapacidad.<\/li>\n<li>Garantizar y proporcionar informaci\u00f3n precisa sobre las complejas cuestiones que rodean al sistema educativo de Missouri para elevar los niveles de competencia de quienes defienden los intereses de los alumnos con discapacidades. Se trata de personas que comparten el inter\u00e9s por aumentar la capacidad de las organizaciones, los profesionales y los padres de Missouri para defender los servicios de educaci\u00f3n especial y el apoyo a los ni\u00f1os discapacitados de Missouri. <\/li>\n<\/ul>\n<\/li>\n<\/ul>\n<p><span>Este grupo se re\u00fane trimestralmente para:<\/span><\/p>\n<ul>\n<li style=\"list-style-type: none;\">\n<ul>\n<li>Establecer redes con otras partes interesadas en la defensa de la educaci\u00f3n<\/li>\n<li>Mantente al d\u00eda de las pol\u00edticas y leyes estatales y federales<\/li>\n<li>Identificar los \u00e9xitos y los obst\u00e1culos en torno a la defensa de la educaci\u00f3n inclusiva en todo Missouri<\/li>\n<li>Compartir la formaci\u00f3n y otras oportunidades para aumentar la capacidad<\/li>\n<\/ul>\n<\/li>\n<\/ul>\n<p><span>Si est\u00e1s interesado en saber m\u00e1s sobre c\u00f3mo organizar una serie de formaci\u00f3n LEAP, unirte a la Red o quieres participar, ponte en contacto con <a href=\"mailto:mofamilytofamily@umkc.edu\" target=\"_blank\" rel=\"noopener\">MoFamilytoFamily@umkc.edu<\/a><\/span><\/p>\n<p>[\/et_pb_toggle][et_pb_toggle title=\u00bbLista de miembros de LEAP\u00bb open=\u00bbon\u00bb open_toggle_text_color=\u00bb#000000&#8243; open_toggle_background_color=\u00bb#FFFFFF\u00bb closed_toggle_text_color=\u00bb#000000&#8243; closed_toggle_background_color=\u00bb#FFFFFF\u00bb icon_color=\u00bb#EB1765&#8243; toggle_icon=\u00bb&#xf078;||fa||900&#8243; open_icon_color=\u00bb#EB1765&#8243; open_toggle_icon=\u00bb&#xf077;||fa||900&#8243; _builder_version=\u00bb4.24.3&#8243; _module_preset=\u00bbdefault\u00bb title_text_color=\u00bb#000000&#8243; title_level=\u00bbh2&#8243; title_font=\u00bb|||on|||||\u00bb body_text_color=\u00bb#000000&#8243; body_font_size=\u00bb20px\u00bb background_color=\u00bb#FFFFFF\u00bb custom_padding=\u00bb0px|0px|0px|0px|true|true\u00bb hover_enabled=\u00bb0&#8243; body_font_size_tablet=\u00bb20px\u00bb body_font_size_phone=\u00bb18px\u00bb body_font_size_last_edited=\u00bbon|phone\u00bb custom_css_free_form=\u00bbselector h4 {||  color:#eb1765;||  font-size: 24px;||  margin-top:20px;||}||||selector h3 {||  font-size: 28px;||}||||selector h5 {||  font-size:20px;||}\u00bb custom_css_toggle_title=\u00bbbackground-color: #eb17654d;||border-bottom:10px solid #eb1765;||padding:10px 20px;\u00bb custom_css_toggle_icon=\u00bbpadding:0px 20px;\u00bb custom_css_toggle_content=\u00bbpadding:20px;\u00bb global_colors_info=\u00bb{}\u00bb custom_css_before_last_edited=\u00bbon|phone\u00bb custom_css_before_phone=\u00bbcontent:%22%22;||\u00bb custom_css_before_tablet=\u00bbcontent:%22%22;||\u00bb sticky_enabled=\u00bb0&#8243;]<\/p>\n<ul>\n<li><span> <\/span><span>UMKC-Instituto para el Desarrollo Humano<\/span><\/li>\n<li><span> <\/span><span>Centro de Recursos Familia a Familia de Missouri<\/span><\/li>\n<li><span> <\/span><span>Potenciaci\u00f3n de la discapacidad en Missouri<\/span><\/li>\n<li><span> <\/span><span>Defensa de la Familia y Formaci\u00f3n Comunitaria<\/span><\/li>\n<li><span> <\/span><span>Servicios Jur\u00eddicos del Este de Missouri<\/span><\/li>\n<li><span> <\/span><span>Protecci\u00f3n y Defensa de Missouri<\/span><\/li>\n<li><span> <\/span><span>Ley de Padres de MO &#8211; MPACT<\/span><\/li>\n<li><span> <\/span><span>Departamento de Educaci\u00f3n Primaria y Secundaria de Missouri<\/span><\/li>\n<li><span> <\/span><span>Potenciaci\u00f3n de la discapacidad en Missouri<\/span><\/li>\n<li><span> <\/span><span>Acci\u00f3n Comunitaria de MO Central<\/span><\/li>\n<li><span> <\/span><span>Arco de los Ozarks<\/span><\/li>\n<li><span> <\/span><span>Familias y autogestores<\/span><\/li>\n<\/ul>\n<p>[\/et_pb_toggle][\/et_pb_column][\/et_pb_row][\/et_pb_section]<\/p>\n","protected":false},"excerpt":{"rendered":"<p>Las familias y las personas que navegan por el sistema de educaci\u00f3n especial a menudo se sienten solas, confusas y abrumadas durante las reuniones educativas, como una sesi\u00f3n de planificaci\u00f3n del IEP o de la Secci\u00f3n 504. El sistema puede dificultar que las familias y las personas defiendan por s\u00ed mismas lo que quieren o [&hellip;]<\/p>\n","protected":false},"author":1,"featured_media":0,"parent":0,"menu_order":0,"comment_status":"closed","ping_status":"closed","template":"","meta":{"_et_pb_use_builder":"on","_et_pb_old_content":"","_et_gb_content_width":"","footnotes":""},"class_list":["post-2963","page","type-page","status-publish","hentry"],"yoast_head":"<!-- This site is optimized with the Yoast SEO plugin v27.3 - https:\/\/yoast.com\/product\/yoast-seo-wordpress\/ -->\n<title>Programa de Defensa Educativa de los Laicos de MO - Missouri Family to Family<\/title>\n<meta name=\"robots\" content=\"index, follow, max-snippet:-1, max-image-preview:large, max-video-preview:-1\" \/>\n<link rel=\"canonical\" href=\"https:\/\/mofamilytofamily.org\/es\/programa-de-defensa-educativa-de-los-laicos-de-mo\/\" \/>\n<meta property=\"og:locale\" content=\"es_ES\" \/>\n<meta property=\"og:type\" content=\"article\" \/>\n<meta property=\"og:title\" content=\"Programa de Defensa Educativa de los Laicos de MO - Missouri Family to Family\" \/>\n<meta property=\"og:description\" content=\"Las familias y las personas que navegan por el sistema de educaci\u00f3n especial a menudo se sienten solas, confusas y abrumadas durante las reuniones educativas, como una sesi\u00f3n de planificaci\u00f3n del IEP o de la Secci\u00f3n 504. El sistema puede dificultar que las familias y las personas defiendan por s\u00ed mismas lo que quieren o [&hellip;]\" \/>\n<meta property=\"og:url\" content=\"https:\/\/mofamilytofamily.org\/es\/programa-de-defensa-educativa-de-los-laicos-de-mo\/\" \/>\n<meta property=\"og:site_name\" content=\"Missouri Family to Family\" \/>\n<meta property=\"article:modified_time\" content=\"2026-03-16T21:56:51+00:00\" \/>\n<meta name=\"twitter:card\" content=\"summary_large_image\" \/>\n<meta name=\"twitter:label1\" content=\"Tiempo de lectura\" \/>\n\t<meta name=\"twitter:data1\" content=\"10 minutos\" \/>\n<script type=\"application\/ld+json\" class=\"yoast-schema-graph\">{\"@context\":\"https:\\\/\\\/schema.org\",\"@graph\":[{\"@type\":\"WebPage\",\"@id\":\"https:\\\/\\\/mofamilytofamily.org\\\/es\\\/programa-de-defensa-educativa-de-los-laicos-de-mo\\\/\",\"url\":\"https:\\\/\\\/mofamilytofamily.org\\\/es\\\/programa-de-defensa-educativa-de-los-laicos-de-mo\\\/\",\"name\":\"Programa de Defensa Educativa de los Laicos de MO - Missouri Family to Family\",\"isPartOf\":{\"@id\":\"https:\\\/\\\/mofamilytofamily.org\\\/es\\\/#website\"},\"datePublished\":\"2024-03-05T19:10:20+00:00\",\"dateModified\":\"2026-03-16T21:56:51+00:00\",\"breadcrumb\":{\"@id\":\"https:\\\/\\\/mofamilytofamily.org\\\/es\\\/programa-de-defensa-educativa-de-los-laicos-de-mo\\\/#breadcrumb\"},\"inLanguage\":\"es\",\"potentialAction\":[{\"@type\":\"ReadAction\",\"target\":[\"https:\\\/\\\/mofamilytofamily.org\\\/es\\\/programa-de-defensa-educativa-de-los-laicos-de-mo\\\/\"]}]},{\"@type\":\"BreadcrumbList\",\"@id\":\"https:\\\/\\\/mofamilytofamily.org\\\/es\\\/programa-de-defensa-educativa-de-los-laicos-de-mo\\\/#breadcrumb\",\"itemListElement\":[{\"@type\":\"ListItem\",\"position\":1,\"name\":\"Home\",\"item\":\"https:\\\/\\\/mofamilytofamily.org\\\/es\\\/inicio\\\/\"},{\"@type\":\"ListItem\",\"position\":2,\"name\":\"Programa de Defensa Educativa de los Laicos de MO\"}]},{\"@type\":\"WebSite\",\"@id\":\"https:\\\/\\\/mofamilytofamily.org\\\/es\\\/#website\",\"url\":\"https:\\\/\\\/mofamilytofamily.org\\\/es\\\/\",\"name\":\"Missouri Family to Family\",\"description\":\"Support. Empower. Engage.\",\"potentialAction\":[{\"@type\":\"SearchAction\",\"target\":{\"@type\":\"EntryPoint\",\"urlTemplate\":\"https:\\\/\\\/mofamilytofamily.org\\\/es\\\/?s={search_term_string}\"},\"query-input\":{\"@type\":\"PropertyValueSpecification\",\"valueRequired\":true,\"valueName\":\"search_term_string\"}}],\"inLanguage\":\"es\"}]}<\/script>\n<!-- \/ Yoast SEO plugin. -->","yoast_head_json":{"title":"Programa de Defensa Educativa de los Laicos de MO - Missouri Family to Family","robots":{"index":"index","follow":"follow","max-snippet":"max-snippet:-1","max-image-preview":"max-image-preview:large","max-video-preview":"max-video-preview:-1"},"canonical":"https:\/\/mofamilytofamily.org\/es\/programa-de-defensa-educativa-de-los-laicos-de-mo\/","og_locale":"es_ES","og_type":"article","og_title":"Programa de Defensa Educativa de los Laicos de MO - Missouri Family to Family","og_description":"Las familias y las personas que navegan por el sistema de educaci\u00f3n especial a menudo se sienten solas, confusas y abrumadas durante las reuniones educativas, como una sesi\u00f3n de planificaci\u00f3n del IEP o de la Secci\u00f3n 504. El sistema puede dificultar que las familias y las personas defiendan por s\u00ed mismas lo que quieren o [&hellip;]","og_url":"https:\/\/mofamilytofamily.org\/es\/programa-de-defensa-educativa-de-los-laicos-de-mo\/","og_site_name":"Missouri Family to Family","article_modified_time":"2026-03-16T21:56:51+00:00","twitter_card":"summary_large_image","twitter_misc":{"Tiempo de lectura":"10 minutos"},"schema":{"@context":"https:\/\/schema.org","@graph":[{"@type":"WebPage","@id":"https:\/\/mofamilytofamily.org\/es\/programa-de-defensa-educativa-de-los-laicos-de-mo\/","url":"https:\/\/mofamilytofamily.org\/es\/programa-de-defensa-educativa-de-los-laicos-de-mo\/","name":"Programa de Defensa Educativa de los Laicos de MO - Missouri Family to Family","isPartOf":{"@id":"https:\/\/mofamilytofamily.org\/es\/#website"},"datePublished":"2024-03-05T19:10:20+00:00","dateModified":"2026-03-16T21:56:51+00:00","breadcrumb":{"@id":"https:\/\/mofamilytofamily.org\/es\/programa-de-defensa-educativa-de-los-laicos-de-mo\/#breadcrumb"},"inLanguage":"es","potentialAction":[{"@type":"ReadAction","target":["https:\/\/mofamilytofamily.org\/es\/programa-de-defensa-educativa-de-los-laicos-de-mo\/"]}]},{"@type":"BreadcrumbList","@id":"https:\/\/mofamilytofamily.org\/es\/programa-de-defensa-educativa-de-los-laicos-de-mo\/#breadcrumb","itemListElement":[{"@type":"ListItem","position":1,"name":"Home","item":"https:\/\/mofamilytofamily.org\/es\/inicio\/"},{"@type":"ListItem","position":2,"name":"Programa de Defensa Educativa de los Laicos de MO"}]},{"@type":"WebSite","@id":"https:\/\/mofamilytofamily.org\/es\/#website","url":"https:\/\/mofamilytofamily.org\/es\/","name":"Missouri Family to Family","description":"Support. Empower. Engage.","potentialAction":[{"@type":"SearchAction","target":{"@type":"EntryPoint","urlTemplate":"https:\/\/mofamilytofamily.org\/es\/?s={search_term_string}"},"query-input":{"@type":"PropertyValueSpecification","valueRequired":true,"valueName":"search_term_string"}}],"inLanguage":"es"}]}},"_links":{"self":[{"href":"https:\/\/mofamilytofamily.org\/es\/wp-json\/wp\/v2\/pages\/2963","targetHints":{"allow":["GET"]}}],"collection":[{"href":"https:\/\/mofamilytofamily.org\/es\/wp-json\/wp\/v2\/pages"}],"about":[{"href":"https:\/\/mofamilytofamily.org\/es\/wp-json\/wp\/v2\/types\/page"}],"author":[{"embeddable":true,"href":"https:\/\/mofamilytofamily.org\/es\/wp-json\/wp\/v2\/users\/1"}],"replies":[{"embeddable":true,"href":"https:\/\/mofamilytofamily.org\/es\/wp-json\/wp\/v2\/comments?post=2963"}],"version-history":[{"count":2,"href":"https:\/\/mofamilytofamily.org\/es\/wp-json\/wp\/v2\/pages\/2963\/revisions"}],"predecessor-version":[{"id":2965,"href":"https:\/\/mofamilytofamily.org\/es\/wp-json\/wp\/v2\/pages\/2963\/revisions\/2965"}],"wp:attachment":[{"href":"https:\/\/mofamilytofamily.org\/es\/wp-json\/wp\/v2\/media?parent=2963"}],"curies":[{"name":"wp","href":"https:\/\/api.w.org\/{rel}","templated":true}]}}