{"id":2951,"date":"2024-03-27T13:40:27","date_gmt":"2024-03-27T18:40:27","guid":{"rendered":"https:\/\/mofamilytofamily.org\/proximos-eventos\/"},"modified":"2026-03-23T13:08:48","modified_gmt":"2026-03-23T18:08:48","slug":"proximos-eventos","status":"publish","type":"page","link":"https:\/\/mofamilytofamily.org\/es\/proximos-eventos\/","title":{"rendered":"Pr\u00f3ximos eventos"},"content":{"rendered":"<p>[et_pb_section fb_built=\u00bb1&#8243; custom_padding_last_edited=\u00bbon|phone\u00bb module_id=\u00bbimagen-h\u00e9roe\u00bb _builder_version=\u00bb4.24.2&#8243; _module_preset=\u00bbdefault\u00bb background_color=\u00bb#FFFFFF\u00bb background_image=\u00bbhttps:\/\/mofamilytofamily.org\/wp-content\/uploads\/2023\/11\/115273174_m_normal_none.jpg\u00bb custom_padding=\u00bb110px|20px|110px|20px|true|true\u00bb custom_padding_tablet=\u00bb50px||50px||true|true\u00bb custom_padding_phone=\u00bb20px||20px||true|true\u00bb background_last_edited=\u00bboff|desktop\u00bb locked=\u00bboff\u00bb global_colors_info=\u00bb{}\u00bb][et_pb_row use_custom_gutter=\u00bbon\u00bb gutter_width=\u00bb1&#8243; make_equal=\u00bbon\u00bb module_class=\u00bbinternal-hero\u00bb _builder_version=\u00bb4.23.1&#8243; _module_preset=\u00bbdefault\u00bb width=\u00bb100%\u00bb max_width=\u00bb100%\u00bb module_alignment=\u00bbcenter\u00bb global_colors_info=\u00bb{}\u00bb custom_css_main_element_last_edited=\u00bbon|desktop\u00bb][et_pb_column type=\u00bb4_4&#8243; _builder_version=\u00bb4.23.1&#8243; _module_preset=\u00bbdefault\u00bb global_colors_info=\u00bb{}\u00bb][et_pb_text _builder_version=\u00bb4.24.2&#8243; _module_preset=\u00bbdefault\u00bb global_colors_info=\u00bb{}\u00bb]<\/p>\n<h1 style=\"text-align: center;\"><img decoding=\"async\" src=\"\/wp-content\/uploads\/2023\/11\/Events-hero.png\" alt=\"Oportunidades educativas\" style=\"max-height: 150px; width: auto;\"><\/h1>\n<p>[\/et_pb_text][\/et_pb_column][\/et_pb_row][\/et_pb_section][et_pb_section fb_built=\u00bb1&#8243; _builder_version=\u00bb4.24.2&#8243; _module_preset=\u00bbdefault\u00bb background_color=\u00bbrgba(219,219,219,0.5)\u00bb custom_margin=\u00bb0px||0px||false|false\u00bb custom_padding=\u00bb||||false|false\u00bb global_colors_info=\u00bb{}\u00bb][et_pb_row _builder_version=\u00bb4.23.1&#8243; _module_preset=\u00bbdefault\u00bb custom_margin=\u00bb||||true|false\u00bb custom_padding=\u00bb||||true|false\u00bb global_colors_info=\u00bb{}\u00bb][et_pb_column type=\u00bb4_4&#8243; _builder_version=\u00bb4.23.1&#8243; _module_preset=\u00bbdefault\u00bb global_colors_info=\u00bb{}\u00bb][et_pb_text _builder_version=\u00bb4.24.2&#8243; _module_preset=\u00bbdefault\u00bb text_text_color=\u00bb#000000&#8243; header_text_align=\u00bbcenter\u00bb header_text_color=\u00bb#2F368F\u00bb header_2_text_align=\u00bbcenter\u00bb header_3_text_align=\u00bbcenter\u00bb header_4_text_align=\u00bbcenter\u00bb header_4_text_color=\u00bb#000000&#8243; header_4_font_size_tablet=\u00bb28px\u00bb text_orientation_tablet=\u00bbcenter\u00bb text_orientation_phone=\u00bbleft\u00bb text_orientation_last_edited=\u00bbon|phone\u00bb global_colors_info=\u00bb{}\u00bb]<\/p>\n<h3>Pr\u00f3ximos eventos<\/h3>\n<p>[\/et_pb_text][\/et_pb_column][\/et_pb_row][et_pb_row _builder_version=\u00bb4.27.0&#8243; _module_preset=\u00bbdefault\u00bb global_colors_info=\u00bb{}\u00bb][et_pb_column type=\u00bb4_4&#8243; _builder_version=\u00bb4.27.0&#8243; _module_preset=\u00bbdefault\u00bb global_colors_info=\u00bb{}\u00bb][et_pb_divider divider_weight=\u00bb5px\u00bb _builder_version=\u00bb4.25.2&#8243; _module_preset=\u00bbdefault\u00bb min_height=\u00bb11px\u00bb global_colors_info=\u00bb{}\u00bb][\/et_pb_divider][\/et_pb_column][\/et_pb_row][et_pb_row column_structure=\u00bb1_3,2_3&#8243; _builder_version=\u00bb4.27.4&#8243; _module_preset=\u00bbdefault\u00bb global_colors_info=\u00bb{}\u00bb][et_pb_column type=\u00bb1_3&#8243; _builder_version=\u00bb4.24.2&#8243; _module_preset=\u00bbdefault\u00bb global_colors_info=\u00bb{}\u00bb][et_pb_image src=\u00bbhttps:\/\/mofamilytofamily.org\/wp-content\/uploads\/2026\/03\/CtLC-Drop-In-1.png\u00bb alt=\u00bbGr\u00e1fico de llamada sin cita previa del CTC de Missouri que muestra un tel\u00e9fono y burbujas de chat para obtener ayuda e informaci\u00f3n.\u00bb title_text=\u00bb_CtLC Drop-In (1)\u00bb show_in_lightbox=\u00bbon\u00bb _builder_version=\u00bb4.27.6&#8243; _module_preset=\u00bbdefault\u00bb global_colors_info=\u00bb{}\u00bb][\/et_pb_image][et_pb_button button_url=\u00bbhttps:\/\/umsystem.zoom.us\/meeting\/register\/j0fhk8s4SNun-OIRm-Is6Q\u00bb url_new_window=\u00bbon\u00bb button_text=\u00bbReg\u00edstrate aqu\u00ed\u00bb button_alignment=\u00bbcenter\u00bb _builder_version=\u00bb4.27.6&#8243; _module_preset=\u00bbdefault\u00bb custom_button=\u00bbon\u00bb button_text_size=\u00bb24px\u00bb button_bg_color=\u00bb#1C85C7&#8243; custom_margin=\u00bb50px|35px|50px||true|false\u00bb global_colors_info=\u00bb{}\u00bb][\/et_pb_button][\/et_pb_column][et_pb_column type=\u00bb2_3&#8243; _builder_version=\u00bb4.24.2&#8243; _module_preset=\u00bbdefault\u00bb global_colors_info=\u00bb{}\u00bb][et_pb_text _builder_version=\u00bb4.27.5&#8243; _module_preset=\u00bbdefault\u00bb global_colors_info=\u00bb{}\u00bb]<\/p>\n<h4 style=\"font-weight: 400;\"><strong>25 de marzo de 2026 &#8211; CtLC Drop In<\/strong><\/h4>\n<h6><span style=\"color: #2f368f;\"><em><strong>10 &#8211; 11 h CT virtual <\/strong><\/em><\/span><\/h6>\n<p><span data-olk-copy-source=\"MessageBody\">Las llamadas sin cita previa de Missouri para Trazar el Curso de la Vida son una oportunidad informal para hacer preguntas y obtener orientaci\u00f3n sobre el uso del marco y las herramientas de Trazar el Curso de la Vida. \u00danete a nosotros para explorar ideas, resolver problemas u obtener ayuda para aplicar CtLC a situaciones de la vida real, para ti o para alguien a quien apoyes. En nuestra pr\u00f3xima sesi\u00f3n, nos centraremos en explorar distintas formas de aplicar y utilizar la Estrella de Apoyos Integrados en la planificaci\u00f3n diaria y la resoluci\u00f3n de problemas. Es una gran oportunidad para quien busque un apoyo flexible, ideas nuevas o un r\u00e1pido refresco.   <\/p>\n<p><\/span><span data-olk-copy-source=\"MessageBody\"><em><strong data-olk-copy-source=\"MessageBody\">Audiencia sugerida:<br \/><\/strong>Missourianos interesados en Trazar el Curso de la Vida<\/em><\/span><\/p>\n<p>[\/et_pb_text][\/et_pb_column][\/et_pb_row][et_pb_row column_structure=\u00bb1_3,2_3&#8243; _builder_version=\u00bb4.27.4&#8243; _module_preset=\u00bbdefault\u00bb global_colors_info=\u00bb{}\u00bb][et_pb_column type=\u00bb1_3&#8243; _builder_version=\u00bb4.24.2&#8243; _module_preset=\u00bbdefault\u00bb global_colors_info=\u00bb{}\u00bb][et_pb_image src=\u00bbhttps:\/\/mofamilytofamily.org\/wp-content\/uploads\/2026\/01\/Tech-Series-Ad.png\u00bb alt=\u00bbSerie MOD Tecnolog\u00eda Gr\u00e1fica\u00bb title_text=\u00bbAnuncio de la serie Tech\u00bb show_in_lightbox=\u00bbon\u00bb _builder_version=\u00bb4.27.5&#8243; _module_preset=\u00bbdefault\u00bb global_colors_info=\u00bb{}\u00bb][\/et_pb_image][et_pb_button button_url=\u00bbhttps:\/\/umsystem.zoom.us\/meeting\/register\/14QL2WhNSEmHBu7AiH0KHw#\/registration\u00bb url_new_window=\u00bbon\u00bb button_text=\u00bbReg\u00edstrate aqu\u00ed\u00bb button_alignment=\u00bbcenter\u00bb _builder_version=\u00bb4.27.6&#8243; _module_preset=\u00bbdefault\u00bb custom_button=\u00bbon\u00bb button_text_size=\u00bb24px\u00bb button_bg_color=\u00bb#1C85C7&#8243; custom_margin=\u00bb50px|35px|50px||true|false\u00bb global_colors_info=\u00bb{}\u00bb][\/et_pb_button][\/et_pb_column][et_pb_column type=\u00bb2_3&#8243; _builder_version=\u00bb4.24.2&#8243; _module_preset=\u00bbdefault\u00bb global_colors_info=\u00bb{}\u00bb][et_pb_text _builder_version=\u00bb4.27.5&#8243; _module_preset=\u00bbdefault\u00bb global_colors_info=\u00bb{}\u00bb]<\/p>\n<h4 style=\"font-weight: 400;\"><strong>25 de marzo de 2026 &#8211; Serie MOD Technology<\/strong><\/h4>\n<h6><span style=\"color: #2f368f;\"><em><strong>12:30 &#8211; 1:30 p.m. CT virtual <\/strong><\/em><\/span><\/h6>\n<p>Las Series de Beneficios de Puertas Abiertas de Missouri son talleres mensuales gratuitos con un enfoque espec\u00edfico en el \u00e1mbito de la tecnolog\u00eda. El tema de este mes es Todo lo que siempre has querido saber sobre la Inteligencia Artificial pero te daba miedo preguntar.   <\/p>\n<p>[\/et_pb_text][\/et_pb_column][\/et_pb_row][et_pb_row column_structure=\u00bb1_3,2_3&#8243; _builder_version=\u00bb4.27.4&#8243; _module_preset=\u00bbdefault\u00bb global_colors_info=\u00bb{}\u00bb][et_pb_column type=\u00bb1_3&#8243; _builder_version=\u00bb4.24.2&#8243; _module_preset=\u00bbdefault\u00bb global_colors_info=\u00bb{}\u00bb][et_pb_image src=\u00bbhttps:\/\/mofamilytofamily.org\/wp-content\/uploads\/2025\/05\/CtLC-in-Action-3.png\u00bb alt=\u00bbctlc en acci\u00f3n banner\u00bb title_text=\u00bbCtLC en acci\u00f3n (3)\u00bb show_in_lightbox=\u00bbon\u00bb _builder_version=\u00bb4.27.4&#8243; _module_preset=\u00bbdefault\u00bb global_colors_info=\u00bb{}\u00bb][\/et_pb_image][et_pb_button button_url=\u00bbhttps:\/\/umsystem.zoom.us\/meeting\/register\/vo1pt6EaQKaLibd-uyU0mQ\u00bb url_new_window=\u00bbon\u00bb button_text=\u00bbReg\u00edstrate aqu\u00ed\u00bb button_alignment=\u00bbcenter\u00bb _builder_version=\u00bb4.27.5&#8243; _module_preset=\u00bbdefault\u00bb custom_button=\u00bbon\u00bb button_text_size=\u00bb24px\u00bb button_bg_color=\u00bb#1C85C7&#8243; custom_margin=\u00bb50px|35px|50px||true|false\u00bb global_colors_info=\u00bb{}\u00bb][\/et_pb_button][\/et_pb_column][et_pb_column type=\u00bb2_3&#8243; _builder_version=\u00bb4.24.2&#8243; _module_preset=\u00bbdefault\u00bb global_colors_info=\u00bb{}\u00bb][et_pb_text _builder_version=\u00bb4.27.5&#8243; _module_preset=\u00bbdefault\u00bb global_colors_info=\u00bb{}\u00bb]<\/p>\n<h4 style=\"font-weight: 400;\"><strong>3 de abril de 2026 &#8211; CtLC en Acci\u00f3n<\/strong><\/h4>\n<h6><span style=\"color: #2f368f;\"><em><strong>12:30 &#8211; 14:00 h CT virtual <\/strong><\/em><\/span><\/h6>\n<p><span style=\"font-weight: 400;\">Las Reuniones de Trazar el Curso de la Vida en Acci\u00f3n est\u00e1n dirigidas a cualquier persona que est\u00e9 aplicando o implementando directamente el CtLC en sus organizaciones o funciones profesionales. Se trata de una colaboraci\u00f3n interactiva de aprendizaje entre iguales que permite el aprendizaje pr\u00e1ctico, el pilotaje y la identificaci\u00f3n de estrategias de aplicaci\u00f3n e implementaci\u00f3n. Las reuniones de CtLC en Acci\u00f3n son un espacio seguro para hablar tanto de los \u00e9xitos como de los retos, donde los miembros pueden compartir sus experiencias, hacer preguntas y recibir asesoramiento entre iguales sobre la aplicaci\u00f3n de CtLC. El grupo tambi\u00e9n es el primero en conocer los nuevos productos y proporcionar sus valiosos comentarios al equipo Nexus.    Actualmente, las reuniones se celebran virtualmente.  <\/span><\/p>\n<p>[\/et_pb_text][et_pb_text _builder_version=\u00bb4.25.2&#8243; _module_preset=\u00bbdefault\u00bb global_colors_info=\u00bb{}\u00bb]<\/p>\n<p><em><strong>Audiencia sugerida:<br \/><\/strong>Profesionales que implementan CtLC en sus organizaciones\/funciones<\/em><\/p>\n<p>[\/et_pb_text][\/et_pb_column][\/et_pb_row][et_pb_row column_structure=\u00bb1_3,2_3&#8243; _builder_version=\u00bb4.27.4&#8243; _module_preset=\u00bbdefault\u00bb global_colors_info=\u00bb{}\u00bb][et_pb_column type=\u00bb1_3&#8243; _builder_version=\u00bb4.24.2&#8243; _module_preset=\u00bbdefault\u00bb global_colors_info=\u00bb{}\u00bb][et_pb_image src=\u00bbhttps:\/\/mofamilytofamily.org\/wp-content\/uploads\/2026\/01\/Benefits-Series-Ad.png\u00bb alt=\u00bbMOD Serie Beneficios Gr\u00e1fico\u00bb title_text=\u00bbAnuncio de la serie Beneficios\u00bb show_in_lightbox=\u00bbon\u00bb _builder_version=\u00bb4.27.5&#8243; _module_preset=\u00bbdefault\u00bb global_colors_info=\u00bb{}\u00bb][\/et_pb_image][et_pb_button button_url=\u00bbhttps:\/\/umsystem.zoom.us\/meeting\/register\/kC1sKGxhTMC2mpLnIh8MYA\u00bb url_new_window=\u00bbon\u00bb button_text=\u00bbReg\u00edstrate aqu\u00ed\u00bb button_alignment=\u00bbcenter\u00bb _builder_version=\u00bb4.27.6&#8243; _module_preset=\u00bbdefault\u00bb custom_button=\u00bbon\u00bb button_text_size=\u00bb24px\u00bb button_bg_color=\u00bb#1C85C7&#8243; custom_margin=\u00bb50px|35px|50px||true|false\u00bb global_colors_info=\u00bb{}\u00bb][\/et_pb_button][\/et_pb_column][et_pb_column type=\u00bb2_3&#8243; _builder_version=\u00bb4.24.2&#8243; _module_preset=\u00bbdefault\u00bb global_colors_info=\u00bb{}\u00bb][et_pb_text _builder_version=\u00bb4.27.5&#8243; _module_preset=\u00bbdefault\u00bb global_colors_info=\u00bb{}\u00bb]<\/p>\n<h4 style=\"font-weight: 400;\"><strong>8 de abril de 2026 &#8211; Serie Beneficios MOD<\/strong><\/h4>\n<h6><span style=\"color: #2f368f;\"><em><strong>12:30 &#8211; 1:30 p.m. CT virtual <\/strong><\/em><\/span><\/h6>\n<p>Las Series de Beneficios de Puertas Abiertas de Missouri son talleres mensuales gratuitos con un enfoque espec\u00edfico en el \u00e1mbito de los Beneficios Gubernamentales. El tema de este mes es sobre la<strong> Asociaci\u00f3n de Lesiones Cerebrales de Misuri.<\/strong>  <\/p>\n<p>[\/et_pb_text][\/et_pb_column][\/et_pb_row][et_pb_row column_structure=\u00bb1_3,2_3&#8243; _builder_version=\u00bb4.27.4&#8243; _module_preset=\u00bbdefault\u00bb hover_enabled=\u00bb0&#8243; global_colors_info=\u00bb{}\u00bb sticky_enabled=\u00bb0&#8243; custom_padding=\u00bb||0px|||\u00bb][et_pb_column type=\u00bb1_3&#8243; _builder_version=\u00bb4.24.2&#8243; _module_preset=\u00bbdefault\u00bb global_colors_info=\u00bb{}\u00bb][et_pb_image src=\u00bbhttps:\/\/mofamilytofamily.org\/wp-content\/uploads\/2026\/03\/Employment-Series-1.png\u00bb alt=\u00bbVolante para un evento del Grupo Good Life sobre empleo para personas con discapacidad, celebrado el 28 de abril de 2026, a las 12:30 p.m. CT, organizado por Missouri Family to Family. \u00bb title_text=\u00bbSerie Empleo (1)\u00bb show_in_lightbox=\u00bbon\u00bb _builder_version=\u00bb4.27.6&#8243; _module_preset=\u00bbdefault\u00bb hover_enabled=\u00bb0&#8243; global_colors_info=\u00bb{}\u00bb sticky_enabled=\u00bb0&#8243;][\/et_pb_image][et_pb_button button_url=\u00bbhttps:\/\/umsystem.zoom.us\/meeting\/register\/kC1sKGxhTMC2mpLnIh8MYA\u00bb url_new_window=\u00bbon\u00bb button_text=\u00bbReg\u00edstrate aqu\u00ed\u00bb button_alignment=\u00bbcenter\u00bb _builder_version=\u00bb4.27.6&#8243; _module_preset=\u00bbdefault\u00bb custom_button=\u00bbon\u00bb button_text_size=\u00bb24px\u00bb button_bg_color=\u00bb#1C85C7&#8243; custom_margin=\u00bb50px|35px|50px||true|false\u00bb hover_enabled=\u00bb0&#8243; global_colors_info=\u00bb{}\u00bb sticky_enabled=\u00bb0&#8243;][\/et_pb_button][\/et_pb_column][et_pb_column type=\u00bb2_3&#8243; _builder_version=\u00bb4.24.2&#8243; _module_preset=\u00bbdefault\u00bb global_colors_info=\u00bb{}\u00bb][et_pb_text _builder_version=\u00bb4.27.5&#8243; _module_preset=\u00bbdefault\u00bb global_colors_info=\u00bb{}\u00bb]<\/p>\n<h4 style=\"font-weight: 400;\"><strong>28 de abril de 2026 &#8211; Grupo Buena Vida<\/strong><\/h4>\n<h6><span style=\"color: #2f368f;\"><em><strong>12:30 &#8211; 1:30 p.m. CT virtual <\/strong><\/em><\/span><\/h6>\n<p><span data-olk-copy-source=\"MessageBody\">\u00danete a nosotros en un Grupo de la Buena Vida en el que las personas con discapacidad y sus familias pueden explorar juntos sus puntos fuertes, intereses y posibilidades de futuro. Utilizando las herramientas de Trazar el Curso de la Vida, hablaremos de c\u00f3mo estas ideas pueden ayudar a dar forma a los objetivos de empleo y convertirlos en pr\u00f3ximos pasos sencillos y factibles. <\/span><\/p>\n<p>[\/et_pb_text][\/et_pb_column][\/et_pb_row][et_pb_row _builder_version=\u00bb4.27.0&#8243; _module_preset=\u00bbdefault\u00bb global_colors_info=\u00bb{}\u00bb][et_pb_column type=\u00bb4_4&#8243; _builder_version=\u00bb4.27.0&#8243; _module_preset=\u00bbdefault\u00bb global_colors_info=\u00bb{}\u00bb][et_pb_divider divider_weight=\u00bb5px\u00bb _builder_version=\u00bb4.25.2&#8243; _module_preset=\u00bbdefault\u00bb min_height=\u00bb11px\u00bb global_colors_info=\u00bb{}\u00bb][\/et_pb_divider][\/et_pb_column][\/et_pb_row][\/et_pb_section][et_pb_section fb_built=\u00bb1&#8243; _builder_version=\u00bb4.27.0&#8243; _module_preset=\u00bbdefault\u00bb global_colors_info=\u00bb{}\u00bb][\/et_pb_section]<\/p>\n","protected":false},"excerpt":{"rendered":"<p>Pr\u00f3ximos eventos25 de marzo de 2026 &#8211; CtLC Drop In 10 &#8211; 11 h CT virtual Las llamadas sin cita previa de Missouri para Trazar el Curso de la Vida son una oportunidad informal para hacer preguntas y obtener orientaci\u00f3n sobre el uso del marco y las herramientas de Trazar el Curso de la Vida. [&hellip;]<\/p>\n","protected":false},"author":3,"featured_media":0,"parent":0,"menu_order":0,"comment_status":"closed","ping_status":"closed","template":"","meta":{"_et_pb_use_builder":"on","_et_pb_old_content":"","_et_gb_content_width":"","footnotes":""},"class_list":["post-2951","page","type-page","status-publish","hentry"],"yoast_head":"<!-- This site is optimized with the Yoast SEO plugin v27.3 - https:\/\/yoast.com\/product\/yoast-seo-wordpress\/ -->\n<title>Pr\u00f3ximos eventos - Missouri Family to Family<\/title>\n<meta name=\"robots\" content=\"index, follow, max-snippet:-1, max-image-preview:large, max-video-preview:-1\" \/>\n<link rel=\"canonical\" href=\"https:\/\/mofamilytofamily.org\/es\/proximos-eventos\/\" \/>\n<meta property=\"og:locale\" content=\"es_ES\" \/>\n<meta property=\"og:type\" content=\"article\" \/>\n<meta property=\"og:title\" content=\"Pr\u00f3ximos eventos - Missouri Family to Family\" \/>\n<meta property=\"og:description\" content=\"Pr\u00f3ximos eventos25 de marzo de 2026 - CtLC Drop In 10 - 11 h CT virtual Las llamadas sin cita previa de Missouri para Trazar el Curso de la Vida son una oportunidad informal para hacer preguntas y obtener orientaci\u00f3n sobre el uso del marco y las herramientas de Trazar el Curso de la Vida. [&hellip;]\" \/>\n<meta property=\"og:url\" content=\"https:\/\/mofamilytofamily.org\/es\/proximos-eventos\/\" \/>\n<meta property=\"og:site_name\" content=\"Missouri Family to Family\" \/>\n<meta property=\"article:modified_time\" content=\"2026-03-23T18:08:48+00:00\" \/>\n<meta name=\"twitter:card\" content=\"summary_large_image\" \/>\n<meta name=\"twitter:label1\" content=\"Tiempo de lectura\" \/>\n\t<meta name=\"twitter:data1\" content=\"9 minutos\" \/>\n<script type=\"application\/ld+json\" class=\"yoast-schema-graph\">{\"@context\":\"https:\\\/\\\/schema.org\",\"@graph\":[{\"@type\":\"WebPage\",\"@id\":\"https:\\\/\\\/mofamilytofamily.org\\\/es\\\/proximos-eventos\\\/\",\"url\":\"https:\\\/\\\/mofamilytofamily.org\\\/es\\\/proximos-eventos\\\/\",\"name\":\"Pr\u00f3ximos eventos - Missouri Family to Family\",\"isPartOf\":{\"@id\":\"https:\\\/\\\/mofamilytofamily.org\\\/es\\\/#website\"},\"datePublished\":\"2024-03-27T18:40:27+00:00\",\"dateModified\":\"2026-03-23T18:08:48+00:00\",\"breadcrumb\":{\"@id\":\"https:\\\/\\\/mofamilytofamily.org\\\/es\\\/proximos-eventos\\\/#breadcrumb\"},\"inLanguage\":\"es\",\"potentialAction\":[{\"@type\":\"ReadAction\",\"target\":[\"https:\\\/\\\/mofamilytofamily.org\\\/es\\\/proximos-eventos\\\/\"]}]},{\"@type\":\"BreadcrumbList\",\"@id\":\"https:\\\/\\\/mofamilytofamily.org\\\/es\\\/proximos-eventos\\\/#breadcrumb\",\"itemListElement\":[{\"@type\":\"ListItem\",\"position\":1,\"name\":\"Home\",\"item\":\"https:\\\/\\\/mofamilytofamily.org\\\/es\\\/inicio\\\/\"},{\"@type\":\"ListItem\",\"position\":2,\"name\":\"Pr\u00f3ximos eventos\"}]},{\"@type\":\"WebSite\",\"@id\":\"https:\\\/\\\/mofamilytofamily.org\\\/es\\\/#website\",\"url\":\"https:\\\/\\\/mofamilytofamily.org\\\/es\\\/\",\"name\":\"Missouri Family to Family\",\"description\":\"Support. Empower. Engage.\",\"potentialAction\":[{\"@type\":\"SearchAction\",\"target\":{\"@type\":\"EntryPoint\",\"urlTemplate\":\"https:\\\/\\\/mofamilytofamily.org\\\/es\\\/?s={search_term_string}\"},\"query-input\":{\"@type\":\"PropertyValueSpecification\",\"valueRequired\":true,\"valueName\":\"search_term_string\"}}],\"inLanguage\":\"es\"}]}<\/script>\n<!-- \/ Yoast SEO plugin. -->","yoast_head_json":{"title":"Pr\u00f3ximos eventos - Missouri Family to Family","robots":{"index":"index","follow":"follow","max-snippet":"max-snippet:-1","max-image-preview":"max-image-preview:large","max-video-preview":"max-video-preview:-1"},"canonical":"https:\/\/mofamilytofamily.org\/es\/proximos-eventos\/","og_locale":"es_ES","og_type":"article","og_title":"Pr\u00f3ximos eventos - Missouri Family to Family","og_description":"Pr\u00f3ximos eventos25 de marzo de 2026 - CtLC Drop In 10 - 11 h CT virtual Las llamadas sin cita previa de Missouri para Trazar el Curso de la Vida son una oportunidad informal para hacer preguntas y obtener orientaci\u00f3n sobre el uso del marco y las herramientas de Trazar el Curso de la Vida. [&hellip;]","og_url":"https:\/\/mofamilytofamily.org\/es\/proximos-eventos\/","og_site_name":"Missouri Family to Family","article_modified_time":"2026-03-23T18:08:48+00:00","twitter_card":"summary_large_image","twitter_misc":{"Tiempo de lectura":"9 minutos"},"schema":{"@context":"https:\/\/schema.org","@graph":[{"@type":"WebPage","@id":"https:\/\/mofamilytofamily.org\/es\/proximos-eventos\/","url":"https:\/\/mofamilytofamily.org\/es\/proximos-eventos\/","name":"Pr\u00f3ximos eventos - Missouri Family to Family","isPartOf":{"@id":"https:\/\/mofamilytofamily.org\/es\/#website"},"datePublished":"2024-03-27T18:40:27+00:00","dateModified":"2026-03-23T18:08:48+00:00","breadcrumb":{"@id":"https:\/\/mofamilytofamily.org\/es\/proximos-eventos\/#breadcrumb"},"inLanguage":"es","potentialAction":[{"@type":"ReadAction","target":["https:\/\/mofamilytofamily.org\/es\/proximos-eventos\/"]}]},{"@type":"BreadcrumbList","@id":"https:\/\/mofamilytofamily.org\/es\/proximos-eventos\/#breadcrumb","itemListElement":[{"@type":"ListItem","position":1,"name":"Home","item":"https:\/\/mofamilytofamily.org\/es\/inicio\/"},{"@type":"ListItem","position":2,"name":"Pr\u00f3ximos eventos"}]},{"@type":"WebSite","@id":"https:\/\/mofamilytofamily.org\/es\/#website","url":"https:\/\/mofamilytofamily.org\/es\/","name":"Missouri Family to Family","description":"Support. Empower. Engage.","potentialAction":[{"@type":"SearchAction","target":{"@type":"EntryPoint","urlTemplate":"https:\/\/mofamilytofamily.org\/es\/?s={search_term_string}"},"query-input":{"@type":"PropertyValueSpecification","valueRequired":true,"valueName":"search_term_string"}}],"inLanguage":"es"}]}},"_links":{"self":[{"href":"https:\/\/mofamilytofamily.org\/es\/wp-json\/wp\/v2\/pages\/2951","targetHints":{"allow":["GET"]}}],"collection":[{"href":"https:\/\/mofamilytofamily.org\/es\/wp-json\/wp\/v2\/pages"}],"about":[{"href":"https:\/\/mofamilytofamily.org\/es\/wp-json\/wp\/v2\/types\/page"}],"author":[{"embeddable":true,"href":"https:\/\/mofamilytofamily.org\/es\/wp-json\/wp\/v2\/users\/3"}],"replies":[{"embeddable":true,"href":"https:\/\/mofamilytofamily.org\/es\/wp-json\/wp\/v2\/comments?post=2951"}],"version-history":[{"count":9,"href":"https:\/\/mofamilytofamily.org\/es\/wp-json\/wp\/v2\/pages\/2951\/revisions"}],"predecessor-version":[{"id":3069,"href":"https:\/\/mofamilytofamily.org\/es\/wp-json\/wp\/v2\/pages\/2951\/revisions\/3069"}],"wp:attachment":[{"href":"https:\/\/mofamilytofamily.org\/es\/wp-json\/wp\/v2\/media?parent=2951"}],"curies":[{"name":"wp","href":"https:\/\/api.w.org\/{rel}","templated":true}]}}